{"id":743917,"date":"2025-08-28T01:45:36","date_gmt":"2025-08-27T22:45:36","guid":{"rendered":"https:\/\/roveyayinevi.com.tr\/index.php\/urun\/moby-dick-yerkure-ve-denizkure-arasinda\/"},"modified":"2026-04-16T02:55:35","modified_gmt":"2026-04-15T23:55:35","slug":"moby-dick-yerkure-ve-denizkure-arasinda","status":"publish","type":"product","link":"https:\/\/roveyayinevi.com.tr\/index.php\/urun\/moby-dick-yerkure-ve-denizkure-arasinda\/","title":{"rendered":"Moby Dick Yerk\u00fcre ve Denizk\u00fcre Aras\u0131nda"},"content":{"rendered":"<p>Fantastik ser\u00fcvenler aras\u0131nda Melville\u2019in Moby Dick roman\u0131 anlat\u0131 ve \u00e7a\u011fr\u0131\u015f\u0131m zenginlikleri ile okurunu uzun bir yolculu\u011fa davet eder. G\u00f6r\u00fcn\u00fc\u015fte, Kaptan Ahab, bir kazada kendisini sakatlayan balinan\u0131n pe\u015fine d\u00fc\u015fm\u00fc\u015f ve engin sularda Moby Dick\u2019i aramaya koyulmu\u015ftur. Kaptan er veya ge\u00e7 Moby Dick\u2019i ele ge\u00e7irece\u011fini d\u00fc\u015f\u00fcn\u00fcr. Okyanusun u\u00e7suz bucaks\u0131zl\u0131\u011f\u0131 onun g\u00f6z\u00fcn\u00fc korkutmaz, \u00e7\u00fcnk\u00fc hi\u00e7bir \u015fey intikam arzusundan daha g\u00fc\u00e7l\u00fc de\u011fildir. Melville insan ve gizem dolu hayvan d\u00fcnyalar\u0131 aras\u0131nda kurdu\u011fu onca ili\u015fkide, esasen, \u201ckendi kendini zehirleyen\u201d, \u201canlam ve yarg\u0131lama kabiliyetini b\u00fct\u00fcn\u00fcyle yozla\u015ft\u0131ran\u201d h\u0131n\u00e7 duygusuyla birlikte en kadim duygu ve d\u00fc\u015f\u00fcnce haritalar\u0131na do\u011fru yol al\u0131r.   Yazar Mehmet Ayd\u0131n, Melville\u2019den hareketle edeb\u00ee tahlillerin bir ad\u0131m \u00f6tesine ge\u00e7er. Yerk\u00fcre ve denizk\u00fcre aras\u0131nda bir\u00e7ok efsaneyi s\u00fcsleyen, kutsal kitaplar\u0131n tasvir etti\u011fi, hayal d\u00fcnyalar\u0131na konu olmu\u015f, felsefenin iz s\u00fcrd\u00fc\u011f\u00fc ve modernlerin daima bir anlam aray\u0131\u015f\u0131nda oldu\u011fu meseleleri, ikilemleri ve \u00e7at\u0131\u015fmalar\u0131 bir roman etraf\u0131nda \u00e7\u00f6z\u00fcmler. \u0130nsanlar aras\u0131nda g\u00f6r\u00fcnen ve g\u00f6r\u00fcnmeyen ili\u015fkilere dikkat \u00e7eker. Her a\u015famada duygu birikimleri \u00e7o\u011fal\u0131r. Ya\u015fam \u00f6yk\u00fclerine umut ve trajediler eklenir. B\u00f6ylelikle kavramlar birbirini besler ve a\u00e7ar. Gelinen noktada ise, insan\u0131n g\u00fcc\u00fc ve g\u00fc\u00e7s\u00fczl\u00fc\u011f\u00fc farkl\u0131 ara\u00e7larla ve okumalarla deneyimlendi\u011fi gibi do\u011fa, \u00e7evre, etik, hayvanlar, kapitalizm, t\u00fcketim k\u00fclt\u00fcr\u00fc vb. konular, Moby Dick\u2019in perspektifinden, devasa bir balinan\u0131n g\u00f6z\u00fcnden bamba\u015fka bir boyuta ta\u015f\u0131nm\u0131\u015f olur. <\/p>\n","protected":false},"excerpt":{"rendered":"<p>Fantastik ser\u00fcvenler aras\u0131nda Melville\u2019in Moby Dick roman\u0131 anlat\u0131 ve \u00e7a\u011fr\u0131\u015f\u0131m zenginlikleri ile okurunu uzun bir yolculu\u011fa davet eder. G\u00f6r\u00fcn\u00fc\u015fte, Kaptan Ahab, bir kazada kendisini sakatlayan balinan\u0131n<span class=\"excerpt-hellip\"> [\u2026]<\/span><\/p>\n","protected":false},"featured_media":0,"template":"","meta":{"_monsterinsights_skip_tracking":false,"_monsterinsights_sitenote_active":false,"_monsterinsights_sitenote_note":"","_monsterinsights_sitenote_category":0},"product_brand":[],"product_cat":[12291,14777],"product_tag":[],"class_list":{"0":"post-743917","1":"product","2":"type-product","3":"status-publish","5":"product_cat-edebiyat","6":"product_cat-fantastik","7":"pa_cilt-ciltsiz","8":"pa_tur-kitap","9":"pa_yayinevi-dogu-bati-yayinlari","10":"pa_yazar-mehmet-aydin","12":"first","13":"instock","14":"sale","15":"shipping-taxable","16":"purchasable","17":"product-type-simple"},"_links":{"self":[{"href":"https:\/\/roveyayinevi.com.tr\/index.php\/wp-json\/wp\/v2\/product\/743917","targetHints":{"allow":["GET"]}}],"collection":[{"href":"https:\/\/roveyayinevi.com.tr\/index.php\/wp-json\/wp\/v2\/product"}],"about":[{"href":"https:\/\/roveyayinevi.com.tr\/index.php\/wp-json\/wp\/v2\/types\/product"}],"wp:attachment":[{"href":"https:\/\/roveyayinevi.com.tr\/index.php\/wp-json\/wp\/v2\/media?parent=743917"}],"wp:term":[{"taxonomy":"product_brand","embeddable":true,"href":"https:\/\/roveyayinevi.com.tr\/index.php\/wp-json\/wp\/v2\/product_brand?post=743917"},{"taxonomy":"product_cat","embeddable":true,"href":"https:\/\/roveyayinevi.com.tr\/index.php\/wp-json\/wp\/v2\/product_cat?post=743917"},{"taxonomy":"product_tag","embeddable":true,"href":"https:\/\/roveyayinevi.com.tr\/index.php\/wp-json\/wp\/v2\/product_tag?post=743917"}],"curies":[{"name":"wp","href":"https:\/\/api.w.org\/{rel}","templated":true}]}}