{"id":743916,"date":"2025-08-28T01:45:35","date_gmt":"2025-08-27T22:45:35","guid":{"rendered":"https:\/\/roveyayinevi.com.tr\/index.php\/urun\/elimi-tut-ogretmenim\/"},"modified":"2026-04-16T02:55:35","modified_gmt":"2026-04-15T23:55:35","slug":"elimi-tut-ogretmenim","status":"publish","type":"product","link":"https:\/\/roveyayinevi.com.tr\/index.php\/urun\/elimi-tut-ogretmenim\/","title":{"rendered":"Elimi Tut \u00d6\u011fretmenim"},"content":{"rendered":"<p>&#8230; \u0130smet hocam\u0131n k\u0131vrak kalemi ve naif \u00fcslubu ister istemez sizi hat\u0131ralar\u0131n i\u00e7ine \u00e7ekiyor. Bir \u00f6\u011frencinin sorununu \u00e7\u00f6zerken kendinizi yan\u0131 ba\u015f\u0131nda hissediyorsunuz. \u00d6n\u00fcne \u00e7\u0131kan engelleri a\u015farken onunla omuz omuza oluyorsunuz. \u0130lgisiz bir idareciye derdini anlatmaya \u00e7al\u0131\u015f\u0131rken siz adeta \u201cbu kadar da olmaz ki!\u201d diye isyan ediyorsunuz. Yar\u0131\u015fmada derece ald\u0131\u011f\u0131nda en \u00e7ok alk\u0131\u015flayan yine siz oluyorsunuz. Hele hele bir yar\u0131\u015fmada \u00f6\u011frencilerin verdi\u011fi cevaptaki ufac\u0131k bir kelime yer de\u011fi\u015fimini siz de fark edemedi\u011finiz i\u00e7in onunla birlikte sahneye atlay\u0131p j\u00fcrinin \u00fczerine y\u00fcr\u00fcyorsunuz.   \u0130\u00e7inizi burkan 12 Eyl\u00fcl ve ayaz\u0131nda bile boncuk boncuk terleten 28 \u015eubat bir seremoni halinde g\u00f6z\u00fcn\u00fcz\u00fcn \u00f6n\u00fcnden ge\u00e7iyor. Oyun i\u00e7inde oynanan oyunlar, matru\u015fka gibi bir daha haf\u0131zan\u0131zda yer ediyor.   En ac\u0131s\u0131 da \u201cElimi Tut \u00d6\u011fretmenim\u201d diye feryat eden Murat\u2019a yard\u0131m edememek sizi de kahrediyor. Elinizden u\u00e7up giden Sevtap\u2019lara \u00fcz\u00fcl\u00fcyorsunuz. Ya G\u00fcl\u2019\u00fcn\u00fcz\u00fcn annesine yazd\u0131\u011f\u0131 mektup\u2026 Bir aile dram\u0131n\u0131 iliklerinize kadar hissediyorsunuz. Elinizden bir \u015fey gelmese de g\u00f6z\u00fcn\u00fczden gelen ya\u015flarla\u2026   \u0130\u015fte \u00f6rnek bir \u00f6\u011fretmenin ibretlik \u00fc\u00e7 be\u015f hat\u0131ras\u0131 bu \u015fekilde bir film \u015feridi gibi ak\u0131p gidiyor. Yaz\u0131lmayanlar, yaz\u0131lamayanlar da d\u00fc\u015f\u00fcn\u00fcld\u00fc\u011f\u00fcnde aysbergin sadece su y\u00fcz\u00fcne \u00e7\u0131kabilmi\u015f k\u0131sm\u0131n\u0131 g\u00f6r\u00fcp yetiniyorsunuz.   \u201cYazmak bir ihtiya\u00e7tan do\u011far. Dolan bo\u015fal\u0131r. \u0130nsan d\u00fc\u015f\u00fcnce ve duygu bak\u0131m\u0131ndan doldu\u011fu anlarda anlatma ihtiyac\u0131 duyar.\u201d diyor \u0130smet Hoca\u2026 &#8230;   Halit Y\u0131ld\u0131r\u0131m <\/p>\n","protected":false},"excerpt":{"rendered":"<p>&#8230; \u0130smet hocam\u0131n k\u0131vrak kalemi ve naif \u00fcslubu ister istemez sizi hat\u0131ralar\u0131n i\u00e7ine \u00e7ekiyor. Bir \u00f6\u011frencinin sorununu \u00e7\u00f6zerken kendinizi yan\u0131 ba\u015f\u0131nda hissediyorsunuz. \u00d6n\u00fcne \u00e7\u0131kan engelleri a\u015farken<span class=\"excerpt-hellip\"> [\u2026]<\/span><\/p>\n","protected":false},"featured_media":0,"template":"","meta":{"_monsterinsights_skip_tracking":false,"_monsterinsights_sitenote_active":false,"_monsterinsights_sitenote_note":"","_monsterinsights_sitenote_category":0},"product_brand":[],"product_cat":[13701,12291],"product_tag":[],"class_list":{"0":"post-743916","1":"product","2":"type-product","3":"status-publish","5":"product_cat-ani-mektup-gunluk","6":"product_cat-edebiyat","7":"pa_cilt-ciltsiz","8":"pa_tur-kitap","9":"pa_yayinevi-gulnar-yayinlari","10":"pa_yazar-ismet-erdal","12":"first","13":"instock","14":"sale","15":"shipping-taxable","16":"purchasable","17":"product-type-simple"},"_links":{"self":[{"href":"https:\/\/roveyayinevi.com.tr\/index.php\/wp-json\/wp\/v2\/product\/743916","targetHints":{"allow":["GET"]}}],"collection":[{"href":"https:\/\/roveyayinevi.com.tr\/index.php\/wp-json\/wp\/v2\/product"}],"about":[{"href":"https:\/\/roveyayinevi.com.tr\/index.php\/wp-json\/wp\/v2\/types\/product"}],"wp:attachment":[{"href":"https:\/\/roveyayinevi.com.tr\/index.php\/wp-json\/wp\/v2\/media?parent=743916"}],"wp:term":[{"taxonomy":"product_brand","embeddable":true,"href":"https:\/\/roveyayinevi.com.tr\/index.php\/wp-json\/wp\/v2\/product_brand?post=743916"},{"taxonomy":"product_cat","embeddable":true,"href":"https:\/\/roveyayinevi.com.tr\/index.php\/wp-json\/wp\/v2\/product_cat?post=743916"},{"taxonomy":"product_tag","embeddable":true,"href":"https:\/\/roveyayinevi.com.tr\/index.php\/wp-json\/wp\/v2\/product_tag?post=743916"}],"curies":[{"name":"wp","href":"https:\/\/api.w.org\/{rel}","templated":true}]}}