{"id":743911,"date":"2025-08-28T01:45:30","date_gmt":"2025-08-27T22:45:30","guid":{"rendered":"https:\/\/roveyayinevi.com.tr\/index.php\/urun\/penis-a-s\/"},"modified":"2026-04-16T02:55:35","modified_gmt":"2026-04-15T23:55:35","slug":"penis-a-s","status":"publish","type":"product","link":"https:\/\/roveyayinevi.com.tr\/index.php\/urun\/penis-a-s\/","title":{"rendered":"Penis A.\u015e"},"content":{"rendered":"<p>\u0130nsan v\u00fccudunda en me\u015fhur en medyatik hakk\u0131nda en \u00e7ok konu\u015fulan organHikayelerden, heykellerden ve mitolojik karakterlerden tan\u0131d\u0131\u011f\u0131m\u0131z organ Kendine ait bir zihni oldu\u011funu d\u00fc\u015f\u00fcnd\u00fc\u011f\u00fcm\u00fcz organ B\u00fcy\u00fckl\u00fc\u011f\u00fc, k\u00fc\u00e7\u00fckl\u00fc\u011f\u00fc, kal\u0131nl\u0131\u011f\u0131 ve inceli\u011fi en \u00e7ok dert edilen organ En \u00e7ok sevilen veya en \u00e7ok nefret edilen organ \u00c7al\u0131\u015f\u0131p \u00e7al\u0131\u015fmad\u0131\u011f\u0131 en \u00e7ok kontrol edilen organ \u00c7al\u0131\u015fmamas\u0131na \u2018iktidars\u0131zl\u0131k\u2019 denilecek kadar \u00f6nem verilen organ PEN\u0130S Yukar\u0131da bahsetti\u011fim ve bahsetmedi\u011fim t\u00fcm bilgiler bu kitab\u0131n yaz\u0131lma sebebidir. En me\u015fhur organ\u0131n kendine ait kitab\u0131 olmas\u0131 ka\u00e7\u0131n\u0131lmaz. Bu nedenle bu kitap penis ile ilgili ne ilk ne de son kitap olacakt\u0131r. Karde\u015f kitap Vajina A.\u015e\u2019de oldu\u011fu gibi s\u00f6zlerimizi, d\u00fc\u015f\u00fcncelerimizi ve bilimsel verileri yaz\u0131ya aktarabildi\u011fimiz kadar bu kitapta payla\u015ft\u0131k. Yal\u0131n, sade ve anla\u015f\u0131l\u0131r olmas\u0131 benim i\u00e7in \u00e7ok \u00f6nemliydi. Umar\u0131m ba\u015farabilmi\u015fizdir. Op. Dr. Berk Karata\u015f <\/p>\n","protected":false},"excerpt":{"rendered":"<p>\u0130nsan v\u00fccudunda en me\u015fhur en medyatik hakk\u0131nda en \u00e7ok konu\u015fulan organHikayelerden, heykellerden ve mitolojik karakterlerden tan\u0131d\u0131\u011f\u0131m\u0131z organ Kendine ait bir zihni oldu\u011funu d\u00fc\u015f\u00fcnd\u00fc\u011f\u00fcm\u00fcz organ B\u00fcy\u00fckl\u00fc\u011f\u00fc, k\u00fc\u00e7\u00fckl\u00fc\u011f\u00fc,<span class=\"excerpt-hellip\"> [\u2026]<\/span><\/p>\n","protected":false},"featured_media":0,"template":"","meta":{"_monsterinsights_skip_tracking":false,"_monsterinsights_sitenote_active":false,"_monsterinsights_sitenote_note":"","_monsterinsights_sitenote_category":0},"product_brand":[],"product_cat":[13366,13365],"product_tag":[],"class_list":{"0":"post-743911","1":"product","2":"type-product","3":"status-publish","5":"product_cat-diger-saglik","6":"product_cat-saglik","7":"pa_cilt-ciltsiz","8":"pa_tur-kitap","9":"pa_yayinevi-bambuk-yayinevi","10":"pa_yazar-berk-karatas-osman-erdogan","12":"first","13":"instock","14":"sale","15":"shipping-taxable","16":"purchasable","17":"product-type-simple"},"_links":{"self":[{"href":"https:\/\/roveyayinevi.com.tr\/index.php\/wp-json\/wp\/v2\/product\/743911","targetHints":{"allow":["GET"]}}],"collection":[{"href":"https:\/\/roveyayinevi.com.tr\/index.php\/wp-json\/wp\/v2\/product"}],"about":[{"href":"https:\/\/roveyayinevi.com.tr\/index.php\/wp-json\/wp\/v2\/types\/product"}],"wp:attachment":[{"href":"https:\/\/roveyayinevi.com.tr\/index.php\/wp-json\/wp\/v2\/media?parent=743911"}],"wp:term":[{"taxonomy":"product_brand","embeddable":true,"href":"https:\/\/roveyayinevi.com.tr\/index.php\/wp-json\/wp\/v2\/product_brand?post=743911"},{"taxonomy":"product_cat","embeddable":true,"href":"https:\/\/roveyayinevi.com.tr\/index.php\/wp-json\/wp\/v2\/product_cat?post=743911"},{"taxonomy":"product_tag","embeddable":true,"href":"https:\/\/roveyayinevi.com.tr\/index.php\/wp-json\/wp\/v2\/product_tag?post=743911"}],"curies":[{"name":"wp","href":"https:\/\/api.w.org\/{rel}","templated":true}]}}