{"id":743910,"date":"2025-08-28T01:45:29","date_gmt":"2025-08-27T22:45:29","guid":{"rendered":"https:\/\/roveyayinevi.com.tr\/index.php\/urun\/say-doya-doya\/"},"modified":"2026-04-15T03:06:17","modified_gmt":"2026-04-15T00:06:17","slug":"say-doya-doya","status":"publish","type":"product","link":"https:\/\/roveyayinevi.com.tr\/index.php\/urun\/say-doya-doya\/","title":{"rendered":"Say Doya Doya"},"content":{"rendered":"<p>Birlikte yar\u0131\u015f noktalarla, Say parmaklar\u0131nla doya doya, Matematik hep yan\u0131nda&#8230;   De\u011ferli akademisyenler Burak Karabey ve Saniye Bencik Kangal, \u201cparmak fark\u0131ndal\u0131\u011f\u0131\u201d kavram\u0131 i\u00e7in bir araya geldiler ve e\u015fzamanl\u0131 sunduklar\u0131 Noktagiller adl\u0131 \u00f6yk\u00fc kitab\u0131yla da el ele tutu\u015fabilecek bir etkinlik kitab\u0131 tasarlad\u0131lar. Al\u0131\u015f\u0131lageldik matematik etkinliklerinden farkl\u0131 olarak bu \u00e7al\u0131\u015fma, \u00e7ocu\u011fun yaln\u0131zca parmaklar\u0131n\u0131 kullanarak matematikle temelleri sa\u011flam bir ili\u015fki ba\u015flatabilmesini ama\u00e7l\u0131yor. Sayma veya matematiksel i\u015flemler esnas\u0131nda parmaklar\u0131 kullanman\u0131n erken d\u00f6nemdeki \u00f6\u011frenmeye olan \u00f6nemli katk\u0131s\u0131 bilimsel ara\u015ft\u0131rmalarla da destekleniyorken tek yapmam\u0131z gereken, \u00e7ocuklar\u0131m\u0131zla vakit ge\u00e7irirken k\u00fc\u00e7\u00fck, renkli parmak oyunlar\u0131na da bir \u015fans vermek\u2026   *** Say\u0131lar\u0131n d\u00fcnyas\u0131n\u0131 ke\u015ffetmek i\u00e7in parmaklar\u0131m\u0131z bize yeter. \u015eimdi k\u0131p\u0131rdas\u0131n o yumu\u015fac\u0131k eller\u2026   Etkinlik kitab\u0131m\u0131zda \u00e7ocuklar\u0131m\u0131z\u0131n, parmaklar\u0131n\u0131 kullanarak say\u0131lar\u0131n d\u00fcnyas\u0131n\u0131 ke\u015ffetmesini sa\u011flamaya \u00e7al\u0131\u015ft\u0131k. Bunun i\u00e7in ise \u00f6zel matematik etkinliklerine, kitaplar\u0131na de\u011fil, sadece parmaklar\u0131n\u0131za ihtiyac\u0131n\u0131z var. \u0130ki eliniz ve on parma\u011f\u0131n\u0131zla matemati\u011fin temelini ataca\u011f\u0131n\u0131z\u0131 iddia ediyor ve \u201cParmaklar\u0131n\u0131 saklama, oyunca\u011f\u0131n hep yan\u0131nda\u201d diyoruz. Abak\u00fcs m\u00fc laz\u0131m? Kald\u0131r\u0131n ellerinizi. Oyun mu gerek? A\u00e7\u0131n parmaklar\u0131n\u0131z\u0131. Haydi ba\u015flayal\u0131m.   Tema: Kendimizi d\u00fczenleme bi\u00e7imimiz Kavramlar ve Anahtar S\u00f6zc\u00fckler:  Matematik, parmak, nokta, sayma, tane, e\u015fle\u015ftirme, g\u00f6sterme, B\u0130L\u0130M VE TEKNOLOJ\u0130, yarat\u0131c\u0131l\u0131k, merak, oyun, hayal g\u00fcc\u00fc, \u00c7OCUK D\u00dcNYASI, d\u00fczen, etkinlik   K\u0130TAPTAN A\u015fa\u011f\u0131daki resimlere bak ve ka\u00e7 tane parma\u011f\u0131n boyal\u0131 oldu\u011funu s\u00f6yle. Sen de parmaklar\u0131n\u0131 a\u00e7arak ka\u00e7 oldu\u011funu g\u00f6ster. *** A\u015fa\u011f\u0131daki sorular\u0131n yan\u0131tlar\u0131n\u0131 parma\u011f\u0131nla g\u00f6ster. Yan\u0131t say\u0131s\u0131 kadar parma\u011f\u0131 boya ve kutunun i\u00e7ine ayn\u0131 say\u0131da nokta koy. (Sorular\u0131 yeti\u015fkin okumal\u0131d\u0131r.) *** Sol taraftaki kutuda da\u011f\u0131n\u0131k olarak verilmi\u015f noktalar\u0131 say. Ayn\u0131 say\u0131daki noktay\u0131 ortadaki kutunun i\u00e7inde d\u00fczenli olarak boya ve parmaklar\u0131nla g\u00f6ster. Daha sonra nokta say\u0131s\u0131 kadar parma\u011f\u0131 boya. *** A\u015fa\u011f\u0131daki bo\u015f sayfaya ellerinin kal\u0131b\u0131n\u0131 \u00e7iz. \u0130stedi\u011fin kadar parma\u011f\u0131n\u0131 boya, noktalarla g\u00f6ster.   *** ANNE BABAYA SATIRLAR \u201cHaydi bakal\u0131m, ka\u00e7 taneymi\u015f sayal\u0131m. 1-2-3\u2026\u201d Merhaba. Yukar\u0131daki c\u00fcmleyi kurmayan anne baba var m\u0131d\u0131r acaba? Ebeveyn olduktan sonra \u00e7ocu\u011funuzla birlikte parmaklar\u0131n\u0131z\u0131, mutfak masas\u0131ndaki elmalar\u0131, \u00e7i\u00e7eklerin yapraklar\u0131n\u0131, odas\u0131ndaki kitaplar\u0131, kitaplardaki nesneleri hatta ve hatta g\u00f6ky\u00fcz\u00fcndeki y\u0131ld\u0131zlar\u0131 sayd\u0131n\u0131z m\u0131 hi\u00e7? Evet dedi\u011finizi duyar gibiyiz. O halde bir sorumuz daha var. Neden sayd\u0131n\u0131z? Say\u0131lar\u0131 \u00f6\u011fretmek i\u00e7in mi? Keyifli vakit ge\u00e7irmek i\u00e7in mi? Oyalanmak i\u00e7in mi? San\u0131r\u0131m bunun cevab\u0131n\u0131 duyamayaca\u011f\u0131z. En az\u0131ndan \u015fimdilik. \u00c7ocuklar\u0131m\u0131zla sayma etkinlikleri yapt\u0131\u011f\u0131m\u0131zda, bilerek ya da bilmeyerek, asl\u0131nda onlar\u0131n geli\u015fimine katk\u0131da bulunuyoruz. Alt\u0131 ayl\u0131k bebeklerle yap\u0131lan bilimsel \u00e7al\u0131\u015fmalarda, yani daha konu\u015fmay\u0131 bile \u00f6\u011frenmemi\u015flerken, \u00e7ocuklar\u0131n \u00e7okluk ve b\u00fcy\u00fckl\u00fck kavramlar\u0131na sahip olduklar\u0131 g\u00f6r\u00fclm\u00fc\u015ft\u00fcr. Bir bebe\u011fin alt\u0131 ayl\u0131kken hen\u00fcz \u00e7ok az deneyimsel bilgi edindi\u011fi d\u00fc\u015f\u00fcn\u00fcl\u00fcrse matematiksel bir \u00e7oklu\u011fa karar verebilmesi ne kadar ilgin\u00e7, de\u011fil mi? (\u2026) Yazarlar Hakk\u0131nda:   Do\u00e7. Dr. Burak Karabey, lisans e\u011fitimini 2001 y\u0131l\u0131nda Dokuz Eyl\u00fcl \u00dcniversitesi Buca E\u011fitim Fak\u00fcltesi Matematik E\u011fitimi B\u00f6l\u00fcm\u00fc\u2019nde tamamlam\u0131\u015ft\u0131r. Y\u00fcksek lisans derecesini Dokuz Eyl\u00fcl \u00dcniversitesi Matematik B\u00f6l\u00fcm\u00fc\u2019nde, doktora derecesini ise ayn\u0131 \u00fcniversitede E\u011fitim Bilimleri Enstit\u00fcs\u00fc \u0130lk\u00f6\u011fretim Matematik E\u011fitimi Doktora Program\u0131\u2019nda \u201c\u00dcst\u00fcn Yetenekli \u00d6\u011frencilerin Yarat\u0131c\u0131 Problem \u00c7\u00f6zme ve Ele\u015ftirel D\u00fc\u015f\u00fcnme Eri\u015fi D\u00fczeylerinin Belirlenmesi\u201d konulu teziyle alm\u0131\u015ft\u0131r.   2004-2010 y\u0131llar\u0131 aras\u0131nda \u0130lk\u00f6\u011fretim Matematik E\u011fitimi Anabilim Dal\u0131\u2019nda \u00f6\u011fretim g\u00f6revlisi olarak \u00e7al\u0131\u015fm\u0131\u015ft\u0131r. Daha sonra 2011 y\u0131l\u0131nda \u00d6zel E\u011fitim B\u00f6l\u00fcm\u00fc\u2019nde yard\u0131mc\u0131 do\u00e7ent olarak g\u00f6reve ba\u015flam\u0131\u015f ve \u00dcst\u00fcn Zek\u00e2l\u0131lar E\u011fitimi Anabilim Dal\u0131\u2019n\u0131n kurucu ba\u015fkan\u0131 olarak g\u00f6revine devam etmi\u015ftir. 2010-2015 y\u0131llar\u0131 aras\u0131nda Avrupa Birli\u011fi Erasmus Program\u0131 taraf\u0131ndan desteklenen farkl\u0131 bir\u00e7ok projede T\u00fcrkiye orta\u011f\u0131 olarak yer alm\u0131\u015f ve \u00e7ok say\u0131da \u00f6\u011fretmen e\u011fitimi ger\u00e7ekle\u015ftirmi\u015ftir. Yarat\u0131c\u0131l\u0131k, yarat\u0131c\u0131 problem \u00e7\u00f6zme, matematik e\u011fitimi, \u00fcst\u00fcn zek\u00e2\/yetenek, sosyal kabul ve entegrasyon konular\u0131nda \u00e7al\u0131\u015fmalarda bulunmu\u015ftur. \u00dcst\u00fcn zek\u00e2\/yetenekli bireylerin e\u011fitimlerine y\u00f6nelik aktif olarak faaliyet g\u00f6stermekte, \u00fcniversitede e\u011fitim almalar\u0131 \u00fczerine programlar y\u00fcr\u00fctmekte ve disiplinler aras\u0131 bir \u00e7al\u0131\u015fma grubuyla \u00f6zel yetenekli \u00f6\u011frencilere y\u00f6nelik STEAM temelli etkinlikler ve programlar \u00fczerine \u00e7al\u0131\u015fmaktad\u0131r.   Do\u00e7. Dr. Saniye Bencik Kangal, 2003 y\u0131l\u0131nda Hacettepe \u00dcniversitesi \u00c7ocuk Geli\u015fimi ve E\u011fitimi B\u00f6l\u00fcm\u00fcnden mezun olmu\u015ftur. 2011 y\u0131l\u0131nda \u00f6\u011fretim g\u00f6revlisi, 2014 y\u0131l\u0131nda yard\u0131mc\u0131 do\u00e7ent, 2017 y\u0131l\u0131nda do\u00e7ent unvanlar\u0131n\u0131 alm\u0131\u015ft\u0131r. Korkma! \u0130yi Bir Annesin, Oyunperest, Evlat, Sana Kek Yapt\u0131m, D\u00fcnya Kadar \u00c7ocuk, Kakaloji, Kakademi, Kakazoo, \u00c7ocu\u011fumun Beyninde Neler Oluyor? ve Balyanaklar \u0130\u00e7in Mahremiyet Kitab\u0131 adl\u0131 yay\u0131mlanm\u0131\u015f kitaplar\u0131 vard\u0131r. Halen Hacettepe \u00dcniversitesi Sa\u011fl\u0131k Bilimleri Fak\u00fcltesi \u00c7ocuk Geli\u015fimi B\u00f6l\u00fcm\u00fcnde \u00f6\u011fretim \u00fcyesi olarak g\u00f6rev yapmaktad\u0131r. \u00c7ocuk edebiyat\u0131, \u00e7ocuk ve oyun, bebeklik ve okul \u00f6ncesi d\u00f6nemdeki normal ve \u00f6zel gereksinimli \u00e7ocuklar\u0131n geli\u015fimleri konular\u0131nda ara\u015ft\u0131rmalar y\u00fcr\u00fctmekte, teorik ve pratik \u00e7al\u0131\u015fmalar yapmaktad\u0131r. <\/p>\n","protected":false},"excerpt":{"rendered":"<p>Birlikte yar\u0131\u015f noktalarla, Say parmaklar\u0131nla doya doya, Matematik hep yan\u0131nda&#8230; De\u011ferli akademisyenler Burak Karabey ve Saniye Bencik Kangal, \u201cparmak fark\u0131ndal\u0131\u011f\u0131\u201d kavram\u0131 i\u00e7in bir araya geldiler ve<span class=\"excerpt-hellip\"> [\u2026]<\/span><\/p>\n","protected":false},"featured_media":0,"template":"","meta":{"_monsterinsights_skip_tracking":false,"_monsterinsights_sitenote_active":false,"_monsterinsights_sitenote_note":"","_monsterinsights_sitenote_category":0},"product_brand":[],"product_cat":[12274,15842],"product_tag":[],"class_list":{"0":"post-743910","1":"product","2":"type-product","3":"status-publish","5":"product_cat-cocuk-ve-genclik-kitaplari","6":"product_cat-egitici-kitaplar","7":"pa_cilt-ciltsiz","8":"pa_tur-kitap","9":"pa_yayinevi-turta-kitap","10":"pa_yazar-saniye-bencik-kangal-burak-karabey","12":"first","13":"instock","14":"sale","15":"shipping-taxable","16":"purchasable","17":"product-type-simple"},"_links":{"self":[{"href":"https:\/\/roveyayinevi.com.tr\/index.php\/wp-json\/wp\/v2\/product\/743910","targetHints":{"allow":["GET"]}}],"collection":[{"href":"https:\/\/roveyayinevi.com.tr\/index.php\/wp-json\/wp\/v2\/product"}],"about":[{"href":"https:\/\/roveyayinevi.com.tr\/index.php\/wp-json\/wp\/v2\/types\/product"}],"wp:attachment":[{"href":"https:\/\/roveyayinevi.com.tr\/index.php\/wp-json\/wp\/v2\/media?parent=743910"}],"wp:term":[{"taxonomy":"product_brand","embeddable":true,"href":"https:\/\/roveyayinevi.com.tr\/index.php\/wp-json\/wp\/v2\/product_brand?post=743910"},{"taxonomy":"product_cat","embeddable":true,"href":"https:\/\/roveyayinevi.com.tr\/index.php\/wp-json\/wp\/v2\/product_cat?post=743910"},{"taxonomy":"product_tag","embeddable":true,"href":"https:\/\/roveyayinevi.com.tr\/index.php\/wp-json\/wp\/v2\/product_tag?post=743910"}],"curies":[{"name":"wp","href":"https:\/\/api.w.org\/{rel}","templated":true}]}}