{"id":743909,"date":"2025-08-28T01:45:27","date_gmt":"2025-08-27T22:45:27","guid":{"rendered":"https:\/\/roveyayinevi.com.tr\/index.php\/urun\/noktagiller\/"},"modified":"2026-04-16T02:55:35","modified_gmt":"2026-04-15T23:55:35","slug":"noktagiller","status":"publish","type":"product","link":"https:\/\/roveyayinevi.com.tr\/index.php\/urun\/noktagiller\/","title":{"rendered":"Noktagiller"},"content":{"rendered":"<p>Birlikte yar\u0131\u015f noktalarla, Say parmaklar\u0131nla doya doya, Matematik hep yan\u0131nda&#8230;   De\u011ferli akademisyenler Saniye Bencik Kangal ve Burak Karabey, \u00e7ocuklar\u0131n erken \u00e7ocukluk d\u00f6neminde matematikle bulu\u015fup keyifli zaman ge\u00e7irmeleri i\u00e7in bir araya geldi ve Noktagiller ortaya \u00e7\u0131kt\u0131. E\u015fzamanl\u0131 sunduklar\u0131 Say Doya Doya adl\u0131 etkinlik kitab\u0131yla da el ele tutu\u015fabilecek bu \u00e7al\u0131\u015fma, hik\u00e2yesi ve i\u00e7erdi\u011fi iki k\u00fc\u00e7\u00fck etkinlikle \u00e7ocuklar\u0131 matematikle tan\u0131\u015ft\u0131r\u0131rken bireysellik, yarat\u0131c\u0131l\u0131k ve tak\u0131m \u00e7al\u0131\u015fmas\u0131 gibi konulara da e\u011filiyor. *** Noktagiller \u00fclkesine ho\u015f geldin! Bu \u00fclkede ya\u015fayan herkes birer nokta ve ayn\u0131 b\u00fcy\u00fckl\u00fckte. \u0130simleri de \u201cNokta\u201d s\u00f6zc\u00fc\u011f\u00fcyle ba\u015fl\u0131yor. Peki birbirlerini nas\u0131l ay\u0131rt ediyorlar acaba? Noktagiller, sayfalar\u0131n aras\u0131nda seni bekliyor. Haydi sen de kat\u0131l onlara!   Tema: Kendimizi d\u00fczenleme bi\u00e7imimiz Kavramlar ve Anahtar S\u00f6zc\u00fckler:  Matematik, nokta, geometrik \u015fekiller, sayma, tane, B\u0130L\u0130M VE TEKNOLOJ\u0130, yarat\u0131c\u0131l\u0131k, ke\u015fif, merak, oyun, hayal g\u00fcc\u00fc, \u00c7OCUK D\u00dcNYASI, d\u00fczen K\u0130TAPTAN Noktagiller \u00fclkesinde y\u0131l\u0131n en heyecanl\u0131 zamanlar\u0131 ya\u015fan\u0131yordu \u00e7\u00fcnk\u00fc \u201cD\u00fczenli Noktalar Yar\u0131\u015fmas\u0131\u201dna say\u0131l\u0131 g\u00fcnler kalm\u0131\u015ft\u0131. Okul panosundaki afi\u015fe merakla bakan Noktali, Noktalya ve Noktag\u00fcl yar\u0131\u015fmaya \u00e7ok az kald\u0131\u011f\u0131n\u0131 d\u00fc\u015f\u00fcnerek okul bah\u00e7esine do\u011fru yuvarland\u0131lar. Al\u0131\u015ft\u0131rma yapmak istiyorlard\u0131. \u015eapkalar\u0131n\u0131 \u00e7\u0131kar\u0131p hemen oynamaya ba\u015flad\u0131lar. Asl\u0131nda oyun \u00e7ok basitti. \u00d6nce da\u011f\u0131n\u0131k duruyorlard\u0131. Sonra d\u00fczenli. *** Haydi gel, yar\u0131\u015fma \u00f6ncesi tak\u0131ma ipucu verelim. A\u015fa\u011f\u0131daki kutucuklar\u0131n i\u00e7ine sadece \u00fc\u00e7 nokta kullanarak d\u00fczenli noktalar \u00e7iz ve tak\u0131ma destek ol.   *** Bu heyecanl\u0131 ve yo\u011fun g\u00fcn\u00fcn ard\u0131ndan Tezyuvarlar \u015fampiyonluk kupas\u0131n\u0131 havaya kald\u0131rd\u0131 ancak g\u00f6zleri H\u0131zyuvarlar\u2019a tak\u0131lm\u0131\u015ft\u0131. Yorgun ve \u00fczg\u00fcn g\u00f6r\u00fcn\u00fcyorlard\u0131. Arkada\u015flar\u0131n\u0131n kaybetti\u011fi yerde kazanan olmak zordu. Noktalya, \u201cHey, H\u0131zyuvarlar tak\u0131m\u0131! Siz olmasayd\u0131n\u0131z bu yar\u0131\u015fmay\u0131 yapamazd\u0131k. \u00c7ok da ba\u015far\u0131l\u0131yd\u0131n\u0131z. Haydi gelin, \u015fu kupay\u0131 birlikte kald\u0131ral\u0131m\u201d deyince H\u0131zyuvarlar\u2019\u0131n g\u00f6zleri mutluluk p\u0131r\u0131lt\u0131lar\u0131yla doldu. Tezyuvarlar\u2019a do\u011fru yuvarland\u0131lar ve hep birlikte tekerlemelerini s\u00f6ylemeye devam ettiler. *** Tak\u0131ma ulusal \u015fampiyona i\u00e7in ipucu vermeye ne dersin? Ama bu sefer be\u015f nokta olduklar\u0131n\u0131 ve d\u00fczenli noktalar \u00e7izerken tekerlemeyi s\u00f6ylemen gerekti\u011fini sak\u0131n unutma.   Yazarlar Hakk\u0131nda:   Do\u00e7. Dr. Saniye Bencik Kangal, 2003 y\u0131l\u0131nda Hacettepe \u00dcniversitesi \u00c7ocuk Geli\u015fimi ve E\u011fitimi B\u00f6l\u00fcm\u00fcnden mezun olmu\u015ftur. 2011 y\u0131l\u0131nda \u00f6\u011fretim g\u00f6revlisi, 2014 y\u0131l\u0131nda yard\u0131mc\u0131 do\u00e7ent, 2017 y\u0131l\u0131nda do\u00e7ent unvanlar\u0131n\u0131 alm\u0131\u015ft\u0131r. Korkma! \u0130yi Bir Annesin, Oyunperest, Evlat, Sana Kek Yapt\u0131m, D\u00fcnya Kadar \u00c7ocuk, Kakaloji, Kakademi, Kakazoo, \u00c7ocu\u011fumun Beyninde Neler Oluyor? ve Balyanaklar \u0130\u00e7in Mahremiyet Kitab\u0131 adl\u0131 yay\u0131mlanm\u0131\u015f kitaplar\u0131 vard\u0131r. Halen Hacettepe \u00dcniversitesi Sa\u011fl\u0131k Bilimleri Fak\u00fcltesi \u00c7ocuk Geli\u015fimi B\u00f6l\u00fcm\u00fcnde \u00f6\u011fretim \u00fcyesi olarak g\u00f6rev yapmaktad\u0131r. \u00c7ocuk edebiyat\u0131, \u00e7ocuk ve oyun, bebeklik ve okul \u00f6ncesi d\u00f6nemdeki normal ve \u00f6zel gereksinimli \u00e7ocuklar\u0131n geli\u015fimleri konular\u0131nda ara\u015ft\u0131rmalar y\u00fcr\u00fctmekte, teorik ve pratik \u00e7al\u0131\u015fmalar yapmaktad\u0131r. Do\u00e7. Dr. Burak Karabey, lisans e\u011fitimini 2001 y\u0131l\u0131nda Dokuz Eyl\u00fcl \u00dcniversitesi Buca E\u011fitim Fak\u00fcltesi Matematik E\u011fitimi B\u00f6l\u00fcm\u00fc\u2019nde tamamlam\u0131\u015ft\u0131r. Y\u00fcksek lisans derecesini Dokuz Eyl\u00fcl \u00dcniversitesi Matematik B\u00f6l\u00fcm\u00fc\u2019nde, doktora derecesini ise ayn\u0131 \u00fcniversitede E\u011fitim Bilimleri Enstit\u00fcs\u00fc \u0130lk\u00f6\u011fretim Matematik E\u011fitimi Doktora Program\u0131\u2019nda \u201c\u00dcst\u00fcn Yetenekli \u00d6\u011frencilerin Yarat\u0131c\u0131 Problem \u00c7\u00f6zme ve Ele\u015ftirel D\u00fc\u015f\u00fcnme Eri\u015fi D\u00fczeylerinin Belirlenmesi\u201d konulu teziyle alm\u0131\u015ft\u0131r.   2004-2010 y\u0131llar\u0131 aras\u0131nda \u0130lk\u00f6\u011fretim Matematik E\u011fitimi Anabilim Dal\u0131\u2019nda \u00f6\u011fretim g\u00f6revlisi olarak \u00e7al\u0131\u015fm\u0131\u015ft\u0131r. Daha sonra 2011 y\u0131l\u0131nda \u00d6zel E\u011fitim B\u00f6l\u00fcm\u00fc\u2019nde yard\u0131mc\u0131 do\u00e7ent olarak g\u00f6reve ba\u015flam\u0131\u015f ve \u00dcst\u00fcn Zek\u00e2l\u0131lar E\u011fitimi Anabilim Dal\u0131\u2019n\u0131n kurucu ba\u015fkan\u0131 olarak g\u00f6revine devam etmi\u015ftir. 2010-2015 y\u0131llar\u0131 aras\u0131nda Avrupa Birli\u011fi Erasmus Program\u0131 taraf\u0131ndan desteklenen farkl\u0131 bir\u00e7ok projede T\u00fcrkiye orta\u011f\u0131 olarak yer alm\u0131\u015f ve \u00e7ok say\u0131da \u00f6\u011fretmen e\u011fitimi ger\u00e7ekle\u015ftirmi\u015ftir. Yarat\u0131c\u0131l\u0131k, yarat\u0131c\u0131 problem \u00e7\u00f6zme, matematik e\u011fitimi, \u00fcst\u00fcn zek\u00e2\/yetenek, sosyal kabul ve entegrasyon konular\u0131nda \u00e7al\u0131\u015fmalarda bulunmu\u015ftur. \u00dcst\u00fcn zek\u00e2\/yetenekli bireylerin e\u011fitimlerine y\u00f6nelik aktif olarak faaliyet g\u00f6stermekte, \u00fcniversitede e\u011fitim almalar\u0131 \u00fczerine programlar y\u00fcr\u00fctmekte ve disiplinler aras\u0131 bir \u00e7al\u0131\u015fma grubuyla \u00f6zel yetenekli \u00f6\u011frencilere y\u00f6nelik STEAM temelli etkinlikler ve programlar \u00fczerine \u00e7al\u0131\u015fmaktad\u0131r. <\/p>\n","protected":false},"excerpt":{"rendered":"<p>Birlikte yar\u0131\u015f noktalarla, Say parmaklar\u0131nla doya doya, Matematik hep yan\u0131nda&#8230; De\u011ferli akademisyenler Saniye Bencik Kangal ve Burak Karabey, \u00e7ocuklar\u0131n erken \u00e7ocukluk d\u00f6neminde matematikle bulu\u015fup keyifli zaman<span class=\"excerpt-hellip\"> [\u2026]<\/span><\/p>\n","protected":false},"featured_media":0,"template":"","meta":{"_monsterinsights_skip_tracking":false,"_monsterinsights_sitenote_active":false,"_monsterinsights_sitenote_note":"","_monsterinsights_sitenote_category":0},"product_brand":[],"product_cat":[12275,12274],"product_tag":[],"class_list":{"0":"post-743909","1":"product","2":"type-product","3":"status-publish","5":"product_cat-6-12-yas-kitaplari","6":"product_cat-cocuk-ve-genclik-kitaplari","7":"pa_cilt-ciltsiz","8":"pa_tur-kitap","9":"pa_yayinevi-turta-kitap","10":"pa_yazar-saniye-bencik-kangal-burak-karabey","12":"first","13":"instock","14":"sale","15":"shipping-taxable","16":"purchasable","17":"product-type-simple"},"_links":{"self":[{"href":"https:\/\/roveyayinevi.com.tr\/index.php\/wp-json\/wp\/v2\/product\/743909","targetHints":{"allow":["GET"]}}],"collection":[{"href":"https:\/\/roveyayinevi.com.tr\/index.php\/wp-json\/wp\/v2\/product"}],"about":[{"href":"https:\/\/roveyayinevi.com.tr\/index.php\/wp-json\/wp\/v2\/types\/product"}],"wp:attachment":[{"href":"https:\/\/roveyayinevi.com.tr\/index.php\/wp-json\/wp\/v2\/media?parent=743909"}],"wp:term":[{"taxonomy":"product_brand","embeddable":true,"href":"https:\/\/roveyayinevi.com.tr\/index.php\/wp-json\/wp\/v2\/product_brand?post=743909"},{"taxonomy":"product_cat","embeddable":true,"href":"https:\/\/roveyayinevi.com.tr\/index.php\/wp-json\/wp\/v2\/product_cat?post=743909"},{"taxonomy":"product_tag","embeddable":true,"href":"https:\/\/roveyayinevi.com.tr\/index.php\/wp-json\/wp\/v2\/product_tag?post=743909"}],"curies":[{"name":"wp","href":"https:\/\/api.w.org\/{rel}","templated":true}]}}