{"id":743908,"date":"2025-08-28T01:45:26","date_gmt":"2025-08-27T22:45:26","guid":{"rendered":"https:\/\/roveyayinevi.com.tr\/index.php\/urun\/vahiy-kitaplari\/"},"modified":"2026-04-16T02:55:35","modified_gmt":"2026-04-15T23:55:35","slug":"vahiy-kitaplari","status":"publish","type":"product","link":"https:\/\/roveyayinevi.com.tr\/index.php\/urun\/vahiy-kitaplari\/","title":{"rendered":"Vahiy Kitaplar\u0131"},"content":{"rendered":"<p>Vahiy Kitaplar\u0131\u2019nda vizyoner \u015fair, grav\u00fcrc\u00fc ve \u00f6nc\u00fc ressam William Blake\u2019in 1789 ile 1795 y\u0131llar\u0131 aras\u0131nda yaratt\u0131\u011f\u0131 sekiz eserin t\u0131pk\u0131bas\u0131mlar\u0131, \u0130ngilizce transkripsiyonu ve \u00e7evirileri yer al\u0131yor. Blake, kendi geli\u015ftirdi\u011fi renklendirilmi\u015f grav\u00fcr bask\u0131 tekni\u011fini kullanarak yarat\u0131c\u0131-vizyoner hayal g\u00fcc\u00fcn\u00fc birer \u015fahesere d\u00f6n\u00fc\u015ft\u00fcrm\u00fc\u015f ve grafik unsurlarla \u201cvahye\u201d dayal\u0131 \u015fiiri birle\u015ftirmek suretiyle hayal d\u00fcnyam\u0131z\u0131 y\u00fcksek mertebelere ta\u015f\u0131m\u0131\u015ft\u0131r. William Blake\u2019in \u015fiir ile grav\u00fcr\u00fc birle\u015ftiren sanat yap\u0131tlar\u0131, kendisinden sonraki sanat\u00e7\u0131lar i\u00e7in oldu\u011fu kadar g\u00fcn\u00fcm\u00fcz okurlar\u0131 i\u00e7in de son derece ilham ve heyecan verici olmaya devam ediyor. \u201cEy Ebediler, \u00e7a\u011fr\u0131n\u0131z\u0131 sevin\u00e7le i\u015fitiyorum,\u00c7evik kanatl\u0131 kelimeler emredin bana ve korkmay\u0131n,A\u00e7\u0131mlay\u0131n bana \u0131zd\u0131rab\u0131n\u0131z\u0131n kapkara vahiylerini.\u201d Urizen\u2019in Birinci Kitab\u0131\u2019na Girizg\u00e2h\u2019tan<\/p>\n","protected":false},"excerpt":{"rendered":"<p>Vahiy Kitaplar\u0131\u2019nda vizyoner \u015fair, grav\u00fcrc\u00fc ve \u00f6nc\u00fc ressam William Blake\u2019in 1789 ile 1795 y\u0131llar\u0131 aras\u0131nda yaratt\u0131\u011f\u0131 sekiz eserin t\u0131pk\u0131bas\u0131mlar\u0131, \u0130ngilizce transkripsiyonu ve \u00e7evirileri yer al\u0131yor. Blake,<span class=\"excerpt-hellip\"> [\u2026]<\/span><\/p>\n","protected":false},"featured_media":0,"template":"","meta":{"_monsterinsights_skip_tracking":false,"_monsterinsights_sitenote_active":false,"_monsterinsights_sitenote_note":"","_monsterinsights_sitenote_category":0},"product_brand":[],"product_cat":[12291,12509],"product_tag":[],"class_list":{"0":"post-743908","1":"product","2":"type-product","3":"status-publish","5":"product_cat-edebiyat","6":"product_cat-siir","7":"pa_cilt-ciltsiz","8":"pa_tur-kitap","9":"pa_yayinevi-everest-yayinlari","10":"pa_yazar-william-blake","12":"first","13":"instock","14":"sale","15":"shipping-taxable","16":"purchasable","17":"product-type-simple"},"_links":{"self":[{"href":"https:\/\/roveyayinevi.com.tr\/index.php\/wp-json\/wp\/v2\/product\/743908","targetHints":{"allow":["GET"]}}],"collection":[{"href":"https:\/\/roveyayinevi.com.tr\/index.php\/wp-json\/wp\/v2\/product"}],"about":[{"href":"https:\/\/roveyayinevi.com.tr\/index.php\/wp-json\/wp\/v2\/types\/product"}],"wp:attachment":[{"href":"https:\/\/roveyayinevi.com.tr\/index.php\/wp-json\/wp\/v2\/media?parent=743908"}],"wp:term":[{"taxonomy":"product_brand","embeddable":true,"href":"https:\/\/roveyayinevi.com.tr\/index.php\/wp-json\/wp\/v2\/product_brand?post=743908"},{"taxonomy":"product_cat","embeddable":true,"href":"https:\/\/roveyayinevi.com.tr\/index.php\/wp-json\/wp\/v2\/product_cat?post=743908"},{"taxonomy":"product_tag","embeddable":true,"href":"https:\/\/roveyayinevi.com.tr\/index.php\/wp-json\/wp\/v2\/product_tag?post=743908"}],"curies":[{"name":"wp","href":"https:\/\/api.w.org\/{rel}","templated":true}]}}