{"id":743903,"date":"2025-08-28T01:45:19","date_gmt":"2025-08-27T22:45:19","guid":{"rendered":"https:\/\/roveyayinevi.com.tr\/index.php\/urun\/tanik-tehlikede-macera-gecidi-20\/"},"modified":"2026-04-16T02:55:34","modified_gmt":"2026-04-15T23:55:34","slug":"tanik-tehlikede-macera-gecidi-20","status":"publish","type":"product","link":"https:\/\/roveyayinevi.com.tr\/index.php\/urun\/tanik-tehlikede-macera-gecidi-20\/","title":{"rendered":"Tan\u0131k Tehlikede \/ Macera Ge\u00e7idi 20"},"content":{"rendered":"<p>KEND\u0130 MACERANIZI YA\u015eAYIN!                Bu macerada, bir polis komiserisiniz. Tarihi eser ve uyu\u015fturucu ka\u00e7ak\u00e7\u0131l\u0131\u011f\u0131 yapan g\u00fc\u00e7l\u00fc bir \u00e7eteye kar\u015f\u0131 sava\u015f\u0131yorsunuz. \u00c7eteyi tutuklatacak bilgilere sahip bir tan\u0131\u011f\u0131n\u0131z var. G\u00f6reviniz, onu duru\u015fmaya \u00e7\u0131kartarak ifade vermesini sa\u011flamak\u2026 Bunu ba\u015farabilirseniz, \u00e7etenin tutuklanmas\u0131n\u0131 sa\u011flar, mesle\u011finizde y\u00fckselirsiniz. Hatta b\u00fcy\u00fck bir hazineye ula\u015farak d\u00fcnyan\u0131n en zengin insanlar\u0131ndan biri olabilirsiniz. Ancak bu macerada ba\u015far\u0131, kitaptaki se\u00e7im yerlerinde do\u011fru kararlar vermenize ba\u011fl\u0131. \u00c7\u00fcnk\u00fc \u00e7ete, koruman\u0131z alt\u0131ndaki tan\u0131\u011fa ula\u015f\u0131p onu yok etme\u011fe \u00e7al\u0131\u015f\u0131yor. Bu nedenle kitap boyunca hep do\u011fru kararlar vermelisiniz. Yanl\u0131\u015f bir karar verdi\u011finizdeyse onu d\u00fczelterek yeniden ba\u015far\u0131ya y\u00f6nelmelisiniz. \u00c7\u00fcnk\u00fc bu Sizin maceran\u0131z   BU K\u0130TABIN KAHRAMANI S\u0130ZS\u0130N\u0130Z! MACERANIN G\u0130D\u0130\u015eATINI VERECE\u011e\u0130N\u0130Z  KARARLAR BEL\u0130RLEYECEK!<\/p>\n","protected":false},"excerpt":{"rendered":"<p>KEND\u0130 MACERANIZI YA\u015eAYIN! Bu macerada, bir polis komiserisiniz. Tarihi eser ve uyu\u015fturucu ka\u00e7ak\u00e7\u0131l\u0131\u011f\u0131 yapan g\u00fc\u00e7l\u00fc bir \u00e7eteye kar\u015f\u0131 sava\u015f\u0131yorsunuz. \u00c7eteyi tutuklatacak bilgilere sahip bir tan\u0131\u011f\u0131n\u0131z var.<span class=\"excerpt-hellip\"> [\u2026]<\/span><\/p>\n","protected":false},"featured_media":0,"template":"","meta":{"_monsterinsights_skip_tracking":false,"_monsterinsights_sitenote_active":false,"_monsterinsights_sitenote_note":"","_monsterinsights_sitenote_category":0},"product_brand":[],"product_cat":[12689,12274],"product_tag":[],"class_list":{"0":"post-743903","1":"product","2":"type-product","3":"status-publish","5":"product_cat-cizgi-roman-cocuk-ve-genclik-kitaplari","6":"product_cat-cocuk-ve-genclik-kitaplari","7":"pa_cilt-ciltsiz","8":"pa_tur-kitap","9":"pa_yayinevi-genc-hayat","10":"pa_yazar-tuncel-altinkopru","12":"first","13":"instock","14":"sale","15":"shipping-taxable","16":"purchasable","17":"product-type-simple"},"_links":{"self":[{"href":"https:\/\/roveyayinevi.com.tr\/index.php\/wp-json\/wp\/v2\/product\/743903","targetHints":{"allow":["GET"]}}],"collection":[{"href":"https:\/\/roveyayinevi.com.tr\/index.php\/wp-json\/wp\/v2\/product"}],"about":[{"href":"https:\/\/roveyayinevi.com.tr\/index.php\/wp-json\/wp\/v2\/types\/product"}],"wp:attachment":[{"href":"https:\/\/roveyayinevi.com.tr\/index.php\/wp-json\/wp\/v2\/media?parent=743903"}],"wp:term":[{"taxonomy":"product_brand","embeddable":true,"href":"https:\/\/roveyayinevi.com.tr\/index.php\/wp-json\/wp\/v2\/product_brand?post=743903"},{"taxonomy":"product_cat","embeddable":true,"href":"https:\/\/roveyayinevi.com.tr\/index.php\/wp-json\/wp\/v2\/product_cat?post=743903"},{"taxonomy":"product_tag","embeddable":true,"href":"https:\/\/roveyayinevi.com.tr\/index.php\/wp-json\/wp\/v2\/product_tag?post=743903"}],"curies":[{"name":"wp","href":"https:\/\/api.w.org\/{rel}","templated":true}]}}