{"id":743901,"date":"2025-08-28T01:45:16","date_gmt":"2025-08-27T22:45:16","guid":{"rendered":"https:\/\/roveyayinevi.com.tr\/index.php\/urun\/muze-sokagi-cinayeti-macera-gecidi-21\/"},"modified":"2026-04-16T02:55:34","modified_gmt":"2026-04-15T23:55:34","slug":"muze-sokagi-cinayeti-macera-gecidi-21","status":"publish","type":"product","link":"https:\/\/roveyayinevi.com.tr\/index.php\/urun\/muze-sokagi-cinayeti-macera-gecidi-21\/","title":{"rendered":"M\u00fcze Soka\u011f\u0131 Cinayeti \/ Macera Ge\u00e7idi 21"},"content":{"rendered":"<p>KEND\u0130 MACERANIZI YA\u015eAYIN!                Bu macerada, \u00dcnl\u00fc bir dedektifsiniz. Sabaha kar\u015f\u0131 ald\u0131\u011f\u0131n\u0131z bir \u00e7a\u011fr\u0131yla M\u00fcze Soka\u011f\u0131\u2019na y\u00f6neliyor ve bir cesetle kar\u015f\u0131la\u015f\u0131yorsunuz. \u00d6ld\u00fcr\u00fclen, m\u00fczenin m\u00fcd\u00fcr\u00fcd\u00fcr. Uluslararas\u0131 bir \u00e7ete, Hititlerin Kutsal Kenti Nerik\u2019teki hazinenin pe\u015findedir. Bu ama\u00e7la cinayetler i\u015flemekten \u00e7ekinmemektedir. Bir dedektif olarak g\u00f6reviniz, bu ac\u0131mas\u0131z \u00e7eteyi durdurmak ve Nerik hazinesinin yurt d\u0131\u015f\u0131na ka\u00e7\u0131r\u0131lmas\u0131n\u0131 engellemektir.            Bunu da ancak kitaptaki karar anlar\u0131nda, yapaca\u011f\u0131n\u0131z do\u011fru se\u00e7imlerle ba\u015farabilirsiniz. \u00c7\u00fcnk\u00fc bu macerada  tam on be\u015f farkl\u0131 son var\u2026 Verece\u011finiz do\u011fru kararlar sizi ba\u015far\u0131ya, yanl\u0131\u015f kararlar\u0131n\u0131zsa ba\u015far\u0131s\u0131zl\u0131\u011fa g\u00f6t\u00fcrecektir. Bu nedenle ba\u015far\u0131ya ula\u015f\u0131p \u00fcne ve zenginli\u011fe kavu\u015fana kadar m\u00fccadele etmelisiniz. \u00c7\u00fcnk\u00fc zafer vazge\u00e7meyenlerindir.     BU K\u0130TABIN KAHRAMANI S\u0130ZS\u0130N\u0130Z! MACERANIN G\u0130D\u0130\u015eATINI VERECE\u011e\u0130N\u0130Z  KARARLAR BEL\u0130RLEYECEK!<\/p>\n","protected":false},"excerpt":{"rendered":"<p>KEND\u0130 MACERANIZI YA\u015eAYIN! Bu macerada, \u00dcnl\u00fc bir dedektifsiniz. Sabaha kar\u015f\u0131 ald\u0131\u011f\u0131n\u0131z bir \u00e7a\u011fr\u0131yla M\u00fcze Soka\u011f\u0131\u2019na y\u00f6neliyor ve bir cesetle kar\u015f\u0131la\u015f\u0131yorsunuz. \u00d6ld\u00fcr\u00fclen, m\u00fczenin m\u00fcd\u00fcr\u00fcd\u00fcr. Uluslararas\u0131 bir \u00e7ete,<span class=\"excerpt-hellip\"> [\u2026]<\/span><\/p>\n","protected":false},"featured_media":0,"template":"","meta":{"_monsterinsights_skip_tracking":false,"_monsterinsights_sitenote_active":false,"_monsterinsights_sitenote_note":"","_monsterinsights_sitenote_category":0},"product_brand":[],"product_cat":[12689,12274],"product_tag":[],"class_list":{"0":"post-743901","1":"product","2":"type-product","3":"status-publish","5":"product_cat-cizgi-roman-cocuk-ve-genclik-kitaplari","6":"product_cat-cocuk-ve-genclik-kitaplari","7":"pa_cilt-ciltsiz","8":"pa_tur-kitap","9":"pa_yayinevi-genc-hayat","10":"pa_yazar-tuncel-altinkopru","12":"first","13":"instock","14":"sale","15":"shipping-taxable","16":"purchasable","17":"product-type-simple"},"_links":{"self":[{"href":"https:\/\/roveyayinevi.com.tr\/index.php\/wp-json\/wp\/v2\/product\/743901","targetHints":{"allow":["GET"]}}],"collection":[{"href":"https:\/\/roveyayinevi.com.tr\/index.php\/wp-json\/wp\/v2\/product"}],"about":[{"href":"https:\/\/roveyayinevi.com.tr\/index.php\/wp-json\/wp\/v2\/types\/product"}],"wp:attachment":[{"href":"https:\/\/roveyayinevi.com.tr\/index.php\/wp-json\/wp\/v2\/media?parent=743901"}],"wp:term":[{"taxonomy":"product_brand","embeddable":true,"href":"https:\/\/roveyayinevi.com.tr\/index.php\/wp-json\/wp\/v2\/product_brand?post=743901"},{"taxonomy":"product_cat","embeddable":true,"href":"https:\/\/roveyayinevi.com.tr\/index.php\/wp-json\/wp\/v2\/product_cat?post=743901"},{"taxonomy":"product_tag","embeddable":true,"href":"https:\/\/roveyayinevi.com.tr\/index.php\/wp-json\/wp\/v2\/product_tag?post=743901"}],"curies":[{"name":"wp","href":"https:\/\/api.w.org\/{rel}","templated":true}]}}