{"id":743898,"date":"2025-08-28T01:45:13","date_gmt":"2025-08-27T22:45:13","guid":{"rendered":"https:\/\/roveyayinevi.com.tr\/index.php\/urun\/rizespor-mac-hikayeleri\/"},"modified":"2026-04-16T02:55:34","modified_gmt":"2026-04-15T23:55:34","slug":"rizespor-mac-hikayeleri","status":"publish","type":"product","link":"https:\/\/roveyayinevi.com.tr\/index.php\/urun\/rizespor-mac-hikayeleri\/","title":{"rendered":"Rizespor Ma\u00e7 Hik\u00e2yeleri"},"content":{"rendered":"<p>Hakeme tekme att\u0131\u011f\u0131 i\u00e7in tutuklanan futbolcu, aniden ya\u015fam\u0131n\u0131 yitiren teknik direkt\u00f6r; do\u011fal afetlerden sonra ya\u015fanan en b\u00fcy\u00fck trajedi, farkl\u0131 stadyumlarda sahaya \u00e7\u0131kan iki rakip tak\u0131m, kalecisiz kal\u0131nan ma\u00e7, \u015fike iddialar\u0131, h\u00fckmen al\u0131nan galibiyetler ve yenilgiler, k\u00fcme d\u00fc\u015f\u00fcr\u00fclme, sar\u0131 kart cezal\u0131s\u0131 futbolcunun oynat\u0131lmas\u0131, silinen goller ve puanlar, 12 goll\u00fck rekor&#8230; Ara\u015ft\u0131rmac\u0131 Mehmet Tahsin Tansu, titizlikle haz\u0131rlanan bu ar\u015fiv \u00e7al\u0131\u015fmas\u0131yla Rizespor\u2019un futbol tarihine \u0131\u015f\u0131k tutuyor&#8230; <\/p>\n","protected":false},"excerpt":{"rendered":"<p>Hakeme tekme att\u0131\u011f\u0131 i\u00e7in tutuklanan futbolcu, aniden ya\u015fam\u0131n\u0131 yitiren teknik direkt\u00f6r; do\u011fal afetlerden sonra ya\u015fanan en b\u00fcy\u00fck trajedi, farkl\u0131 stadyumlarda sahaya \u00e7\u0131kan iki rakip tak\u0131m, kalecisiz<span class=\"excerpt-hellip\"> [\u2026]<\/span><\/p>\n","protected":false},"featured_media":0,"template":"","meta":{"_monsterinsights_skip_tracking":false,"_monsterinsights_sitenote_active":false,"_monsterinsights_sitenote_note":"","_monsterinsights_sitenote_category":0},"product_brand":[],"product_cat":[15563,15564],"product_tag":[],"class_list":{"0":"post-743898","1":"product","2":"type-product","3":"status-publish","5":"product_cat-hobi","6":"product_cat-spor","7":"pa_cilt-ciltsiz","8":"pa_tur-kitap","9":"pa_yayinevi-elpis-yayinlari","10":"pa_yazar-mehmet-tahsin-tansu","12":"first","13":"instock","14":"sale","15":"shipping-taxable","16":"purchasable","17":"product-type-simple"},"_links":{"self":[{"href":"https:\/\/roveyayinevi.com.tr\/index.php\/wp-json\/wp\/v2\/product\/743898","targetHints":{"allow":["GET"]}}],"collection":[{"href":"https:\/\/roveyayinevi.com.tr\/index.php\/wp-json\/wp\/v2\/product"}],"about":[{"href":"https:\/\/roveyayinevi.com.tr\/index.php\/wp-json\/wp\/v2\/types\/product"}],"wp:attachment":[{"href":"https:\/\/roveyayinevi.com.tr\/index.php\/wp-json\/wp\/v2\/media?parent=743898"}],"wp:term":[{"taxonomy":"product_brand","embeddable":true,"href":"https:\/\/roveyayinevi.com.tr\/index.php\/wp-json\/wp\/v2\/product_brand?post=743898"},{"taxonomy":"product_cat","embeddable":true,"href":"https:\/\/roveyayinevi.com.tr\/index.php\/wp-json\/wp\/v2\/product_cat?post=743898"},{"taxonomy":"product_tag","embeddable":true,"href":"https:\/\/roveyayinevi.com.tr\/index.php\/wp-json\/wp\/v2\/product_tag?post=743898"}],"curies":[{"name":"wp","href":"https:\/\/api.w.org\/{rel}","templated":true}]}}