{"id":743892,"date":"2025-08-28T01:45:06","date_gmt":"2025-08-27T22:45:06","guid":{"rendered":"https:\/\/roveyayinevi.com.tr\/index.php\/urun\/hadrianus\/"},"modified":"2026-04-16T02:55:34","modified_gmt":"2026-04-15T23:55:34","slug":"hadrianus","status":"publish","type":"product","link":"https:\/\/roveyayinevi.com.tr\/index.php\/urun\/hadrianus\/","title":{"rendered":"Hadrianus"},"content":{"rendered":"<p>MS 117-138 y\u0131llar\u0131 aras\u0131nda h\u00fck\u00fcm s\u00fcren Hadrianus, Roma \u0130mparatorlu\u011funun en fazla tahtta kalm\u0131\u015f imparatorlar\u0131ndand\u0131r. Y\u00f6netimi boyunca pek \u00e7ok reform yapm\u0131\u015ft\u0131r. Eyaletlerin vergi y\u00fck\u00fcn\u00fc hafifleterek, baz\u0131 bor\u00e7lar\u0131n\u0131 silerek ve kentlere \u00e7e\u015fitli yard\u0131mlarda bulunarak onlar\u0131n refaha ula\u015fmas\u0131n\u0131 sa\u011flam\u0131\u015ft\u0131r. Orduya ve askerlerin e\u011fitimine \u00f6zel bir \u00f6nem g\u00f6stermi\u015f, askerlerin ya\u015fam \u015fekillerini bile bizzat g\u00f6zlemleyip disipline etmi\u015ftir. Pek \u00e7ok yerde binalar yapt\u0131rm\u0131\u015f ve onarm\u0131\u015ft\u0131r. Bunlardan en dikkat \u00e7ekenleri Atina\u2019da tamamlatt\u0131\u011f\u0131 Olympieion tap\u0131na\u011f\u0131, Roma\u2019da bir k\u00f6pr\u00fc, Tiber nehrine biti\u015fik bir mezar ve Bona Dea tap\u0131na\u011f\u0131d\u0131r.   Hadrianus b\u00fct\u00fcn imparatorlar\u0131n en k\u00fclt\u00fcrl\u00fcs\u00fcyd\u00fc. Edebiyata ve sanata d\u00fc\u015fk\u00fcnd\u00fc. D\u00fczyaz\u0131 ve \u015fiirler yazd\u0131, heykelcilikle ve resimle u\u011fra\u015ft\u0131. Lir \u00e7al\u0131p \u015fark\u0131 s\u00f6ylerdi. Aritmetik ve geometriye merakl\u0131yd\u0131. Kehanet t\u00fcrleri de meraklar\u0131 aras\u0131ndayd\u0131. \u00d6ng\u00f6r\u00fcl\u00fc, y\u00fcce g\u00f6n\u00fcll\u00fc, zeki, insanc\u0131l, merakl\u0131, h\u0131rsl\u0131 ve k\u0131skan\u00e7 bir ki\u015fili\u011fi vard\u0131. \u00c7ok n\u00fcktedand\u0131. Haf\u0131zas\u0131 g\u00fc\u00e7l\u00fcyd\u00fc, yetenekleri s\u0131n\u0131rs\u0131zd\u0131. Ayn\u0131 anda hem sert hem dost canl\u0131s\u0131, hem a\u011f\u0131rba\u015fl\u0131 hem ne\u015feli, hem a\u011f\u0131rkanl\u0131 hem tez canl\u0131, hem eli s\u0131k\u0131 hem c\u00f6mert, hem ikiy\u00fczl\u00fc hem d\u00fcr\u00fcst, hem ac\u0131mas\u0131z hem merhametli biri olabiliyordu.   Bu kitap, Hadrianus hakk\u0131nda elimizdeki ba\u015fl\u0131ca iki kaynak Cassius Dion\u2019un ve Historia Augusta\u2019n\u0131n ilgili b\u00f6l\u00fcmlerinin \u00e7evirilerini birarada vererek okuyucuya her iki eseri birbirleriyle kar\u015f\u0131la\u015ft\u0131rma olana\u011f\u0131 vermekte ve T\u00fcrkiye\u2019deki Antik\u00e7a\u011f ara\u015ft\u0131rmalar\u0131 i\u00e7in \u00f6nemli bir kaynak arac\u0131n\u0131 istifadeye sunmaktad\u0131r.<\/p>\n","protected":false},"excerpt":{"rendered":"<p>MS 117-138 y\u0131llar\u0131 aras\u0131nda h\u00fck\u00fcm s\u00fcren Hadrianus, Roma \u0130mparatorlu\u011funun en fazla tahtta kalm\u0131\u015f imparatorlar\u0131ndand\u0131r. Y\u00f6netimi boyunca pek \u00e7ok reform yapm\u0131\u015ft\u0131r. Eyaletlerin vergi y\u00fck\u00fcn\u00fc hafifleterek, baz\u0131 bor\u00e7lar\u0131n\u0131<span class=\"excerpt-hellip\"> [\u2026]<\/span><\/p>\n","protected":false},"featured_media":0,"template":"","meta":{"_monsterinsights_skip_tracking":false,"_monsterinsights_sitenote_active":false,"_monsterinsights_sitenote_note":"","_monsterinsights_sitenote_category":0},"product_brand":[],"product_cat":[12370,12304],"product_tag":[],"class_list":{"0":"post-743892","1":"product","2":"type-product","3":"status-publish","5":"product_cat-arastirma-inceleme","6":"product_cat-tarih","7":"pa_cilt-ciltsiz","8":"pa_tur-kitap","9":"pa_yayinevi-dogu-bati-yayinlari","10":"pa_yazar-cassius-dion-historia-augusta","12":"first","13":"instock","14":"sale","15":"shipping-taxable","16":"purchasable","17":"product-type-simple"},"_links":{"self":[{"href":"https:\/\/roveyayinevi.com.tr\/index.php\/wp-json\/wp\/v2\/product\/743892","targetHints":{"allow":["GET"]}}],"collection":[{"href":"https:\/\/roveyayinevi.com.tr\/index.php\/wp-json\/wp\/v2\/product"}],"about":[{"href":"https:\/\/roveyayinevi.com.tr\/index.php\/wp-json\/wp\/v2\/types\/product"}],"wp:attachment":[{"href":"https:\/\/roveyayinevi.com.tr\/index.php\/wp-json\/wp\/v2\/media?parent=743892"}],"wp:term":[{"taxonomy":"product_brand","embeddable":true,"href":"https:\/\/roveyayinevi.com.tr\/index.php\/wp-json\/wp\/v2\/product_brand?post=743892"},{"taxonomy":"product_cat","embeddable":true,"href":"https:\/\/roveyayinevi.com.tr\/index.php\/wp-json\/wp\/v2\/product_cat?post=743892"},{"taxonomy":"product_tag","embeddable":true,"href":"https:\/\/roveyayinevi.com.tr\/index.php\/wp-json\/wp\/v2\/product_tag?post=743892"}],"curies":[{"name":"wp","href":"https:\/\/api.w.org\/{rel}","templated":true}]}}