{"id":743891,"date":"2025-08-28T01:45:04","date_gmt":"2025-08-27T22:45:04","guid":{"rendered":"https:\/\/roveyayinevi.com.tr\/index.php\/urun\/bertil-ve-brindil\/"},"modified":"2026-04-16T02:55:34","modified_gmt":"2026-04-15T23:55:34","slug":"bertil-ve-brindil","status":"publish","type":"product","link":"https:\/\/roveyayinevi.com.tr\/index.php\/urun\/bertil-ve-brindil\/","title":{"rendered":"Bertil ve Brindil"},"content":{"rendered":"<p>Bertil, k\u0131v\u0131rc\u0131k sa\u00e7l\u0131 ve kocaman g\u00f6zl\u00fckl\u00fc k\u00fc\u00e7\u00fck bir k\u0131zd\u0131r. Brindil ise onun turuncu t\u00fcyl\u00fc, afacan m\u0131 afacan kedisi! Bir g\u00fcn bu iki arkada\u015f birbirlerini kaybedince s\u00fcrprizlerle dolu \u015fehirde aray\u0131\u015f ba\u015fl\u0131yor. Bertil, Brindil\u2019i; Brindil ise Bertil\u2019i ararken bakmad\u0131klar\u0131 yer kalm\u0131yor! G\u00f6rselleri \u00e7e\u015fitli detaylarla s\u00fcsl\u00fc, \u00e7ift tarafl\u0131 bu kitapta, minik okurlar iki farkl\u0131 maceran\u0131n ortak heyecan\u0131n\u0131 ya\u015fayacaklar! <\/p>\n","protected":false},"excerpt":{"rendered":"<p>Bertil, k\u0131v\u0131rc\u0131k sa\u00e7l\u0131 ve kocaman g\u00f6zl\u00fckl\u00fc k\u00fc\u00e7\u00fck bir k\u0131zd\u0131r. Brindil ise onun turuncu t\u00fcyl\u00fc, afacan m\u0131 afacan kedisi! Bir g\u00fcn bu iki arkada\u015f birbirlerini kaybedince s\u00fcrprizlerle<span class=\"excerpt-hellip\"> [\u2026]<\/span><\/p>\n","protected":false},"featured_media":0,"template":"","meta":{"_monsterinsights_skip_tracking":false,"_monsterinsights_sitenote_active":false,"_monsterinsights_sitenote_note":"","_monsterinsights_sitenote_category":0},"product_brand":[],"product_cat":[12275,12274],"product_tag":[],"class_list":{"0":"post-743891","1":"product","2":"type-product","3":"status-publish","5":"product_cat-6-12-yas-kitaplari","6":"product_cat-cocuk-ve-genclik-kitaplari","7":"pa_cilt-ciltsiz","8":"pa_tur-kitap","9":"pa_yayinevi-ithaki-yayinlari","10":"pa_yazar-adele-tariel","12":"first","13":"instock","14":"sale","15":"shipping-taxable","16":"purchasable","17":"product-type-simple"},"_links":{"self":[{"href":"https:\/\/roveyayinevi.com.tr\/index.php\/wp-json\/wp\/v2\/product\/743891","targetHints":{"allow":["GET"]}}],"collection":[{"href":"https:\/\/roveyayinevi.com.tr\/index.php\/wp-json\/wp\/v2\/product"}],"about":[{"href":"https:\/\/roveyayinevi.com.tr\/index.php\/wp-json\/wp\/v2\/types\/product"}],"wp:attachment":[{"href":"https:\/\/roveyayinevi.com.tr\/index.php\/wp-json\/wp\/v2\/media?parent=743891"}],"wp:term":[{"taxonomy":"product_brand","embeddable":true,"href":"https:\/\/roveyayinevi.com.tr\/index.php\/wp-json\/wp\/v2\/product_brand?post=743891"},{"taxonomy":"product_cat","embeddable":true,"href":"https:\/\/roveyayinevi.com.tr\/index.php\/wp-json\/wp\/v2\/product_cat?post=743891"},{"taxonomy":"product_tag","embeddable":true,"href":"https:\/\/roveyayinevi.com.tr\/index.php\/wp-json\/wp\/v2\/product_tag?post=743891"}],"curies":[{"name":"wp","href":"https:\/\/api.w.org\/{rel}","templated":true}]}}