{"id":743889,"date":"2025-08-28T01:45:02","date_gmt":"2025-08-27T22:45:02","guid":{"rendered":"https:\/\/roveyayinevi.com.tr\/index.php\/urun\/bir-borsa-spekulatorunun-anilari\/"},"modified":"2026-04-16T02:55:34","modified_gmt":"2026-04-15T23:55:34","slug":"bir-borsa-spekulatorunun-anilari","status":"publish","type":"product","link":"https:\/\/roveyayinevi.com.tr\/index.php\/urun\/bir-borsa-spekulatorunun-anilari\/","title":{"rendered":"Bir Borsa Spek\u00fclat\u00f6r\u00fcn\u00fcn An\u0131lar\u0131"},"content":{"rendered":"<p>1922 y\u0131l\u0131nda finans d\u00fcnyas\u0131na dair kurgu eserleriyle tan\u0131nan ekonomi muhabiri Edwin Lef\u00e8vre\u2019nin, Wall Street\u2019in gelmi\u015f ge\u00e7mi\u015f en b\u00fcy\u00fck hisse senedi spek\u00fclat\u00f6rlerinden biri Jesse Livermore\u2019un unutulmaz hayat hik\u00e2yesinden yola \u00e7\u0131karak kaleme ald\u0131\u011f\u0131 Bir Borsa Spek\u00fclat\u00f6r\u00fcn\u00fcn An\u0131lar\u0131 ba\u015fl\u0131kl\u0131 yaz\u0131lar, okurun hayal g\u00fcc\u00fcn\u00fc cezbetti ve bir y\u0131l sonra ayn\u0131 ba\u015fl\u0131kla kitap haline getirildi. K\u0131sa s\u00fcre i\u00e7erisinde de en \u00e7ok satan yat\u0131r\u0131m kitaplar\u0131 i\u00e7inde yerini ald\u0131.Finans bas\u0131n\u0131 bu yap\u0131t\u0131, yaz\u0131lm\u0131\u015f en \u00f6nemli yat\u0131r\u0131m kitaplar\u0131ndan biri olarak selamlamay\u0131 ve yat\u0131r\u0131m devleri de g\u00f6klere \u00e7\u0131karmay\u0131 s\u00fcrd\u00fcr\u00fcyor. Lef\u00e8vre ve Livermore\u2019un anlatt\u0131\u011f\u0131 dersler, d\u00f6nem ve piyasa ko\u015fullar\u0131ndan ba\u011f\u0131ms\u0131z olarak varl\u0131\u011f\u0131n\u0131 ve \u00f6nemini koruyor.Art\u0131k bir yat\u0131r\u0131m klasi\u011fi kabul edilen Bir Borsa Spek\u00fclat\u00f6r\u00fcn\u00fcn An\u0131lar\u0131, T\u00fcrk\u00e7ede ilk kez eksiksiz ve klasik ill\u00fcstrasyonlar\u0131yla okurla bulu\u015fuyor ve bu g\u00fc\u00e7l\u00fc hik\u00e2ye daha da \u00e7arp\u0131c\u0131 hale geliyor.\u201c\u00c7i\u00e7e\u011fi burnunda ya da deneyimli her yat\u0131r\u0131mc\u0131n\u0131n okumas\u0131 gereken bir klasik. Bir Borsa Spek\u00fclat\u00f6r\u00fcn\u00fcn An\u0131lar\u0131 sizi b\u00fcy\u00fck kazananlar s\u00fctununa ta\u015f\u0131yabilecek kendi sa\u011flam yat\u0131r\u0131m kurallar\u0131n\u0131z\u0131 yaratmaya ba\u015flaman\u0131z i\u00e7in yard\u0131mc\u0131 olacak.\u201d\u2014William O\u2019Neil\u201cLef\u00e8vre\u2019nin pratik zek\u00e2 dolu anlat\u0131m\u0131nda bulunacak e\u015fsiz zevk, piyasalardaki borsa hayranlar\u0131n\u0131 bu kitaba \u00e7ekiyor.\u201d\u2014Roger Lowenstein\u201cBence Bir Borsa Spek\u00fclat\u00f6r\u00fcn\u00fcn An\u0131lar\u0131 21. y\u00fczy\u0131l\u0131n sonunda bile en ba\u015far\u0131l\u0131 finans kitaplar\u0131 aras\u0131ndaki yerini koruyacak.\u201d\u2014Jack D. Schwager<\/p>\n","protected":false},"excerpt":{"rendered":"<p>1922 y\u0131l\u0131nda finans d\u00fcnyas\u0131na dair kurgu eserleriyle tan\u0131nan ekonomi muhabiri Edwin Lef\u00e8vre\u2019nin, Wall Street\u2019in gelmi\u015f ge\u00e7mi\u015f en b\u00fcy\u00fck hisse senedi spek\u00fclat\u00f6rlerinden biri Jesse Livermore\u2019un unutulmaz hayat<span class=\"excerpt-hellip\"> [\u2026]<\/span><\/p>\n","protected":false},"featured_media":0,"template":"","meta":{"_monsterinsights_skip_tracking":false,"_monsterinsights_sitenote_active":false,"_monsterinsights_sitenote_note":"","_monsterinsights_sitenote_category":0},"product_brand":[],"product_cat":[17249,13043],"product_tag":[],"class_list":{"0":"post-743889","1":"product","2":"type-product","3":"status-publish","5":"product_cat-borsa-finans","6":"product_cat-ekonomi","7":"pa_cilt-ciltsiz","8":"pa_tur-kitap","9":"pa_yayinevi-nova-kitap","10":"pa_yazar-edwin-lefevre","12":"first","13":"instock","14":"sale","15":"shipping-taxable","16":"purchasable","17":"product-type-simple"},"_links":{"self":[{"href":"https:\/\/roveyayinevi.com.tr\/index.php\/wp-json\/wp\/v2\/product\/743889","targetHints":{"allow":["GET"]}}],"collection":[{"href":"https:\/\/roveyayinevi.com.tr\/index.php\/wp-json\/wp\/v2\/product"}],"about":[{"href":"https:\/\/roveyayinevi.com.tr\/index.php\/wp-json\/wp\/v2\/types\/product"}],"wp:attachment":[{"href":"https:\/\/roveyayinevi.com.tr\/index.php\/wp-json\/wp\/v2\/media?parent=743889"}],"wp:term":[{"taxonomy":"product_brand","embeddable":true,"href":"https:\/\/roveyayinevi.com.tr\/index.php\/wp-json\/wp\/v2\/product_brand?post=743889"},{"taxonomy":"product_cat","embeddable":true,"href":"https:\/\/roveyayinevi.com.tr\/index.php\/wp-json\/wp\/v2\/product_cat?post=743889"},{"taxonomy":"product_tag","embeddable":true,"href":"https:\/\/roveyayinevi.com.tr\/index.php\/wp-json\/wp\/v2\/product_tag?post=743889"}],"curies":[{"name":"wp","href":"https:\/\/api.w.org\/{rel}","templated":true}]}}