{"id":743887,"date":"2025-08-28T01:44:59","date_gmt":"2025-08-27T22:44:59","guid":{"rendered":"https:\/\/roveyayinevi.com.tr\/index.php\/urun\/miras-7\/"},"modified":"2026-03-11T03:18:38","modified_gmt":"2026-03-11T00:18:38","slug":"miras-7","status":"publish","type":"product","link":"https:\/\/roveyayinevi.com.tr\/index.php\/urun\/miras-7\/","title":{"rendered":"Miras"},"content":{"rendered":"<p>Ruh e\u015fini bulduysan, oyunu \u00e7oktan kazanm\u0131\u015fs\u0131n demektir&#8230;Briar \u00dcniversitesi bitmi\u015f, efsanevi hokey oyuncular\u0131n\u0131n hepsi kendi yollar\u0131na gitmi\u015fti. Garrett ve Logan profesyonel olmu\u015f, Dean \u00f6\u011fretmenlik tutkusu i\u00e7in hukuktan vazge\u00e7mi\u015f, Tucker ise bir bar zinciri kurmu\u015ftu. Ama buz pisti d\u0131\u015f\u0131nda da birbirlerinin arkalar\u0131n\u0131 kollamaya devam ediyorlard\u0131 ki yeti\u015fkinlik hayat\u0131nda buna daha \u00e7ok ihtiya\u00e7 duyduklar\u0131 ortaya \u00e7\u0131km\u0131\u015ft\u0131.Hokey onlar\u0131 bir araya getiren \u015fey olmasa da, k\u0131zlar\u0131n da art\u0131k aralar\u0131ndan su s\u0131zm\u0131yordu. Ba\u015far\u0131l\u0131 bir s\u00f6z yazar\u0131 olan Hannah, oyuncu Allie, radyoculuk hevesinin pe\u015finden ko\u015fan Grace ve yetenekli bir avukat olma yolundaki Sabrina\u2026 Art\u0131k ma\u00e7ta sevgililerine tezah\u00fcrat eden gen\u00e7 k\u0131zlar de\u011fil, her krizde birbirlerinin yan\u0131nda olan g\u00fc\u00e7l\u00fc kad\u0131nlard\u0131.Bir d\u00fc\u011f\u00fcn, bir evlilik teklifi, bir balay\u0131, bir gizli nik\u00e2h ve s\u00fcrpriz bir hamilelik. Hayat\u0131n ne getirece\u011fi belli olmazd\u0131. Kesin olan tek \u015fey ise, ikinci yar\u0131n\u0131n ilkinden daha zorlu olaca\u011f\u0131yd\u0131.\u201cHik\u00e2yenin devam\u0131n\u0131 anlatan bu novellalar tam bir kahkaha tufan\u0131! Off-Campus ekibinin ne i\u015fler pe\u015finde oldu\u011funa inanamayacaks\u0131n\u0131z.\u201d \u2014Sarina Bowen\u201cT\u00fcr\u00fc biraz olsun seviyorsan\u0131z, bu kitab\u0131 ka\u00e7\u0131rmamal\u0131s\u0131n\u0131z.\u201d \u2014Freshfiction<\/p>\n","protected":false},"excerpt":{"rendered":"<p>Ruh e\u015fini bulduysan, oyunu \u00e7oktan kazanm\u0131\u015fs\u0131n demektir&#8230;Briar \u00dcniversitesi bitmi\u015f, efsanevi hokey oyuncular\u0131n\u0131n hepsi kendi yollar\u0131na gitmi\u015fti. Garrett ve Logan profesyonel olmu\u015f, Dean \u00f6\u011fretmenlik tutkusu i\u00e7in hukuktan<span class=\"excerpt-hellip\"> [\u2026]<\/span><\/p>\n","protected":false},"featured_media":0,"template":"","meta":{"_monsterinsights_skip_tracking":false,"_monsterinsights_sitenote_active":false,"_monsterinsights_sitenote_note":"","_monsterinsights_sitenote_category":0},"product_brand":[],"product_cat":[12291,12711],"product_tag":[],"class_list":{"0":"post-743887","1":"product","2":"type-product","3":"status-publish","5":"product_cat-edebiyat","6":"product_cat-roman-oyku","7":"pa_cilt-ciltsiz","8":"pa_tur-kitap","9":"pa_yayinevi-yabanci-yayinevi","10":"pa_yazar-elle-kennedy","12":"first","13":"instock","14":"sale","15":"shipping-taxable","16":"purchasable","17":"product-type-simple"},"_links":{"self":[{"href":"https:\/\/roveyayinevi.com.tr\/index.php\/wp-json\/wp\/v2\/product\/743887","targetHints":{"allow":["GET"]}}],"collection":[{"href":"https:\/\/roveyayinevi.com.tr\/index.php\/wp-json\/wp\/v2\/product"}],"about":[{"href":"https:\/\/roveyayinevi.com.tr\/index.php\/wp-json\/wp\/v2\/types\/product"}],"wp:attachment":[{"href":"https:\/\/roveyayinevi.com.tr\/index.php\/wp-json\/wp\/v2\/media?parent=743887"}],"wp:term":[{"taxonomy":"product_brand","embeddable":true,"href":"https:\/\/roveyayinevi.com.tr\/index.php\/wp-json\/wp\/v2\/product_brand?post=743887"},{"taxonomy":"product_cat","embeddable":true,"href":"https:\/\/roveyayinevi.com.tr\/index.php\/wp-json\/wp\/v2\/product_cat?post=743887"},{"taxonomy":"product_tag","embeddable":true,"href":"https:\/\/roveyayinevi.com.tr\/index.php\/wp-json\/wp\/v2\/product_tag?post=743887"}],"curies":[{"name":"wp","href":"https:\/\/api.w.org\/{rel}","templated":true}]}}