{"id":743885,"date":"2025-08-28T01:44:57","date_gmt":"2025-08-27T22:44:57","guid":{"rendered":"https:\/\/roveyayinevi.com.tr\/index.php\/urun\/ciftcinin-savasi-ciltli\/"},"modified":"2026-04-16T02:55:34","modified_gmt":"2026-04-15T23:55:34","slug":"ciftcinin-savasi-ciltli","status":"publish","type":"product","link":"https:\/\/roveyayinevi.com.tr\/index.php\/urun\/ciftcinin-savasi-ciltli\/","title":{"rendered":"\u00c7ift\u00e7inin Sava\u015f\u0131 (Ciltli)"},"content":{"rendered":"<p>D\u00dc\u015eMANLARLA DOLU B\u0130R ORMAN K\u0130\u015e\u0130L\u0130KLER\u0130 TABAN TABANA ZIT \u0130K\u0130 ASKER ZORLUKLARLA SINANAN BEKLENMED\u0130K B\u0130R DOSTLUK   Craig\u2019in hayatta istedi\u011fi tek bir \u015fey vard\u0131: Me\u015fhur Alt\u0131n Muhaf\u0131zlar\u2019a kat\u0131lmak. \u0130ki y\u0131l boyunca Kuzey\u2019in cehennem s\u0131caklar\u0131nda sava\u015fm\u0131\u015f, Prens Baldair\u2019in g\u00f6zdesi Raylynn Westwind\u2019den ald\u0131\u011f\u0131 e\u011fitime hi\u00e7 \u015fik\u00e2yet etmeden b\u00fct\u00fcn benli\u011fini vermi\u015fti. \u015eimdiyse onu hayallerine ula\u015ft\u0131rabilecek \u00f6zel bir g\u00f6revi yerine getirme \u015fans\u0131 ge\u00e7mi\u015fti eline. Hi\u00e7bir \u015fey yoluna \u00e7\u0131kamazd\u0131 art\u0131k. Hele de \u00e7ayla\u011f\u0131n teki, hi\u00e7.   Daniel basit \u015feyler isteyen, kendi h\u00e2linde bir adamd\u0131. Tek arzusu askerlikten y\u00fckl\u00fc para kazan\u0131p m\u00fcstakbel kar\u0131s\u0131yla g\u00fczel bir hayat kurabilmekti. Craig\u2019le ayn\u0131 g\u00f6reve verilene kadar, \u00fcstlerinin onun k\u0131l\u0131\u00e7 becerilerini fark etti\u011finden bile habersizdi.   G\u00f6revleri, cephenin \u00f6n saflar\u0131na son derece \u00f6nemli bir mektup ula\u015ft\u0131rmakt\u0131 ama ki\u015filik \u00e7at\u0131\u015fmalar\u0131n\u0131n devreye girmesiyle i\u015fler tuhafla\u015facak, kendilerini zor bir durumun i\u00e7inde bulacaklard\u0131. \u00dcstelik \u00f6l\u00fcmle kar\u015f\u0131 kar\u015f\u0131yayken birbirlerinden ba\u015fka g\u00fcvenebilecekleri kimse yoktu.   \u201cSon sayfay\u0131 az \u00f6nce okudum ve \u015fimdi Hava Uyan\u0131yor serisine bir kez daha dalmak istiyorum.\u201d \u2014Silvia   \u201cBu kitaba bay\u0131ld\u0131m! Daniel ve Craig\u2019in hik\u00e2yesi acayip ilgi \u00e7ekici ve komik.\u201d \u2014Tilly   \u201c\u00c7ift\u00e7inin Sava\u015f\u0131\u2019n\u0131 bu kadar sevmeyi beklemiyordum ama elimden b\u0131rakamad\u0131m. Elise Kova bu kitapta hik\u00e2ye anlat\u0131c\u0131l\u0131\u011f\u0131 ve d\u00fcnya kurma konusundaki becerilerini g\u00f6zler \u00f6n\u00fcne sermi\u015f.\u201d \u2014Jess Lammers<\/p>\n","protected":false},"excerpt":{"rendered":"<p>D\u00dc\u015eMANLARLA DOLU B\u0130R ORMAN K\u0130\u015e\u0130L\u0130KLER\u0130 TABAN TABANA ZIT \u0130K\u0130 ASKER ZORLUKLARLA SINANAN BEKLENMED\u0130K B\u0130R DOSTLUK Craig\u2019in hayatta istedi\u011fi tek bir \u015fey vard\u0131: Me\u015fhur Alt\u0131n Muhaf\u0131zlar\u2019a kat\u0131lmak.<span class=\"excerpt-hellip\"> [\u2026]<\/span><\/p>\n","protected":false},"featured_media":0,"template":"","meta":{"_monsterinsights_skip_tracking":false,"_monsterinsights_sitenote_active":false,"_monsterinsights_sitenote_note":"","_monsterinsights_sitenote_category":0},"product_brand":[],"product_cat":[12291,14777],"product_tag":[],"class_list":{"0":"post-743885","1":"product","2":"type-product","3":"status-publish","5":"product_cat-edebiyat","6":"product_cat-fantastik","7":"pa_cilt-ciltli","8":"pa_tur-kitap","9":"pa_yayinevi-yabanci-yayinevi","10":"pa_yazar-elise-kova","12":"first","13":"instock","14":"sale","15":"shipping-taxable","16":"purchasable","17":"product-type-simple"},"_links":{"self":[{"href":"https:\/\/roveyayinevi.com.tr\/index.php\/wp-json\/wp\/v2\/product\/743885","targetHints":{"allow":["GET"]}}],"collection":[{"href":"https:\/\/roveyayinevi.com.tr\/index.php\/wp-json\/wp\/v2\/product"}],"about":[{"href":"https:\/\/roveyayinevi.com.tr\/index.php\/wp-json\/wp\/v2\/types\/product"}],"wp:attachment":[{"href":"https:\/\/roveyayinevi.com.tr\/index.php\/wp-json\/wp\/v2\/media?parent=743885"}],"wp:term":[{"taxonomy":"product_brand","embeddable":true,"href":"https:\/\/roveyayinevi.com.tr\/index.php\/wp-json\/wp\/v2\/product_brand?post=743885"},{"taxonomy":"product_cat","embeddable":true,"href":"https:\/\/roveyayinevi.com.tr\/index.php\/wp-json\/wp\/v2\/product_cat?post=743885"},{"taxonomy":"product_tag","embeddable":true,"href":"https:\/\/roveyayinevi.com.tr\/index.php\/wp-json\/wp\/v2\/product_tag?post=743885"}],"curies":[{"name":"wp","href":"https:\/\/api.w.org\/{rel}","templated":true}]}}