{"id":743882,"date":"2025-08-28T01:44:53","date_gmt":"2025-08-27T22:44:53","guid":{"rendered":"https:\/\/roveyayinevi.com.tr\/index.php\/urun\/bil-bakalim-kartlari-dinozorlar\/"},"modified":"2026-04-16T02:55:34","modified_gmt":"2026-04-15T23:55:34","slug":"bil-bakalim-kartlari-dinozorlar","status":"publish","type":"product","link":"https:\/\/roveyayinevi.com.tr\/index.php\/urun\/bil-bakalim-kartlari-dinozorlar\/","title":{"rendered":"Bil Bakal\u0131m Kartlar\u0131 &#8211; Dinozorlar"},"content":{"rendered":"<p>50 adet kart ve 500&#8217;e yak\u0131n sorudan olu\u015fan Bil Bakal\u0131m Kartlar\u0131 Dinozorlar ile d\u00fcnyam\u0131z\u0131n tarih \u00f6ncesinde ya\u015fayan inan\u0131lmaz sakinleri ile tan\u0131\u015facaks\u0131n\u0131z. \u00c7oktan se\u00e7meli, do\u011fru-yanl\u0131\u015f, ben kimim \u015feklinde haz\u0131rlanan sorular\u0131n yan\u0131tlar\u0131n\u0131 da i\u00e7eren kartlar ile fosiller, di\u015fler, al\u0131\u015fkanl\u0131klar, kuyruklar, t\u00fcrler gibi pek \u00e7ok konuda \u00e7ok \u00f6zel bilgiler minik merakl\u0131lar ile bulu\u015fmay\u0131 bekliyor.<\/p>\n","protected":false},"excerpt":{"rendered":"<p>50 adet kart ve 500&#8217;e yak\u0131n sorudan olu\u015fan Bil Bakal\u0131m Kartlar\u0131 Dinozorlar ile d\u00fcnyam\u0131z\u0131n tarih \u00f6ncesinde ya\u015fayan inan\u0131lmaz sakinleri ile tan\u0131\u015facaks\u0131n\u0131z. \u00c7oktan se\u00e7meli, do\u011fru-yanl\u0131\u015f, ben kimim<span class=\"excerpt-hellip\"> [\u2026]<\/span><\/p>\n","protected":false},"featured_media":0,"template":"","meta":{"_monsterinsights_skip_tracking":false,"_monsterinsights_sitenote_active":false,"_monsterinsights_sitenote_note":"","_monsterinsights_sitenote_category":0},"product_brand":[],"product_cat":[12274,17859],"product_tag":[],"class_list":{"0":"post-743882","1":"product","2":"type-product","3":"status-publish","5":"product_cat-cocuk-ve-genclik-kitaplari","6":"product_cat-oyun-kitaplari","7":"pa_cilt-ciltsiz","8":"pa_tur-kitap","9":"pa_yayinevi-sifiralti-yayincilik","10":"pa_yazar-sarah-khan","12":"first","13":"instock","14":"sale","15":"shipping-taxable","16":"purchasable","17":"product-type-simple"},"_links":{"self":[{"href":"https:\/\/roveyayinevi.com.tr\/index.php\/wp-json\/wp\/v2\/product\/743882","targetHints":{"allow":["GET"]}}],"collection":[{"href":"https:\/\/roveyayinevi.com.tr\/index.php\/wp-json\/wp\/v2\/product"}],"about":[{"href":"https:\/\/roveyayinevi.com.tr\/index.php\/wp-json\/wp\/v2\/types\/product"}],"wp:attachment":[{"href":"https:\/\/roveyayinevi.com.tr\/index.php\/wp-json\/wp\/v2\/media?parent=743882"}],"wp:term":[{"taxonomy":"product_brand","embeddable":true,"href":"https:\/\/roveyayinevi.com.tr\/index.php\/wp-json\/wp\/v2\/product_brand?post=743882"},{"taxonomy":"product_cat","embeddable":true,"href":"https:\/\/roveyayinevi.com.tr\/index.php\/wp-json\/wp\/v2\/product_cat?post=743882"},{"taxonomy":"product_tag","embeddable":true,"href":"https:\/\/roveyayinevi.com.tr\/index.php\/wp-json\/wp\/v2\/product_tag?post=743882"}],"curies":[{"name":"wp","href":"https:\/\/api.w.org\/{rel}","templated":true}]}}