{"id":743881,"date":"2025-08-28T01:44:51","date_gmt":"2025-08-27T22:44:51","guid":{"rendered":"https:\/\/roveyayinevi.com.tr\/index.php\/urun\/insanlar-ve-insanlar\/"},"modified":"2026-04-16T02:55:34","modified_gmt":"2026-04-15T23:55:34","slug":"insanlar-ve-insanlar","status":"publish","type":"product","link":"https:\/\/roveyayinevi.com.tr\/index.php\/urun\/insanlar-ve-insanlar\/","title":{"rendered":"\u0130nsanlar ve \u0130nsanlar"},"content":{"rendered":"<p>Bu hik\u00e2yeyi zaten biliyorsunuz. Bu vapurlar\u0131n en az biriyle ilgili g\u00fczel bir hik\u00e2yeniz de var. Ama hangisiyle ilgili oldu\u011funu hat\u0131rlam\u0131yorsunuz. Belki de unutmak i\u00e7in ya\u015fad\u0131n\u0131z. Bu muazzam d\u00f6ng\u00fcde, bir d\u00fcz \u00e7izgi bile \u00e7ekemediniz.   \u0130lker Aslan\u2019\u0131n ikinci \u00f6yk\u00fc toplam\u0131: \u0130nsanlar ve \u0130nsanlar. Aslan, ilk \u00f6yk\u00fc kitab\u0131 Bir \u0130ntihar \u00dcst\u00fcne S\u00f6ylenti\u2019de oynad\u0131\u011f\u0131 oyunlar\u0131 yeni \u00f6yk\u00fclerinde de s\u00fcrd\u00fcr\u00fcyor, daha g\u00f6r\u00fcn\u00fcr k\u0131l\u0131yor.   \u0130nsanlar ve \u0130nsanlar, ayn\u0131 zamanda Ayk\u0131r\u0131 Seyir\u2019in yay\u0131mlanan ilk kitab\u0131.   \u201cDe\u011fi\u015fen \u015feylerden bahsedelim. Yatay ve dikey y\u00f6nde de\u011fi\u015fen \u015feylerden. Mesela kendimizden. \u0130nand\u0131klar\u0131m\u0131zdan. Sar\u0131ld\u0131klar\u0131m\u0131zdan. Unuttuklar\u0131m\u0131zdan. Hi\u00e7 hat\u0131rlamad\u0131klar\u0131m\u0131zdan. Vazge\u00e7tiklerimizden. Ne zaman vazge\u00e7tik? Her \u015fey olabilece\u011fimizi sand\u0131\u011f\u0131m\u0131z o zamandan hi\u00e7bir \u015fey olamad\u0131\u011f\u0131m\u0131z zamanlara ne zaman ge\u00e7tik? Kendimizi kand\u0131rmaktan bahsedelim. Biraz da ba\u015fkalar\u0131n\u0131 kand\u0131rmaktan. Her y\u0131l nas\u0131l da yeniden yeniden de\u011fi\u015fti\u011fimizden. Tan\u0131d\u0131\u011f\u0131m\u0131z her yeni insan\u0131n bizi nas\u0131l da de\u011fi\u015ftirdi\u011finden i\u015fte. Y\u0131llar\u0131n nas\u0131l da bu kadar \u00e7abuk ge\u00e7ti\u011finden. K\u00f6rd\u00fc\u011f\u00fcm h\u00e2line getirdi\u011fimiz ili\u015fkilerimizden. Sustuklar\u0131m\u0131z ve susmam\u0131z gereken yerde gevezelik etti\u011fimiz anlardan bahsedelim.\u201d <\/p>\n","protected":false},"excerpt":{"rendered":"<p>Bu hik\u00e2yeyi zaten biliyorsunuz. Bu vapurlar\u0131n en az biriyle ilgili g\u00fczel bir hik\u00e2yeniz de var. Ama hangisiyle ilgili oldu\u011funu hat\u0131rlam\u0131yorsunuz. Belki de unutmak i\u00e7in ya\u015fad\u0131n\u0131z. Bu<span class=\"excerpt-hellip\"> [\u2026]<\/span><\/p>\n","protected":false},"featured_media":0,"template":"","meta":{"_monsterinsights_skip_tracking":false,"_monsterinsights_sitenote_active":false,"_monsterinsights_sitenote_note":"","_monsterinsights_sitenote_category":0},"product_brand":[],"product_cat":[12291,12711],"product_tag":[],"class_list":{"0":"post-743881","1":"product","2":"type-product","3":"status-publish","5":"product_cat-edebiyat","6":"product_cat-roman-oyku","7":"pa_cilt-ciltsiz","8":"pa_tur-kitap","9":"pa_yayinevi-ithaki-yayinlari","10":"pa_yazar-ilker-aslan","12":"first","13":"instock","14":"sale","15":"shipping-taxable","16":"purchasable","17":"product-type-simple"},"_links":{"self":[{"href":"https:\/\/roveyayinevi.com.tr\/index.php\/wp-json\/wp\/v2\/product\/743881","targetHints":{"allow":["GET"]}}],"collection":[{"href":"https:\/\/roveyayinevi.com.tr\/index.php\/wp-json\/wp\/v2\/product"}],"about":[{"href":"https:\/\/roveyayinevi.com.tr\/index.php\/wp-json\/wp\/v2\/types\/product"}],"wp:attachment":[{"href":"https:\/\/roveyayinevi.com.tr\/index.php\/wp-json\/wp\/v2\/media?parent=743881"}],"wp:term":[{"taxonomy":"product_brand","embeddable":true,"href":"https:\/\/roveyayinevi.com.tr\/index.php\/wp-json\/wp\/v2\/product_brand?post=743881"},{"taxonomy":"product_cat","embeddable":true,"href":"https:\/\/roveyayinevi.com.tr\/index.php\/wp-json\/wp\/v2\/product_cat?post=743881"},{"taxonomy":"product_tag","embeddable":true,"href":"https:\/\/roveyayinevi.com.tr\/index.php\/wp-json\/wp\/v2\/product_tag?post=743881"}],"curies":[{"name":"wp","href":"https:\/\/api.w.org\/{rel}","templated":true}]}}