{"id":743879,"date":"2025-08-28T01:44:48","date_gmt":"2025-08-27T22:44:48","guid":{"rendered":"https:\/\/roveyayinevi.com.tr\/index.php\/urun\/saturn-evleri-7-cilt\/"},"modified":"2026-04-16T02:55:34","modified_gmt":"2026-04-15T23:55:34","slug":"saturn-evleri-7-cilt","status":"publish","type":"product","link":"https:\/\/roveyayinevi.com.tr\/index.php\/urun\/saturn-evleri-7-cilt\/","title":{"rendered":"Sat\u00fcrn Evleri 7. Cilt"},"content":{"rendered":"<p>Alt seviyelerde b\u00fcy\u00fck bir yang\u0131n \u00e7\u0131km\u0131\u015ft\u0131. Bunu f\u0131rsat bilerek uygulamaya konulan plan sonunda nereye varacakt\u0131?   Mitsu\u2019nun hik\u00e2yesi bu ciltle tamamlan\u0131yor. <\/p>\n","protected":false},"excerpt":{"rendered":"<p>Alt seviyelerde b\u00fcy\u00fck bir yang\u0131n \u00e7\u0131km\u0131\u015ft\u0131. Bunu f\u0131rsat bilerek uygulamaya konulan plan sonunda nereye varacakt\u0131? Mitsu\u2019nun hik\u00e2yesi bu ciltle tamamlan\u0131yor.<\/p>\n","protected":false},"featured_media":0,"template":"","meta":{"_monsterinsights_skip_tracking":false,"_monsterinsights_sitenote_active":false,"_monsterinsights_sitenote_note":"","_monsterinsights_sitenote_category":0},"product_brand":[],"product_cat":[12416,12291],"product_tag":[],"class_list":{"0":"post-743879","1":"product","2":"type-product","3":"status-publish","5":"product_cat-cizgi-roman","6":"product_cat-edebiyat","7":"pa_cilt-ciltsiz","8":"pa_tur-kitap","9":"pa_yayinevi-ithaki-yayinlari","10":"pa_yazar-hisae-ivaoka","12":"first","13":"instock","14":"sale","15":"shipping-taxable","16":"purchasable","17":"product-type-simple"},"_links":{"self":[{"href":"https:\/\/roveyayinevi.com.tr\/index.php\/wp-json\/wp\/v2\/product\/743879","targetHints":{"allow":["GET"]}}],"collection":[{"href":"https:\/\/roveyayinevi.com.tr\/index.php\/wp-json\/wp\/v2\/product"}],"about":[{"href":"https:\/\/roveyayinevi.com.tr\/index.php\/wp-json\/wp\/v2\/types\/product"}],"wp:attachment":[{"href":"https:\/\/roveyayinevi.com.tr\/index.php\/wp-json\/wp\/v2\/media?parent=743879"}],"wp:term":[{"taxonomy":"product_brand","embeddable":true,"href":"https:\/\/roveyayinevi.com.tr\/index.php\/wp-json\/wp\/v2\/product_brand?post=743879"},{"taxonomy":"product_cat","embeddable":true,"href":"https:\/\/roveyayinevi.com.tr\/index.php\/wp-json\/wp\/v2\/product_cat?post=743879"},{"taxonomy":"product_tag","embeddable":true,"href":"https:\/\/roveyayinevi.com.tr\/index.php\/wp-json\/wp\/v2\/product_tag?post=743879"}],"curies":[{"name":"wp","href":"https:\/\/api.w.org\/{rel}","templated":true}]}}