{"id":743878,"date":"2025-08-28T01:44:46","date_gmt":"2025-08-27T22:44:46","guid":{"rendered":"https:\/\/roveyayinevi.com.tr\/index.php\/urun\/dolunay-katilleri\/"},"modified":"2026-04-11T14:13:11","modified_gmt":"2026-04-11T11:13:11","slug":"dolunay-katilleri","status":"publish","type":"product","link":"https:\/\/roveyayinevi.com.tr\/index.php\/urun\/dolunay-katilleri\/","title":{"rendered":"Dolunay Katilleri"},"content":{"rendered":"<p>Kazara Zenginle\u015fen Amerikan Yerlileri, Planl\u0131 Bir \u015eekilde Katledilen D\u00fczinelerce \u0130nsan ve Petrole Kar\u0131\u015fan Kan   Ya\u015fam alan\u0131 azar azar k\u00fc\u00e7\u00fclt\u00fclen Osage halk\u0131 1920\u2019lerde b\u00fcy\u00fck bir servete kavu\u015ftu. Kendilerine b\u0131rak\u0131lan topraklar\u0131n alt\u0131nda petrol ke\u015ffedilmi\u015fti. Art\u0131k l\u00fcks otomobillerle geziyor, malik\u00e2neler in\u015fa ediyor ve \u00e7ocuklar\u0131n\u0131 e\u011fitim i\u00e7in Avrupa\u2019ya g\u00f6nderiyorlard\u0131. Derken birileri Osage\u2019leri teker teker \u00f6ld\u00fcrmeye ba\u015flad\u0131. T\u00fcm bu cinayet a\u011f\u0131n\u0131n merkezindeyse Mollie Burkhart ve ailesi vard\u0131. Mollie\u2019nin k\u0131z karde\u015finin \u00f6ld\u00fcr\u00fclmesiyle ba\u015flayan cinayetler zincirinde akrabalar\u0131 vuruldu ve zehirlendi.    Bir\u00e7ok \u00f6zel dedektifin \u00e7\u00f6zmeye \u00e7al\u0131\u015ft\u0131\u011f\u0131 bu k\u00f6rd\u00fc\u011f\u00fcm\u00fcn nereye kadar gitti\u011fini ortaya \u00e7\u0131karmaksa o d\u00f6nem yeni kurulan FBI\u2019\u0131n sorumlulu\u011funa d\u00fc\u015ft\u00fc. FBI\u2019\u0131n efsanevi direkt\u00f6r\u00fc J. Edgar Hoover\u2019\u0131n eski Teksas Korucusu Tom White\u2019\u0131n yard\u0131m\u0131n\u0131 istedi\u011fi soru\u015fturma hem Amerika\u2019n\u0131n en tart\u0131\u015fmal\u0131 devlet kurumunun \u00fclkedeki yerini sa\u011flamla\u015ft\u0131racak hem de so\u011fukkanl\u0131l\u0131kla y\u00fcr\u00fct\u00fclen kanl\u0131 bir komployu ortaya \u00e7\u0131karacakt\u0131. David Grann\u2019in, soru\u015fturma belgeleri, birinci a\u011f\u0131zdan tarihi kay\u0131tlar, verilen ifadeler ve edinilen yeni kan\u0131tlar\u0131 y\u0131llarca inceleyerek kaleme ald\u0131\u011f\u0131, Martin Scorsese taraf\u0131ndan sinemaya da uyarlanan Dolunay Katilleri hakiki bir Vah\u015fi Bat\u0131 k\u00e2busu, petrol kadar kara bir polisiye anlat\u0131s\u0131.   \u201cRahats\u0131z edici ve s\u00fcr\u00fckleyici&#8230; Grann ayn\u0131 zamanda ger\u00e7ek olan \u00e7ok katmanl\u0131, leziz hik\u00e2yeler yazmakta usta oldu\u011funu kan\u0131tl\u0131yor&#8230; Ruhunuzu yak\u0131p ge\u00e7ecek.\u201d \u2013Dave Eggers <\/p>\n","protected":false},"excerpt":{"rendered":"<p>Kazara Zenginle\u015fen Amerikan Yerlileri, Planl\u0131 Bir \u015eekilde Katledilen D\u00fczinelerce \u0130nsan ve Petrole Kar\u0131\u015fan Kan Ya\u015fam alan\u0131 azar azar k\u00fc\u00e7\u00fclt\u00fclen Osage halk\u0131 1920\u2019lerde b\u00fcy\u00fck bir servete kavu\u015ftu.<span class=\"excerpt-hellip\"> [\u2026]<\/span><\/p>\n","protected":false},"featured_media":0,"template":"","meta":{"_monsterinsights_skip_tracking":false,"_monsterinsights_sitenote_active":false,"_monsterinsights_sitenote_note":"","_monsterinsights_sitenote_category":0},"product_brand":[],"product_cat":[12291,12711],"product_tag":[],"class_list":{"0":"post-743878","1":"product","2":"type-product","3":"status-publish","5":"product_cat-edebiyat","6":"product_cat-roman-oyku","7":"pa_cilt-ciltsiz","8":"pa_tur-kitap","9":"pa_yayinevi-ithaki-yayinlari","10":"pa_yazar-david-grann","12":"first","13":"instock","14":"sale","15":"shipping-taxable","16":"purchasable","17":"product-type-simple"},"_links":{"self":[{"href":"https:\/\/roveyayinevi.com.tr\/index.php\/wp-json\/wp\/v2\/product\/743878","targetHints":{"allow":["GET"]}}],"collection":[{"href":"https:\/\/roveyayinevi.com.tr\/index.php\/wp-json\/wp\/v2\/product"}],"about":[{"href":"https:\/\/roveyayinevi.com.tr\/index.php\/wp-json\/wp\/v2\/types\/product"}],"wp:attachment":[{"href":"https:\/\/roveyayinevi.com.tr\/index.php\/wp-json\/wp\/v2\/media?parent=743878"}],"wp:term":[{"taxonomy":"product_brand","embeddable":true,"href":"https:\/\/roveyayinevi.com.tr\/index.php\/wp-json\/wp\/v2\/product_brand?post=743878"},{"taxonomy":"product_cat","embeddable":true,"href":"https:\/\/roveyayinevi.com.tr\/index.php\/wp-json\/wp\/v2\/product_cat?post=743878"},{"taxonomy":"product_tag","embeddable":true,"href":"https:\/\/roveyayinevi.com.tr\/index.php\/wp-json\/wp\/v2\/product_tag?post=743878"}],"curies":[{"name":"wp","href":"https:\/\/api.w.org\/{rel}","templated":true}]}}