{"id":743876,"date":"2025-08-28T01:44:43","date_gmt":"2025-08-27T22:44:43","guid":{"rendered":"https:\/\/roveyayinevi.com.tr\/index.php\/urun\/cennetin-cesmeleri\/"},"modified":"2026-04-16T02:55:34","modified_gmt":"2026-04-15T23:55:34","slug":"cennetin-cesmeleri","status":"publish","type":"product","link":"https:\/\/roveyayinevi.com.tr\/index.php\/urun\/cennetin-cesmeleri\/","title":{"rendered":"Cennetin \u00c7e\u015fmeleri"},"content":{"rendered":"<p>Hugo En \u0130yi Roman \u00d6d\u00fcl\u00fcNebula En \u0130yi Roman \u00d6d\u00fcl\u00fc\u201cArthur C. Clarke zaman\u0131m\u0131z\u0131n ger\u00e7ek dehalar\u0131ndan biri.\u201d \u2013Ray Bradbury\u201cTAR\u0130HTE \u0130LK KEZ, CENNETE G\u0130DEN B\u0130R MERD\u0130VEN\u0130M\u0130Z OLACAK \u2013 B\u0130R YILDIZ K\u00d6PR\u00dcS\u00dc.\u201dArthur C. Clarke, bilimi edebiyatla e\u015fsizce birle\u015ftiren, bilimkurgunun \u00fc\u00e7 b\u00fcy\u00fck ustas\u0131ndan biri. Cennetin \u00c7e\u015fmeleri ise bilimin pop\u00fcler \u201cuzay asans\u00f6r\u00fc\u201d fikrini, kurgusal bir tarihin merce\u011finden insan\u0131n geli\u015fime duydu\u011fu tutkuyla harmanlayarak ele alan bir \u015faheser.22. y\u00fczy\u0131lda her t\u00fcrl\u00fc teknolojik ilerleme ger\u00e7ekle\u015fmi\u015f ama uzaya eri\u015fimde verimsiz ve \u00e7evreyi kirleten roketlerin \u00f6tesine ge\u00e7ilememi\u015ftir. Vannevar Morgan\u2019\u0131n hayali ise t\u00fcm zamanlar\u0131n en b\u00fcy\u00fck m\u00fchendislik harikas\u0131n\u0131 \u201336 bin kilometre y\u00fcksekli\u011findeki bir asans\u00f6r\u00fc\u2013 kullanarak D\u00fcnya\u2019y\u0131 y\u0131ld\u0131zlara ba\u011flamakt\u0131r.Fakat Morgan\u2019\u0131n say\u0131s\u0131z teknik, politik ve ekonomik sorunun \u00fcstesinden gelmesi ve Tanr\u0131\u2019n\u0131n gazab\u0131n\u0131 dindirmesi gerekiyordur \u00e7\u00fcnk\u00fc Y\u00f6r\u00fcnge Kulesi\u2019ne uygun tek yer ekvatordaki Kutsal Sri Kanda Da\u011f\u0131\u2019n\u0131n tepesidir.Tam iki bin y\u0131ld\u0131r \u00f6l\u00fcml\u00fclerin ihti\u015fam\u0131ndan korunan Sri Kanda\u2019y\u0131 Morgan fethedebilecek midir? Yoksa buna kalk\u0131\u015fan t\u00fcm kral ve prensler gibi \u00f6l\u00fcm\u00fcne mi ko\u015fmaktad\u0131r?Cennetin \u00c7e\u015fmeleri, hem tanr\u0131lara hem de evrenin kanunlar\u0131na kar\u015f\u0131 verilen bir m\u00fccadele.Yazar\u0131n sunu\u015fu ve sons\u00f6z\u00fcyle<\/p>\n","protected":false},"excerpt":{"rendered":"<p>Hugo En \u0130yi Roman \u00d6d\u00fcl\u00fcNebula En \u0130yi Roman \u00d6d\u00fcl\u00fc\u201cArthur C. Clarke zaman\u0131m\u0131z\u0131n ger\u00e7ek dehalar\u0131ndan biri.\u201d \u2013Ray Bradbury\u201cTAR\u0130HTE \u0130LK KEZ, CENNETE G\u0130DEN B\u0130R MERD\u0130VEN\u0130M\u0130Z OLACAK \u2013 B\u0130R<span class=\"excerpt-hellip\"> [\u2026]<\/span><\/p>\n","protected":false},"featured_media":0,"template":"","meta":{"_monsterinsights_skip_tracking":false,"_monsterinsights_sitenote_active":false,"_monsterinsights_sitenote_note":"","_monsterinsights_sitenote_category":0},"product_brand":[],"product_cat":[12540,12291],"product_tag":[],"class_list":{"0":"post-743876","1":"product","2":"type-product","3":"status-publish","5":"product_cat-bilim-kurgu","6":"product_cat-edebiyat","7":"pa_cilt-ciltsiz","8":"pa_tur-kitap","9":"pa_yayinevi-ithaki-yayinlari","10":"pa_yazar-arthur-c-clarke","12":"first","13":"instock","14":"sale","15":"shipping-taxable","16":"purchasable","17":"product-type-simple"},"_links":{"self":[{"href":"https:\/\/roveyayinevi.com.tr\/index.php\/wp-json\/wp\/v2\/product\/743876","targetHints":{"allow":["GET"]}}],"collection":[{"href":"https:\/\/roveyayinevi.com.tr\/index.php\/wp-json\/wp\/v2\/product"}],"about":[{"href":"https:\/\/roveyayinevi.com.tr\/index.php\/wp-json\/wp\/v2\/types\/product"}],"wp:attachment":[{"href":"https:\/\/roveyayinevi.com.tr\/index.php\/wp-json\/wp\/v2\/media?parent=743876"}],"wp:term":[{"taxonomy":"product_brand","embeddable":true,"href":"https:\/\/roveyayinevi.com.tr\/index.php\/wp-json\/wp\/v2\/product_brand?post=743876"},{"taxonomy":"product_cat","embeddable":true,"href":"https:\/\/roveyayinevi.com.tr\/index.php\/wp-json\/wp\/v2\/product_cat?post=743876"},{"taxonomy":"product_tag","embeddable":true,"href":"https:\/\/roveyayinevi.com.tr\/index.php\/wp-json\/wp\/v2\/product_tag?post=743876"}],"curies":[{"name":"wp","href":"https:\/\/api.w.org\/{rel}","templated":true}]}}