{"id":743870,"date":"2025-08-28T01:44:37","date_gmt":"2025-08-27T22:44:37","guid":{"rendered":"https:\/\/roveyayinevi.com.tr\/index.php\/urun\/allah-seni-seviyor\/"},"modified":"2026-04-16T02:55:33","modified_gmt":"2026-04-15T23:55:33","slug":"allah-seni-seviyor","status":"publish","type":"product","link":"https:\/\/roveyayinevi.com.tr\/index.php\/urun\/allah-seni-seviyor\/","title":{"rendered":"Allah Seni Seviyor"},"content":{"rendered":"<p>\u201cAh be Yusuf abi; sen olmasan ben nas\u0131l yeniden ba\u015flard\u0131m? Bir haftad\u0131r intihar etmeyi planl\u0131yordum. Odamda oturup kara kara d\u00fc\u015f\u00fcn\u00fcrken masan\u0131n \u00fczerinde duran kitab\u0131na ili\u015fti g\u00f6z\u00fcm. Sen yaral\u0131 g\u00f6n\u00fcllere \u015fifal\u0131 bir kapl\u0131cas\u0131n. Ben; seninle yeniden ba\u015flamad\u0131m, adeta yeniden do\u011fdum.\u201d (Okuyucu Yorumu) ***** Yolun sonuna geldi\u011fini d\u00fc\u015f\u00fcnd\u00fc\u011f\u00fcn bir anda, asl\u0131nda yolculu\u011fun daha yeni ba\u015flad\u0131\u011f\u0131n\u0131 bilmek\u2026 \u201cBittim!\u201d dedi\u011fin anda umudun yeniden ye\u015ferdi\u011fini g\u00f6rmek\u2026 Gecenin sonunda g\u00fcne\u015fin do\u011fu\u015funa \u015fahitlik etmek\u2026 Allah isterse, etraf\u0131ndaki o kal\u0131n duvarlar\u0131 parampar\u00e7a eder. Allah isterse, Yusuf (as)\u2019u ald\u0131\u011f\u0131 gibi seni de o karanl\u0131k kuyudan s\u00f6k\u00fcp al\u0131r. Allah isterse, seni temize \u00e7\u0131kar\u0131r. O yormaz, yorgunlu\u011funu al\u0131r. D\u00fc\u015f\u00fcrmez, aya\u011fa kald\u0131r\u0131r. Bitirmez, yeniden ba\u015flat\u0131r. \u00c7\u00fcnk\u00fc Allah seni seviyor. O zaman yeniden ba\u015flamak i\u00e7in ne bekliyorsun? Haydi tut sana uzanan eli! Yeniden ba\u015fl\u0131yoruz\u2026 <\/p>\n","protected":false},"excerpt":{"rendered":"<p>\u201cAh be Yusuf abi; sen olmasan ben nas\u0131l yeniden ba\u015flard\u0131m? Bir haftad\u0131r intihar etmeyi planl\u0131yordum. Odamda oturup kara kara d\u00fc\u015f\u00fcn\u00fcrken masan\u0131n \u00fczerinde duran kitab\u0131na ili\u015fti g\u00f6z\u00fcm.<span class=\"excerpt-hellip\"> [\u2026]<\/span><\/p>\n","protected":false},"featured_media":0,"template":"","meta":{"_monsterinsights_skip_tracking":false,"_monsterinsights_sitenote_active":false,"_monsterinsights_sitenote_note":"","_monsterinsights_sitenote_category":0},"product_brand":[],"product_cat":[14787,13488],"product_tag":[],"class_list":{"0":"post-743870","1":"product","2":"type-product","3":"status-publish","5":"product_cat-diger-toplum-ve-insan","6":"product_cat-toplum-ve-insan","7":"pa_cilt-ciltsiz","8":"pa_tur-kitap","9":"pa_yayinevi-cinaralti-yayinlari","10":"pa_yazar-yusuf-efe-gocer","12":"first","13":"instock","14":"sale","15":"shipping-taxable","16":"purchasable","17":"product-type-simple"},"_links":{"self":[{"href":"https:\/\/roveyayinevi.com.tr\/index.php\/wp-json\/wp\/v2\/product\/743870","targetHints":{"allow":["GET"]}}],"collection":[{"href":"https:\/\/roveyayinevi.com.tr\/index.php\/wp-json\/wp\/v2\/product"}],"about":[{"href":"https:\/\/roveyayinevi.com.tr\/index.php\/wp-json\/wp\/v2\/types\/product"}],"wp:attachment":[{"href":"https:\/\/roveyayinevi.com.tr\/index.php\/wp-json\/wp\/v2\/media?parent=743870"}],"wp:term":[{"taxonomy":"product_brand","embeddable":true,"href":"https:\/\/roveyayinevi.com.tr\/index.php\/wp-json\/wp\/v2\/product_brand?post=743870"},{"taxonomy":"product_cat","embeddable":true,"href":"https:\/\/roveyayinevi.com.tr\/index.php\/wp-json\/wp\/v2\/product_cat?post=743870"},{"taxonomy":"product_tag","embeddable":true,"href":"https:\/\/roveyayinevi.com.tr\/index.php\/wp-json\/wp\/v2\/product_tag?post=743870"}],"curies":[{"name":"wp","href":"https:\/\/api.w.org\/{rel}","templated":true}]}}