{"id":743869,"date":"2025-08-28T01:44:36","date_gmt":"2025-08-27T22:44:36","guid":{"rendered":"https:\/\/roveyayinevi.com.tr\/index.php\/urun\/rahatla-gonlum\/"},"modified":"2026-04-16T02:55:33","modified_gmt":"2026-04-15T23:55:33","slug":"rahatla-gonlum","status":"publish","type":"product","link":"https:\/\/roveyayinevi.com.tr\/index.php\/urun\/rahatla-gonlum\/","title":{"rendered":"Rahatla G\u00f6nl\u00fcm"},"content":{"rendered":"<p>Japonlar\u0131n y\u00fczy\u0131llard\u0131r k\u0131r\u0131lan porselenleri tamir etmek i\u00e7in kulland\u0131klar\u0131 bir y\u00f6ntem var, ad\u0131na \u201ckintsugi\u201d dedikleri. K\u0131r\u0131lan ama muhatab\u0131 i\u00e7in hat\u0131ras\u0131 olan porselenler, alt\u0131n tozlu bir kar\u0131\u015f\u0131mla yap\u0131\u015ft\u0131r\u0131larak tamir edilir. Tamir edilen bu porselenler, bu sayede eskisinden daha g\u00fczel ve k\u0131ymetli bir h\u00e2le gelir. T\u0131pk\u0131 tamir edilen her de\u011ferli e\u015fya gibi onar\u0131lan her ili\u015fki; bizi, \u00f6nceki bizden daha ileriye ta\u015f\u0131r. Huzur bulan, rahatlayan her g\u00f6n\u00fcl bizi Allah\u2019a daha \u00e7ok yak\u0131nla\u015ft\u0131r\u0131r. *** \u201cKalbim bir daha atmayacak.\u201d dersin, atar. \u201cBir damla su bo\u011faz\u0131mdan ge\u00e7mez.\u201d dersin, ge\u00e7er. \u201cNefes almayaca\u011f\u0131m.\u201d dersin, al\u0131rs\u0131n. \u201cO benim aya\u011f\u0131md\u0131, y\u00fcr\u00fcyemem art\u0131k.\u201d der, y\u00fcr\u00fcrs\u00fcn. Onun i\u00e7in dert etme. Senin her \u015feye g\u00fcc\u00fc yeten ve kuluna \u015fah damar\u0131ndan daha yak\u0131n olan Rabbin var. Rahatla! G\u00f6nl\u00fcn\u00fc rahatlat\u2026 G\u00f6nl\u00fcn\u00fc rahatlat ki kendini tan\u0131ma yolculu\u011funda yaln\u0131z kalma! <\/p>\n","protected":false},"excerpt":{"rendered":"<p>Japonlar\u0131n y\u00fczy\u0131llard\u0131r k\u0131r\u0131lan porselenleri tamir etmek i\u00e7in kulland\u0131klar\u0131 bir y\u00f6ntem var, ad\u0131na \u201ckintsugi\u201d dedikleri. K\u0131r\u0131lan ama muhatab\u0131 i\u00e7in hat\u0131ras\u0131 olan porselenler, alt\u0131n tozlu bir kar\u0131\u015f\u0131mla yap\u0131\u015ft\u0131r\u0131larak<span class=\"excerpt-hellip\"> [\u2026]<\/span><\/p>\n","protected":false},"featured_media":0,"template":"","meta":{"_monsterinsights_skip_tracking":false,"_monsterinsights_sitenote_active":false,"_monsterinsights_sitenote_note":"","_monsterinsights_sitenote_category":0},"product_brand":[],"product_cat":[14787,13488],"product_tag":[],"class_list":{"0":"post-743869","1":"product","2":"type-product","3":"status-publish","5":"product_cat-diger-toplum-ve-insan","6":"product_cat-toplum-ve-insan","7":"pa_cilt-ciltsiz","8":"pa_tur-kitap","9":"pa_yayinevi-cinaralti-yayinlari","10":"pa_yazar-muhammed-fatih-uzun","12":"first","13":"instock","14":"sale","15":"shipping-taxable","16":"purchasable","17":"product-type-simple"},"_links":{"self":[{"href":"https:\/\/roveyayinevi.com.tr\/index.php\/wp-json\/wp\/v2\/product\/743869","targetHints":{"allow":["GET"]}}],"collection":[{"href":"https:\/\/roveyayinevi.com.tr\/index.php\/wp-json\/wp\/v2\/product"}],"about":[{"href":"https:\/\/roveyayinevi.com.tr\/index.php\/wp-json\/wp\/v2\/types\/product"}],"wp:attachment":[{"href":"https:\/\/roveyayinevi.com.tr\/index.php\/wp-json\/wp\/v2\/media?parent=743869"}],"wp:term":[{"taxonomy":"product_brand","embeddable":true,"href":"https:\/\/roveyayinevi.com.tr\/index.php\/wp-json\/wp\/v2\/product_brand?post=743869"},{"taxonomy":"product_cat","embeddable":true,"href":"https:\/\/roveyayinevi.com.tr\/index.php\/wp-json\/wp\/v2\/product_cat?post=743869"},{"taxonomy":"product_tag","embeddable":true,"href":"https:\/\/roveyayinevi.com.tr\/index.php\/wp-json\/wp\/v2\/product_tag?post=743869"}],"curies":[{"name":"wp","href":"https:\/\/api.w.org\/{rel}","templated":true}]}}