{"id":743865,"date":"2025-08-28T01:44:31","date_gmt":"2025-08-27T22:44:31","guid":{"rendered":"https:\/\/roveyayinevi.com.tr\/index.php\/urun\/evimizde\/"},"modified":"2026-04-16T02:55:33","modified_gmt":"2026-04-15T23:55:33","slug":"evimizde","status":"publish","type":"product","link":"https:\/\/roveyayinevi.com.tr\/index.php\/urun\/evimizde\/","title":{"rendered":"Evimizde"},"content":{"rendered":"<p>Ay\u0131m, g\u00fcne\u015fim, y\u0131ld\u0131zlar\u0131m Evimdeyim, evimde.   Sen, ben, o Biz, siz, onlar El ele d\u00f6ns\u00fcn d\u00fcnyalar.   Evimizdeyiz, evimizde.   Evimiz kocaman bir evren. Ku\u015flar, g\u00f6ky\u00fcz\u00fc, yery\u00fcz\u00fc, oyunlar, hayaller&#8230; Bahar Ulukan\u2019\u0131n \u015fiirleri bizi, evimizde bir yolculu\u011fa \u00e7\u0131kar\u0131yor. \u00c7ocuklu\u011fu ve duygular\u0131n\u0131 zengin bir ifade g\u00fcc\u00fcyle aktaran \u015fiirler, okurlar\u0131n\u0131 ne\u015feli hayallere dalmaya, s\u00f6zc\u00fcklerle oynamaya, d\u00fc\u015f\u00fcnceleri \u00f6zg\u00fcr b\u0131rakmaya davet ediyor. Zeynep \u00d6zatalay\u2019\u0131n derinlikli reng\u00e2renk resimleri ise bu i\u00e7ten \u015fiirlere bamba\u015fka bir zenginlik kat\u0131yor. \u00dcstelik sayfalar\u0131n aras\u0131na, \u00e7ocuklar i\u00e7in sihirli bir \u015fiir yazma tarifi de saklanm\u0131\u015f, Abra Kadabra! <\/p>\n","protected":false},"excerpt":{"rendered":"<p>Ay\u0131m, g\u00fcne\u015fim, y\u0131ld\u0131zlar\u0131m Evimdeyim, evimde. Sen, ben, o Biz, siz, onlar El ele d\u00f6ns\u00fcn d\u00fcnyalar. Evimizdeyiz, evimizde. Evimiz kocaman bir evren. Ku\u015flar, g\u00f6ky\u00fcz\u00fc, yery\u00fcz\u00fc, oyunlar, hayaller&#8230;<span class=\"excerpt-hellip\"> [\u2026]<\/span><\/p>\n","protected":false},"featured_media":0,"template":"","meta":{"_monsterinsights_skip_tracking":false,"_monsterinsights_sitenote_active":false,"_monsterinsights_sitenote_note":"","_monsterinsights_sitenote_category":0},"product_brand":[],"product_cat":[12291,12509],"product_tag":[],"class_list":{"0":"post-743865","1":"product","2":"type-product","3":"status-publish","5":"product_cat-edebiyat","6":"product_cat-siir","7":"pa_cilt-ciltsiz","8":"pa_tur-kitap","9":"pa_yayinevi-redhouse-kidz-yayinlari","10":"pa_yazar-bahar-ulukan","12":"first","13":"instock","14":"sale","15":"shipping-taxable","16":"purchasable","17":"product-type-simple"},"_links":{"self":[{"href":"https:\/\/roveyayinevi.com.tr\/index.php\/wp-json\/wp\/v2\/product\/743865","targetHints":{"allow":["GET"]}}],"collection":[{"href":"https:\/\/roveyayinevi.com.tr\/index.php\/wp-json\/wp\/v2\/product"}],"about":[{"href":"https:\/\/roveyayinevi.com.tr\/index.php\/wp-json\/wp\/v2\/types\/product"}],"wp:attachment":[{"href":"https:\/\/roveyayinevi.com.tr\/index.php\/wp-json\/wp\/v2\/media?parent=743865"}],"wp:term":[{"taxonomy":"product_brand","embeddable":true,"href":"https:\/\/roveyayinevi.com.tr\/index.php\/wp-json\/wp\/v2\/product_brand?post=743865"},{"taxonomy":"product_cat","embeddable":true,"href":"https:\/\/roveyayinevi.com.tr\/index.php\/wp-json\/wp\/v2\/product_cat?post=743865"},{"taxonomy":"product_tag","embeddable":true,"href":"https:\/\/roveyayinevi.com.tr\/index.php\/wp-json\/wp\/v2\/product_tag?post=743865"}],"curies":[{"name":"wp","href":"https:\/\/api.w.org\/{rel}","templated":true}]}}