{"id":743863,"date":"2025-08-28T01:44:29","date_gmt":"2025-08-27T22:44:29","guid":{"rendered":"https:\/\/roveyayinevi.com.tr\/index.php\/urun\/iskandinav-mitolojisi-3\/"},"modified":"2026-04-16T02:55:33","modified_gmt":"2026-04-15T23:55:33","slug":"iskandinav-mitolojisi-3","status":"publish","type":"product","link":"https:\/\/roveyayinevi.com.tr\/index.php\/urun\/iskandinav-mitolojisi-3\/","title":{"rendered":"\u0130skandinav Mitolojisi"},"content":{"rendered":"<p>\u201cVALHALLA\u2019YA GELEN B\u0130R SAVA\u015e\u00c7I \u015e\u0130K\u00c2YET ETMEZ!\u201d \u2013 RAGNAR LOTHBROK   Bug\u00fcn Avrupa\u2019y\u0131 ve Avrupa k\u00fclt\u00fcr\u00fcn\u00fc \u015fekillendiren yap\u0131ta\u015flar\u0131 aras\u0131nda ku\u015fkusuz \u0130skandinav mitolojisi de vard\u0131r. \u0130skandinav mitolojisine ait ki\u015filer ve semboller Avrupa k\u00fclt\u00fcr\u00fcn\u00fcn i\u00e7inde halen ya\u015famaktad\u0131r. Bazen edebiyata, bazen g\u00f6rsel sanatlara kaynak olu\u015fturmaya devam etmektedir. Neredeyse yan\u0131 ba\u015f\u0131m\u0131zda duran \u0130skandinav mitolojisinin kahramanlar\u0131n\u0131n isimlerini k\u00e2h bir filmde i\u015fitiyoruz k\u00e2h \u0130ngilizce haftan\u0131n g\u00fcnlerinin i\u00e7inde \u00e7\u0131k\u0131yor kar\u015f\u0131m\u0131za. \u0130skandinav mitolojisi birbirinden \u00fcrk\u00fct\u00fcc\u00fc tanr\u0131lar\u0131yla, t\u00fcyler \u00fcrpertici efsaneleriyle, g\u00fc\u00e7 sava\u015flar\u0131yla ilgi \u00e7ekerken \u00e7o\u011funlukla e\u011flenceli ve gotik karakterleriyle \u00e7eker okuyucuyu kendine. Bu kitapta hem \u0130skandinav mitolojisinin karakterlerini tan\u0131yacak hem de gizemli efsanelerin d\u00fcnyas\u0131na dalacaks\u0131n\u0131z. \u0130skandinav mitolojisini anlamak a\u00e7\u0131s\u0131ndan \u00e7ok \u00f6nemli bir kaynak olarak kabul edilebilecek bu kitapta ayn\u0131 zamanda bir\u00e7ok pop\u00fcler eseri daha iyi kavraman\u0131n ve anlamland\u0131rman\u0131n anahtarlar\u0131n\u0131 da bulacaks\u0131n\u0131z. <\/p>\n","protected":false},"excerpt":{"rendered":"<p>\u201cVALHALLA\u2019YA GELEN B\u0130R SAVA\u015e\u00c7I \u015e\u0130K\u00c2YET ETMEZ!\u201d \u2013 RAGNAR LOTHBROK Bug\u00fcn Avrupa\u2019y\u0131 ve Avrupa k\u00fclt\u00fcr\u00fcn\u00fc \u015fekillendiren yap\u0131ta\u015flar\u0131 aras\u0131nda ku\u015fkusuz \u0130skandinav mitolojisi de vard\u0131r. \u0130skandinav mitolojisine ait ki\u015filer<span class=\"excerpt-hellip\"> [\u2026]<\/span><\/p>\n","protected":false},"featured_media":0,"template":"","meta":{"_monsterinsights_skip_tracking":false,"_monsterinsights_sitenote_active":false,"_monsterinsights_sitenote_note":"","_monsterinsights_sitenote_category":0},"product_brand":[],"product_cat":[12718,12858],"product_tag":[],"class_list":{"0":"post-743863","1":"product","2":"type-product","3":"status-publish","5":"product_cat-din","6":"product_cat-mitolojiler","7":"pa_cilt-ciltsiz","8":"pa_tur-kitap","9":"pa_yayinevi-destek-yayinlari","10":"pa_yazar-mehmet-emre-inal","12":"first","13":"instock","14":"sale","15":"shipping-taxable","16":"purchasable","17":"product-type-simple"},"_links":{"self":[{"href":"https:\/\/roveyayinevi.com.tr\/index.php\/wp-json\/wp\/v2\/product\/743863","targetHints":{"allow":["GET"]}}],"collection":[{"href":"https:\/\/roveyayinevi.com.tr\/index.php\/wp-json\/wp\/v2\/product"}],"about":[{"href":"https:\/\/roveyayinevi.com.tr\/index.php\/wp-json\/wp\/v2\/types\/product"}],"wp:attachment":[{"href":"https:\/\/roveyayinevi.com.tr\/index.php\/wp-json\/wp\/v2\/media?parent=743863"}],"wp:term":[{"taxonomy":"product_brand","embeddable":true,"href":"https:\/\/roveyayinevi.com.tr\/index.php\/wp-json\/wp\/v2\/product_brand?post=743863"},{"taxonomy":"product_cat","embeddable":true,"href":"https:\/\/roveyayinevi.com.tr\/index.php\/wp-json\/wp\/v2\/product_cat?post=743863"},{"taxonomy":"product_tag","embeddable":true,"href":"https:\/\/roveyayinevi.com.tr\/index.php\/wp-json\/wp\/v2\/product_tag?post=743863"}],"curies":[{"name":"wp","href":"https:\/\/api.w.org\/{rel}","templated":true}]}}