{"id":743862,"date":"2025-08-28T01:44:28","date_gmt":"2025-08-27T22:44:28","guid":{"rendered":"https:\/\/roveyayinevi.com.tr\/index.php\/urun\/akilli-kadinin-basucu-kitabi\/"},"modified":"2026-04-16T02:55:33","modified_gmt":"2026-04-15T23:55:33","slug":"akilli-kadinin-basucu-kitabi","status":"publish","type":"product","link":"https:\/\/roveyayinevi.com.tr\/index.php\/urun\/akilli-kadinin-basucu-kitabi\/","title":{"rendered":"Ak\u0131ll\u0131 Kad\u0131n\u0131n Ba\u015fucu Kitab\u0131"},"content":{"rendered":"<p>\u201cK\u0131z\u0131m ak\u0131ll\u0131 ol!\u201d   Devir, kendini bulan\u0131n, kendini ya\u015fayan\u0131n ama en \u00f6nemlisi de kendini kabul ettirenin devri&#8230; Art\u0131k hi\u00e7bir \u015fey k\u0131smet de\u011fil&#8230; \u0130yi planlayan yapar, kontrol eden de\u011fi\u015ftirir, ak\u0131ll\u0131 olan zaten kazan\u0131r. Peki bir kad\u0131n akl\u0131n\u0131 nas\u0131l kullan\u0131r? Tabii ki \u00f6nce kendini tan\u0131yarak, s\u0131n\u0131rlar\u0131n\u0131 \u00e7izerek ve neye hay\u0131r demesi gerekti\u011fini bilerek&#8230;   Benim s\u0131n\u0131rlar\u0131m ne? Kullan\u0131l\u0131yor muyum yoksa seviliyor muyum? \u0130li\u015fkilerimde kendimi nas\u0131l ortaya koyabilirim? \u0130li\u015fkilerde hep kazanan olman\u0131n bir yolu var m\u0131? Vazge\u00e7ilmez olman\u0131n s\u0131rr\u0131 ne?   B\u00fct\u00fcn bu sorular\u0131n cevab\u0131 elinizdeki kitapta&#8230; Unutmay\u0131n ki ak\u0131ll\u0131 kad\u0131n, d\u00fczene uyum sa\u011flama becerisi g\u00f6sterebilen kad\u0131n de\u011fildir, kendi d\u00fczenini in\u015fa edebilendir. Ama yeni bir d\u00fczen i\u00e7in \u00f6nce eskisinden vazge\u00e7mek gerekir. Haz\u0131rsan\u0131z, \u00f6nce y\u0131kal\u0131m, sonra yeniden kural\u0131m&#8230; <\/p>\n","protected":false},"excerpt":{"rendered":"<p>\u201cK\u0131z\u0131m ak\u0131ll\u0131 ol!\u201d Devir, kendini bulan\u0131n, kendini ya\u015fayan\u0131n ama en \u00f6nemlisi de kendini kabul ettirenin devri&#8230; Art\u0131k hi\u00e7bir \u015fey k\u0131smet de\u011fil&#8230; \u0130yi planlayan yapar, kontrol eden<span class=\"excerpt-hellip\"> [\u2026]<\/span><\/p>\n","protected":false},"featured_media":0,"template":"","meta":{"_monsterinsights_skip_tracking":false,"_monsterinsights_sitenote_active":false,"_monsterinsights_sitenote_note":"","_monsterinsights_sitenote_category":0},"product_brand":[],"product_cat":[12364,12376],"product_tag":[],"class_list":{"0":"post-743862","1":"product","2":"type-product","3":"status-publish","5":"product_cat-genel-konular","6":"product_cat-kisisel-gelisim","7":"pa_cilt-ciltsiz","8":"pa_tur-kitap","9":"pa_yayinevi-destek-yayinlari","10":"pa_yazar-melis-bozkurt","12":"first","13":"instock","14":"sale","15":"shipping-taxable","16":"purchasable","17":"product-type-simple"},"_links":{"self":[{"href":"https:\/\/roveyayinevi.com.tr\/index.php\/wp-json\/wp\/v2\/product\/743862","targetHints":{"allow":["GET"]}}],"collection":[{"href":"https:\/\/roveyayinevi.com.tr\/index.php\/wp-json\/wp\/v2\/product"}],"about":[{"href":"https:\/\/roveyayinevi.com.tr\/index.php\/wp-json\/wp\/v2\/types\/product"}],"wp:attachment":[{"href":"https:\/\/roveyayinevi.com.tr\/index.php\/wp-json\/wp\/v2\/media?parent=743862"}],"wp:term":[{"taxonomy":"product_brand","embeddable":true,"href":"https:\/\/roveyayinevi.com.tr\/index.php\/wp-json\/wp\/v2\/product_brand?post=743862"},{"taxonomy":"product_cat","embeddable":true,"href":"https:\/\/roveyayinevi.com.tr\/index.php\/wp-json\/wp\/v2\/product_cat?post=743862"},{"taxonomy":"product_tag","embeddable":true,"href":"https:\/\/roveyayinevi.com.tr\/index.php\/wp-json\/wp\/v2\/product_tag?post=743862"}],"curies":[{"name":"wp","href":"https:\/\/api.w.org\/{rel}","templated":true}]}}