{"id":743860,"date":"2025-08-28T01:44:25","date_gmt":"2025-08-27T22:44:25","guid":{"rendered":"https:\/\/roveyayinevi.com.tr\/index.php\/urun\/eger-pesinden-gelirsem-ciltli\/"},"modified":"2026-04-16T02:55:33","modified_gmt":"2026-04-15T23:55:33","slug":"eger-pesinden-gelirsem-ciltli","status":"publish","type":"product","link":"https:\/\/roveyayinevi.com.tr\/index.php\/urun\/eger-pesinden-gelirsem-ciltli\/","title":{"rendered":"E\u011fer Pe\u015finden Gelirsem (Ciltli)"},"content":{"rendered":"<p>Gen\u00e7 ya\u015fta yaln\u0131z kalan Armin en b\u00fcy\u00fck hayali u\u011fruna y\u0131llarca \u00e7al\u0131\u015f\u0131p para biriktirir. Hedefine hi\u00e7 olmad\u0131\u011f\u0131 kadar yakla\u015fm\u0131\u015fken bir gecede biriktirdi\u011fi t\u00fcm paras\u0131, hayalleri elinden al\u0131n\u0131r. Hem de erkek arkada\u015f\u0131 taraf\u0131ndan\u2026 Bir doland\u0131r\u0131c\u0131ya g\u00fcvenmenin y\u00fck\u00fcyle hayat\u0131 enkaza d\u00f6nerken kendini bir \u00e7\u0131kmaz\u0131n i\u00e7inde bulur.   Ya\u015famaya dair t\u00fcm umutlar\u0131n\u0131 yitirip doland\u0131r\u0131ld\u0131\u011f\u0131 gece, hayat\u0131na son vermek istedi\u011finde kaderin onun i\u00e7in bamba\u015fka planlar\u0131 vard\u0131r. Onu bu yanl\u0131\u015f karar\u0131ndan vazge\u00e7iren Saruhan Kalayc\u0131\u2019yla bir anla\u015fma yapt\u0131\u011f\u0131nda her \u015feyin d\u00fczelece\u011fine inan\u0131r fakat paras\u0131n\u0131 kurtarmak u\u011fruna pe\u015fine tak\u0131ld\u0131\u011f\u0131 adam\u0131n kim oldu\u011fu hakk\u0131nda hi\u00e7bir fikri yoktur.   &#8220;E\u011fer pe\u015finden gelirsem geri d\u00f6nemeyece\u011fimi s\u00f6ylemi\u015ftin bana. O g\u00fcn seni dinlemeliydim.&#8221;<\/p>\n","protected":false},"excerpt":{"rendered":"<p>Gen\u00e7 ya\u015fta yaln\u0131z kalan Armin en b\u00fcy\u00fck hayali u\u011fruna y\u0131llarca \u00e7al\u0131\u015f\u0131p para biriktirir. Hedefine hi\u00e7 olmad\u0131\u011f\u0131 kadar yakla\u015fm\u0131\u015fken bir gecede biriktirdi\u011fi t\u00fcm paras\u0131, hayalleri elinden al\u0131n\u0131r.<span class=\"excerpt-hellip\"> [\u2026]<\/span><\/p>\n","protected":false},"featured_media":0,"template":"","meta":{"_monsterinsights_skip_tracking":false,"_monsterinsights_sitenote_active":false,"_monsterinsights_sitenote_note":"","_monsterinsights_sitenote_category":0},"product_brand":[],"product_cat":[12803,12291],"product_tag":[],"class_list":{"0":"post-743860","1":"product","2":"type-product","3":"status-publish","5":"product_cat-aksiyon-macera","6":"product_cat-edebiyat","7":"pa_cilt-ciltli","8":"pa_tur-kitap","9":"pa_yayinevi-ren-kitap","10":"pa_yazar-emre-gul","12":"first","13":"instock","14":"sale","15":"shipping-taxable","16":"purchasable","17":"product-type-simple"},"_links":{"self":[{"href":"https:\/\/roveyayinevi.com.tr\/index.php\/wp-json\/wp\/v2\/product\/743860","targetHints":{"allow":["GET"]}}],"collection":[{"href":"https:\/\/roveyayinevi.com.tr\/index.php\/wp-json\/wp\/v2\/product"}],"about":[{"href":"https:\/\/roveyayinevi.com.tr\/index.php\/wp-json\/wp\/v2\/types\/product"}],"wp:attachment":[{"href":"https:\/\/roveyayinevi.com.tr\/index.php\/wp-json\/wp\/v2\/media?parent=743860"}],"wp:term":[{"taxonomy":"product_brand","embeddable":true,"href":"https:\/\/roveyayinevi.com.tr\/index.php\/wp-json\/wp\/v2\/product_brand?post=743860"},{"taxonomy":"product_cat","embeddable":true,"href":"https:\/\/roveyayinevi.com.tr\/index.php\/wp-json\/wp\/v2\/product_cat?post=743860"},{"taxonomy":"product_tag","embeddable":true,"href":"https:\/\/roveyayinevi.com.tr\/index.php\/wp-json\/wp\/v2\/product_tag?post=743860"}],"curies":[{"name":"wp","href":"https:\/\/api.w.org\/{rel}","templated":true}]}}