{"id":743859,"date":"2025-08-28T01:44:24","date_gmt":"2025-08-27T22:44:24","guid":{"rendered":"https:\/\/roveyayinevi.com.tr\/index.php\/urun\/dengbeji-ve-folklor\/"},"modified":"2026-04-16T02:55:33","modified_gmt":"2026-04-15T23:55:33","slug":"dengbeji-ve-folklor","status":"publish","type":"product","link":"https:\/\/roveyayinevi.com.tr\/index.php\/urun\/dengbeji-ve-folklor\/","title":{"rendered":"Dengbeji ve Folklor"},"content":{"rendered":"<p>Dengbej; lisand\u0131r \/ K\u00fcrt\u00e7edir, din-iman, dem-zaman, d\u00fcn-bug\u00fcn-yar\u0131n, d\u00fc\u015f\u00fcnce-fikir, dua ve zikir, \u0130lah ve kul bu lisandad\u0131r. Lisandan haberdar olan, onu koruyan, s\u00fcsleyen, anlam katan, var eden, musikiye d\u00f6nd\u00fcren, govend tutup dilan ettiren, yas-matem tutup a\u011flatan, y\u00e2re kavu\u015fturup sevindiren, s\u00f6z ile h\u00fck\u00fcm veren, bir kelam ile sava\u015f\u0131 kesen bu y\u00fcce s\u00f6z \/ kelam dengbejin vicdan\u0131ndad\u0131r, beynindedir, g\u00f6nl\u00fcndedir, dilindedir. \u2018\u2018\u00d6nce s\u00f6z \/ kelam vard\u0131.\u201d Dengbej; K\u00fcrt S\u00f6zl\u00fc K\u00fclt\u00fcr\u00fcn\u00fcn definesi, sefinesi ve K\u00fcrt netewin konu\u015fan cevheridir. Dengbejin kalbi; sevdan\u0131n, hasretin, \u0131st\u0131rab\u0131n, onurun, insanl\u0131\u011f\u0131n, rahmetin mek\u00e2n\u0131d\u0131r. S\u0131radan in-sandan, elinde sopas\u0131 ve mal\u0131 \/ m\u00fclk\u00fc olup da h\u00fcneri olmayanlardan apayr\u0131 bir karakterdir. Bir rahip \/ hoca gibi toplumda dokunulmazl\u0131\u011f\u0131 vard\u0131r. Dengbejlik, bir inanc\u0131n ve a\u015firetin, dinin, mesle\u011fin tekelinde de\u011fildir. Kabiliyete t\u00e2bidir, kime nasip olmu\u015f da gayretle \u00f6\u011frenmi\u015f ve \u00f6\u011fretmi\u015fse o dengbej olur. Dengbej, bir radyo istasyonu gibidir. Dalgaboyu ve frekans tutarsa herkes onu dinler ve izler, gitti\u011fi yerlerde haber olur, ordan ses \/ seda gelir. Dengbej, g\u00f6ren, tan\u0131yan, anlam veren, sezinleyen sanat ehli ve y\u00fcksek bir haf\u0131za ve s\u00f6yleme yetene\u011fi olan bir ki\u015fidir, yapt\u0131klar\u0131 ve yapmad\u0131klar\u0131 anlaml\u0131d\u0131r. Canl\u0131 ve cans\u0131z\u0131n s\u00f6z\u00fcd\u00fcr, kalplere serinlik veren, insanlar\u0131 e\u011fiten, d\u00fc\u015f\u00fcnd\u00fcren ve y\u00f6nlendirendir. K\u00fcrt \u00f6rf ve \u00e2detinin, umut ve hasretinin, cesaret, c\u00f6mertlik ve \u00f6fkesinin, sevgi ve kavgas\u0131n\u0131n, do\u011fum ve \u00f6l\u00fcm\u00fcn\u00fcn, \u00f6zg\u00fcrl\u00fck ve bar\u0131\u015f\u0131n\u0131n definesi, k\u00fcresi, sahibi ve e\u011fitenidir. Dengbejin g\u00fcc\u00fc; sesi, s\u00f6z\u00fc ve haf\u0131za, kudretidir.   <\/p>\n","protected":false},"excerpt":{"rendered":"<p>Dengbej; lisand\u0131r \/ K\u00fcrt\u00e7edir, din-iman, dem-zaman, d\u00fcn-bug\u00fcn-yar\u0131n, d\u00fc\u015f\u00fcnce-fikir, dua ve zikir, \u0130lah ve kul bu lisandad\u0131r. Lisandan haberdar olan, onu koruyan, s\u00fcsleyen, anlam katan, var eden,<span class=\"excerpt-hellip\"> [\u2026]<\/span><\/p>\n","protected":false},"featured_media":0,"template":"","meta":{"_monsterinsights_skip_tracking":false,"_monsterinsights_sitenote_active":false,"_monsterinsights_sitenote_note":"","_monsterinsights_sitenote_category":0},"product_brand":[],"product_cat":[16038,12388],"product_tag":[],"class_list":{"0":"post-743859","1":"product","2":"type-product","3":"status-publish","5":"product_cat-arastirma-inceleme-referans-felsefe","6":"product_cat-felsefe","7":"pa_cilt-ciltsiz","8":"pa_tur-kitap","9":"pa_yayinevi-favori-yayinlari","10":"pa_yazar-omer-ulucay","12":"first","13":"instock","14":"sale","15":"shipping-taxable","16":"purchasable","17":"product-type-simple"},"_links":{"self":[{"href":"https:\/\/roveyayinevi.com.tr\/index.php\/wp-json\/wp\/v2\/product\/743859","targetHints":{"allow":["GET"]}}],"collection":[{"href":"https:\/\/roveyayinevi.com.tr\/index.php\/wp-json\/wp\/v2\/product"}],"about":[{"href":"https:\/\/roveyayinevi.com.tr\/index.php\/wp-json\/wp\/v2\/types\/product"}],"wp:attachment":[{"href":"https:\/\/roveyayinevi.com.tr\/index.php\/wp-json\/wp\/v2\/media?parent=743859"}],"wp:term":[{"taxonomy":"product_brand","embeddable":true,"href":"https:\/\/roveyayinevi.com.tr\/index.php\/wp-json\/wp\/v2\/product_brand?post=743859"},{"taxonomy":"product_cat","embeddable":true,"href":"https:\/\/roveyayinevi.com.tr\/index.php\/wp-json\/wp\/v2\/product_cat?post=743859"},{"taxonomy":"product_tag","embeddable":true,"href":"https:\/\/roveyayinevi.com.tr\/index.php\/wp-json\/wp\/v2\/product_tag?post=743859"}],"curies":[{"name":"wp","href":"https:\/\/api.w.org\/{rel}","templated":true}]}}