{"id":743858,"date":"2025-08-28T01:44:23","date_gmt":"2025-08-27T22:44:23","guid":{"rendered":"https:\/\/roveyayinevi.com.tr\/index.php\/urun\/hangi-insan\/"},"modified":"2026-04-16T02:55:33","modified_gmt":"2026-04-15T23:55:33","slug":"hangi-insan","status":"publish","type":"product","link":"https:\/\/roveyayinevi.com.tr\/index.php\/urun\/hangi-insan\/","title":{"rendered":"Hangi \u0130nsan?"},"content":{"rendered":"<p>2014 y\u0131l\u0131nda, New York\u2019ta, \u00fcniversite \u00f6\u011frencisi \u00fc\u00e7 ev arkada\u015f\u0131 ikinci el mobilyac\u0131dan ald\u0131klar\u0131 20 dolarl\u0131k kanepenin minderlerinin aras\u0131na gizlenmi\u015f 40 bin dolar buldular ve paray\u0131 as\u0131l sahibi olan 91 ya\u015f\u0131ndaki kad\u0131na iade ettiler. Rasyonelli\u011fin \u00e7o\u011fu zaman kendi \u00e7\u0131kar\u0131n\u0131 d\u00fc\u015f\u00fcnmekle \u00f6zde\u015fle\u015ftirildi\u011fini hat\u0131rlayacak olursak bu \u00fc\u00e7 \u00fcniversite \u00f6\u011frencisi rasyonel de\u011fildir mi diyece\u011fiz?  Rasyonellik ayn\u0131 zamanda hesapl\u0131 kitapl\u0131 hareket etmekle, mant\u0131kl\u0131 ve tutarl\u0131 olmakla ili\u015fkilendirilir. Her ne kadar akla uygun davranmaya \u00e7al\u0131\u015fsak da se\u00e7imlerimize ve davran\u0131\u015flar\u0131m\u0131za y\u00f6n veren sosyo-k\u00fclt\u00fcrel ve psikolojik etkenler vard\u0131r. Bu durumda tutars\u0131z davranmak, hata yapmak, yanl\u0131 olmak ve duygular\u0131m\u0131z\u0131 i\u015fin i\u00e7ine kar\u0131\u015ft\u0131rmak da davran\u0131\u015flar\u0131m\u0131z \u00fczerinde belirleyicidir. Bu nedenle rasyonellik kavram\u0131n\u0131 indirgemeci bir yakla\u015f\u0131mla incelemek yerine farkl\u0131 disiplinlerin katk\u0131s\u0131yla daha geni\u015f bir \u00e7er\u00e7evede ele almak gerekir.    Bu kitaptaki yaz\u0131lar, davran\u0131\u015f bilimlerinin farkl\u0131 disiplinlerinden ara\u015ft\u0131rmac\u0131lar\u0131n rasyonellik kavram\u0131n\u0131 nas\u0131l ele ald\u0131klar\u0131na dair bir se\u00e7ki ve g\u00fcncel bir tart\u0131\u015fma zemini sunmaktad\u0131r.  <\/p>\n","protected":false},"excerpt":{"rendered":"<p>2014 y\u0131l\u0131nda, New York\u2019ta, \u00fcniversite \u00f6\u011frencisi \u00fc\u00e7 ev arkada\u015f\u0131 ikinci el mobilyac\u0131dan ald\u0131klar\u0131 20 dolarl\u0131k kanepenin minderlerinin aras\u0131na gizlenmi\u015f 40 bin dolar buldular ve paray\u0131 as\u0131l<span class=\"excerpt-hellip\"> [\u2026]<\/span><\/p>\n","protected":false},"featured_media":0,"template":"","meta":{"_monsterinsights_skip_tracking":false,"_monsterinsights_sitenote_active":false,"_monsterinsights_sitenote_note":"","_monsterinsights_sitenote_category":0},"product_brand":[],"product_cat":[12325,12324],"product_tag":[],"class_list":{"0":"post-743858","1":"product","2":"type-product","3":"status-publish","5":"product_cat-diger-sosyoloji","6":"product_cat-sosyoloji","7":"pa_cilt-ciltsiz","8":"pa_tur-kitap","9":"pa_yayinevi-efil-yayinevi","10":"pa_yazar-kolektif","12":"first","13":"instock","14":"sale","15":"shipping-taxable","16":"purchasable","17":"product-type-simple"},"_links":{"self":[{"href":"https:\/\/roveyayinevi.com.tr\/index.php\/wp-json\/wp\/v2\/product\/743858","targetHints":{"allow":["GET"]}}],"collection":[{"href":"https:\/\/roveyayinevi.com.tr\/index.php\/wp-json\/wp\/v2\/product"}],"about":[{"href":"https:\/\/roveyayinevi.com.tr\/index.php\/wp-json\/wp\/v2\/types\/product"}],"wp:attachment":[{"href":"https:\/\/roveyayinevi.com.tr\/index.php\/wp-json\/wp\/v2\/media?parent=743858"}],"wp:term":[{"taxonomy":"product_brand","embeddable":true,"href":"https:\/\/roveyayinevi.com.tr\/index.php\/wp-json\/wp\/v2\/product_brand?post=743858"},{"taxonomy":"product_cat","embeddable":true,"href":"https:\/\/roveyayinevi.com.tr\/index.php\/wp-json\/wp\/v2\/product_cat?post=743858"},{"taxonomy":"product_tag","embeddable":true,"href":"https:\/\/roveyayinevi.com.tr\/index.php\/wp-json\/wp\/v2\/product_tag?post=743858"}],"curies":[{"name":"wp","href":"https:\/\/api.w.org\/{rel}","templated":true}]}}