{"id":743854,"date":"2025-08-28T01:44:19","date_gmt":"2025-08-27T22:44:19","guid":{"rendered":"https:\/\/roveyayinevi.com.tr\/index.php\/urun\/bosluklar-olusturmak\/"},"modified":"2026-04-16T02:55:33","modified_gmt":"2026-04-15T23:55:33","slug":"bosluklar-olusturmak","status":"publish","type":"product","link":"https:\/\/roveyayinevi.com.tr\/index.php\/urun\/bosluklar-olusturmak\/","title":{"rendered":"Bo\u015fluklar Olu\u015fturmak"},"content":{"rendered":"<p>Dahas\u0131 o zamanlarda konulmu\u015f herhangi bir kural olmadan yap\u0131 \u00f6l\u00e7e\u011finde gayet muntazam diyebilece\u011fimiz yap\u0131lar in\u015fa ettik. Hatta d\u0131\u015fardan biri gelip bu yap\u0131lar\u0131n ancak belli kurallar \u00e7er\u00e7evesinde yap\u0131ld\u0131\u011f\u0131n\u0131 d\u00fc\u015f\u00fcn\u00fcrd\u00fc. \u015eu an \u00fclkemizde di\u011fer \u00fclkelere nazaran iki-\u00fc\u00e7 kat daha fazla imar kanunu olmas\u0131na ra\u011fmen, kentlerimize bakt\u0131\u011f\u0131m\u0131zda \u201cHi\u00e7bir kural olmasa bu kadar kurals\u0131z yap\u0131la\u015fma olmazd\u0131,\u201d der gibiyiz. Peki neden?   Eskiden inan\u00e7, vicdan, sayg\u0131 gibi kavramlar vard\u0131, bug\u00fcn bunlar\u0131n yerine getirdi\u011fimiz \u015feyler bizi delirtip i\u015fin tilkisi olmaya itti. Normalde hakka hukuka, yasalara t\u00fcm\u00fcyle ba\u011fl\u0131 bireyler imar konusuna gelince sistemdeki a\u00e7\u0131klardan yararlanan bir parazite d\u00f6n\u00fc\u015febiliyor. Buradaki as\u0131l s\u0131k\u0131nt\u0131 ise bunu yapt\u0131ktan sonra herkese \u00f6v\u00fcnerek bahsetmesi. Herkes de bu yap\u0131lan\u0131 hayranl\u0131kla dinleyebiliyor.   ***   Yeni s\u0131n\u0131rlar \u00f6rerek olu\u015fturulan cezaevleri t\u00fcm kentleri ele ge\u00e7iriyor. Hi\u00e7 kimse ses \u00e7\u0131karm\u0131yor, hatta olan bitene yap\u0131lan \u00f6vg\u00fcler sonucu sistem, daha fazlas\u0131n\u0131 yapabilmek i\u00e7in daha fazla \u00f6zg\u00fcrl\u00fck istiyor. Sisteme verilen her \u00f6zg\u00fcrl\u00fck kendi \u00f6zg\u00fcrl\u00fc\u011f\u00fcm\u00fczden al\u0131yor ve bizim bunu fark etmemizi engellemek i\u00e7inse medyay\u0131 kendi istekleri gibi kullan\u0131yorlar.   Eskiden l\u00fcks olarak nitelendirebilece\u011fimiz \u015feylerin ihtiya\u00e7la\u015ft\u0131r\u0131lmas\u0131 da verdi\u011fimiz \u00f6zg\u00fcrl\u00fcklerin bir sonucu olarak kar\u015f\u0131m\u0131za \u00e7\u0131kmaktad\u0131r. \u00d6rne\u011fin kentlerimizdeki hastaneleri, okullar\u0131, hava limanlar\u0131n\u0131, kamu binalar\u0131n\u0131 halktan uzakla\u015ft\u0131rd\u0131lar ve onlara ula\u015fmak i\u00e7in arabalar bir \u201cihtiya\u00e7\u201d oldu. <\/p>\n","protected":false},"excerpt":{"rendered":"<p>Dahas\u0131 o zamanlarda konulmu\u015f herhangi bir kural olmadan yap\u0131 \u00f6l\u00e7e\u011finde gayet muntazam diyebilece\u011fimiz yap\u0131lar in\u015fa ettik. Hatta d\u0131\u015fardan biri gelip bu yap\u0131lar\u0131n ancak belli kurallar \u00e7er\u00e7evesinde<span class=\"excerpt-hellip\"> [\u2026]<\/span><\/p>\n","protected":false},"featured_media":0,"template":"","meta":{"_monsterinsights_skip_tracking":false,"_monsterinsights_sitenote_active":false,"_monsterinsights_sitenote_note":"","_monsterinsights_sitenote_category":0},"product_brand":[],"product_cat":[13512,12408],"product_tag":[],"class_list":{"0":"post-743854","1":"product","2":"type-product","3":"status-publish","5":"product_cat-mimarlik","6":"product_cat-sanat","7":"pa_cilt-ciltsiz","8":"pa_tur-kitap","9":"pa_yayinevi-luna-yayinlari","10":"pa_yazar-muhammet-onur-salur","12":"first","13":"instock","14":"sale","15":"shipping-taxable","16":"purchasable","17":"product-type-simple"},"_links":{"self":[{"href":"https:\/\/roveyayinevi.com.tr\/index.php\/wp-json\/wp\/v2\/product\/743854","targetHints":{"allow":["GET"]}}],"collection":[{"href":"https:\/\/roveyayinevi.com.tr\/index.php\/wp-json\/wp\/v2\/product"}],"about":[{"href":"https:\/\/roveyayinevi.com.tr\/index.php\/wp-json\/wp\/v2\/types\/product"}],"wp:attachment":[{"href":"https:\/\/roveyayinevi.com.tr\/index.php\/wp-json\/wp\/v2\/media?parent=743854"}],"wp:term":[{"taxonomy":"product_brand","embeddable":true,"href":"https:\/\/roveyayinevi.com.tr\/index.php\/wp-json\/wp\/v2\/product_brand?post=743854"},{"taxonomy":"product_cat","embeddable":true,"href":"https:\/\/roveyayinevi.com.tr\/index.php\/wp-json\/wp\/v2\/product_cat?post=743854"},{"taxonomy":"product_tag","embeddable":true,"href":"https:\/\/roveyayinevi.com.tr\/index.php\/wp-json\/wp\/v2\/product_tag?post=743854"}],"curies":[{"name":"wp","href":"https:\/\/api.w.org\/{rel}","templated":true}]}}