{"id":743843,"date":"2025-08-28T01:44:07","date_gmt":"2025-08-27T22:44:07","guid":{"rendered":"https:\/\/roveyayinevi.com.tr\/index.php\/urun\/erken-cocukluk-doneminde-duyu-egitimi\/"},"modified":"2026-04-16T02:55:32","modified_gmt":"2026-04-15T23:55:32","slug":"erken-cocukluk-doneminde-duyu-egitimi","status":"publish","type":"product","link":"https:\/\/roveyayinevi.com.tr\/index.php\/urun\/erken-cocukluk-doneminde-duyu-egitimi\/","title":{"rendered":"Erken \u00c7ocukluk D\u00f6neminde Duyu E\u011fitimi"},"content":{"rendered":"<p>\u00c7ocuklar\u0131n ya\u015fama ba\u015flad\u0131klar\u0131 ilk anlardan itibaren, b\u00fcy\u00fck bir k\u0131sm\u0131 anne karn\u0131nda geli\u015fmeye ba\u015flayan alg\u0131sal yeterlilikleri de artmaya ba\u015flar. \u00c7ocuklar d\u00fcnyay\u0131, meraklar\u0131n\u0131n tetikledi\u011fi her alanda duyular\u0131yla ke\u015ffetmeye ve gelecek i\u00e7in bilgi edinmeye ba\u015flarlar. Bu s\u00fcre\u00e7te \u00e7ocu\u011fun, yeti\u015fkinin bilin\u00e7li rehberli\u011fine oldu\u011fu kadar, kendi i\u00e7ten gelen hevesiyle de d\u00fcnyay\u0131 alg\u0131lamas\u0131, deneyimlerini \u00e7e\u015fitlendirmesi son derece \u00f6nemlidir.   \u0130\u015fte bu bilimsel kitap, bu konuda alana b\u00fct\u00fcnc\u00fcl ve g\u00fcncel bir katk\u0131 sa\u011flayabilmesi d\u00fc\u015f\u00fcn\u00fclerek tasarlanm\u0131\u015ft\u0131r. \u00d6ncelikle duyu e\u011fitiminin ne oldu\u011fu ilgili ve yak\u0131n kavramlar\u0131n \u0131\u015f\u0131\u011f\u0131nda ele al\u0131narak, g\u00fcncel bak\u0131\u015f a\u00e7\u0131s\u0131 ile ele al\u0131nan 7 duyunun nas\u0131l i\u015flem g\u00f6rd\u00fc\u011f\u00fc, \u00e7ocuk geli\u015fim s\u00fcrecinde nas\u0131l geli\u015fim g\u00f6sterdi\u011fi ve erken \u00e7ocukluk d\u00f6neminde bu duyularla ilgili olarak evde ve okulda yap\u0131labilecek etkinlik \u00f6rnekleri ve g\u00fcnl\u00fck hayatta duyusal deneyimler kapsanarak duyu parklar\u0131 ve duyu odalar\u0131 gibi duyular\u0131n desteklenmesine y\u00f6nelik sistemli m\u00fcdahaleler de ele al\u0131nm\u0131\u015ft\u0131r.<\/p>\n","protected":false},"excerpt":{"rendered":"<p>\u00c7ocuklar\u0131n ya\u015fama ba\u015flad\u0131klar\u0131 ilk anlardan itibaren, b\u00fcy\u00fck bir k\u0131sm\u0131 anne karn\u0131nda geli\u015fmeye ba\u015flayan alg\u0131sal yeterlilikleri de artmaya ba\u015flar. \u00c7ocuklar d\u00fcnyay\u0131, meraklar\u0131n\u0131n tetikledi\u011fi her alanda duyular\u0131yla ke\u015ffetmeye<span class=\"excerpt-hellip\"> [\u2026]<\/span><\/p>\n","protected":false},"featured_media":0,"template":"","meta":{"_monsterinsights_skip_tracking":false,"_monsterinsights_sitenote_active":false,"_monsterinsights_sitenote_note":"","_monsterinsights_sitenote_category":0},"product_brand":[],"product_cat":[12573,12566],"product_tag":[],"class_list":{"0":"post-743843","1":"product","2":"type-product","3":"status-publish","5":"product_cat-akademik-kitaplar","6":"product_cat-egitim","7":"pa_cilt-ciltsiz","8":"pa_tur-kitap","9":"pa_yayinevi-egiten-kitap","10":"pa_yazar-binhan-koyuncuoglu","12":"first","13":"instock","14":"sale","15":"shipping-taxable","16":"purchasable","17":"product-type-simple"},"_links":{"self":[{"href":"https:\/\/roveyayinevi.com.tr\/index.php\/wp-json\/wp\/v2\/product\/743843","targetHints":{"allow":["GET"]}}],"collection":[{"href":"https:\/\/roveyayinevi.com.tr\/index.php\/wp-json\/wp\/v2\/product"}],"about":[{"href":"https:\/\/roveyayinevi.com.tr\/index.php\/wp-json\/wp\/v2\/types\/product"}],"wp:attachment":[{"href":"https:\/\/roveyayinevi.com.tr\/index.php\/wp-json\/wp\/v2\/media?parent=743843"}],"wp:term":[{"taxonomy":"product_brand","embeddable":true,"href":"https:\/\/roveyayinevi.com.tr\/index.php\/wp-json\/wp\/v2\/product_brand?post=743843"},{"taxonomy":"product_cat","embeddable":true,"href":"https:\/\/roveyayinevi.com.tr\/index.php\/wp-json\/wp\/v2\/product_cat?post=743843"},{"taxonomy":"product_tag","embeddable":true,"href":"https:\/\/roveyayinevi.com.tr\/index.php\/wp-json\/wp\/v2\/product_tag?post=743843"}],"curies":[{"name":"wp","href":"https:\/\/api.w.org\/{rel}","templated":true}]}}