{"id":743837,"date":"2025-08-28T01:44:00","date_gmt":"2025-08-27T22:44:00","guid":{"rendered":"https:\/\/roveyayinevi.com.tr\/index.php\/urun\/kadina-yonelik-siddet-ve-ataerkillik\/"},"modified":"2026-04-16T02:55:32","modified_gmt":"2026-04-15T23:55:32","slug":"kadina-yonelik-siddet-ve-ataerkillik","status":"publish","type":"product","link":"https:\/\/roveyayinevi.com.tr\/index.php\/urun\/kadina-yonelik-siddet-ve-ataerkillik\/","title":{"rendered":"Kad\u0131na Y\u00f6nelik \u015eiddet Ve Ataerkillik"},"content":{"rendered":"<p>Toplumsal geli\u015fmeler ve devlet politikalar\u0131 modernle\u015fme s\u00fcrecinde \u00f6nemli bir alan\u0131 kad\u0131nlar \u00fczerine bi\u00e7imlendirmektedir. Kad\u0131n haklar\u0131 feminist hareketle arac\u0131l\u0131\u011f\u0131 ile Frans\u0131z devriminden itibaren geli\u015fmi\u015ftir. \u00c7a\u011fda\u015f devlet anlay\u0131\u015f\u0131 kad\u0131nlar\u0131n sosyal, siyasal, e\u011fitsel ve ekonomik haklar\u0131n \u00e7e\u015fitlili\u011fi ile tan\u0131mlanmaktad\u0131r. Kad\u0131nlar\u0131n m\u00fccadelesi devlet kurumlar\u0131n\u0131n yan\u0131nda \u00e7e\u015fitli sivil toplum kurulu\u015flar\u0131 arac\u0131l\u0131\u011f\u0131 ile ger\u00e7ek le\u015fmektedir. Bu geli\u015fmeler kar\u015f\u0131s\u0131nda k\u00fclt\u00fcrel de\u011ferlerin kad\u0131n\u0131 ikincil bir konuma de\u011ferlendirmesinin \u00f6n\u00fcne hala ge\u00e7ilememi\u015ftir. Kad\u0131nlar\u0131n namus cinayetleri ad\u0131 alt\u0131nda \u00f6ld\u00fcr\u00fclmeleri, \u015fiddete u\u011framalar\u0131 ve her alanda haklar\u0131n\u0131n s\u0131n\u0131rland\u0131r\u0131ld\u0131\u011f\u0131 g\u00fcn\u00fcm\u00fczde s\u0131kl\u0131kla kar\u015f\u0131la\u015f\u0131lan bir durumdur. \u00dclkemizde ataerkil ili\u015fkiler \u00f6zellikle do\u011fu ve g\u00fcneydo\u011fu b\u00f6lgelerinde yayg\u0131n bir \u015fekilde varl\u0131\u011f\u0131n\u0131 korumaktad\u0131r. Bu durumda kad\u0131nlar \u00fczerinde haks\u0131z eylemler daha \u00e7ok bu b\u00f6lgelerde ya\u015fanmaktad\u0131r. Toplumun geli\u015fmesi kad\u0131nlar\u0131n toplum i\u00e7erisindeki konumlar\u0131na g\u00f6re belirlen-mektedir. Ekonomik ve sosyal a\u00e7\u0131dan geli\u015fmi\u015f b\u00f6lgelerde kad\u0131nlar kendi haklar\u0131n\u0131 savunabilmekte ve her t\u00fcrl\u00fc imkandan faydalanabilmektedir. Ancak bu durum geli\u015fmi\u015f b\u00f6lgelerde kad\u0131nlar\u0131n haks\u0131zl\u0131klardan tam anlam\u0131 ile korundu\u011fu anlam\u0131na gelmemektedir. K\u0131rsal alanlarda geleneksel yap\u0131n\u0131n olumsuz etkileri kad\u0131n\u0131 eziyorken, kentsel b\u00f6lgelerde ekonomik s\u0131k\u0131nt\u0131lar ve \u00e7e\u015fitli \u00e7at\u0131\u015fmalardan dolay\u0131 kad\u0131nlar haks\u0131zl\u0131klara ve \u015fiddete maruz kalmaktad\u0131rlar.<\/p>\n","protected":false},"excerpt":{"rendered":"<p>Toplumsal geli\u015fmeler ve devlet politikalar\u0131 modernle\u015fme s\u00fcrecinde \u00f6nemli bir alan\u0131 kad\u0131nlar \u00fczerine bi\u00e7imlendirmektedir. Kad\u0131n haklar\u0131 feminist hareketle arac\u0131l\u0131\u011f\u0131 ile Frans\u0131z devriminden itibaren geli\u015fmi\u015ftir. \u00c7a\u011fda\u015f devlet anlay\u0131\u015f\u0131<span class=\"excerpt-hellip\"> [\u2026]<\/span><\/p>\n","protected":false},"featured_media":0,"template":"","meta":{"_monsterinsights_skip_tracking":false,"_monsterinsights_sitenote_active":false,"_monsterinsights_sitenote_note":"","_monsterinsights_sitenote_category":0},"product_brand":[],"product_cat":[12573,12566],"product_tag":[],"class_list":{"0":"post-743837","1":"product","2":"type-product","3":"status-publish","5":"product_cat-akademik-kitaplar","6":"product_cat-egitim","7":"pa_cilt-ciltsiz","8":"pa_tur-kitap","9":"pa_yayinevi-egiten-kitap","10":"pa_yazar-sait-yildirim","12":"first","13":"instock","14":"sale","15":"shipping-taxable","16":"purchasable","17":"product-type-simple"},"_links":{"self":[{"href":"https:\/\/roveyayinevi.com.tr\/index.php\/wp-json\/wp\/v2\/product\/743837","targetHints":{"allow":["GET"]}}],"collection":[{"href":"https:\/\/roveyayinevi.com.tr\/index.php\/wp-json\/wp\/v2\/product"}],"about":[{"href":"https:\/\/roveyayinevi.com.tr\/index.php\/wp-json\/wp\/v2\/types\/product"}],"wp:attachment":[{"href":"https:\/\/roveyayinevi.com.tr\/index.php\/wp-json\/wp\/v2\/media?parent=743837"}],"wp:term":[{"taxonomy":"product_brand","embeddable":true,"href":"https:\/\/roveyayinevi.com.tr\/index.php\/wp-json\/wp\/v2\/product_brand?post=743837"},{"taxonomy":"product_cat","embeddable":true,"href":"https:\/\/roveyayinevi.com.tr\/index.php\/wp-json\/wp\/v2\/product_cat?post=743837"},{"taxonomy":"product_tag","embeddable":true,"href":"https:\/\/roveyayinevi.com.tr\/index.php\/wp-json\/wp\/v2\/product_tag?post=743837"}],"curies":[{"name":"wp","href":"https:\/\/api.w.org\/{rel}","templated":true}]}}