{"id":743835,"date":"2025-08-28T01:43:58","date_gmt":"2025-08-27T22:43:58","guid":{"rendered":"https:\/\/roveyayinevi.com.tr\/index.php\/urun\/egitim-orgutleri-yoneticileri-icin-insan-kaynaklari-yonetimi\/"},"modified":"2026-04-16T02:55:32","modified_gmt":"2026-04-15T23:55:32","slug":"egitim-orgutleri-yoneticileri-icin-insan-kaynaklari-yonetimi","status":"publish","type":"product","link":"https:\/\/roveyayinevi.com.tr\/index.php\/urun\/egitim-orgutleri-yoneticileri-icin-insan-kaynaklari-yonetimi\/","title":{"rendered":"E\u011fitim \u00d6rg\u00fctleri \/ Y\u00f6neticileri \u0130\u00e7in \u0130nsan Kaynaklar\u0131 Y\u00f6netimi"},"content":{"rendered":"<p>\u0130nsan kaynaklar\u0131 y\u00f6netimi (\u0130KY), insan\u0131 bir \u201ckaynak\u201d olarak ele alarak, insan\u0131n de\u011ferini indirgeyen bir bak\u0131\u015f a\u00e7\u0131s\u0131na sahip olmakla ele\u015ftirilmesine ra\u011fmen, e\u011fitim \u00f6rg\u00fctlerinin kendi do\u011fas\u0131 ve dinamikleri i\u00e7inde uygulanmas\u0131 gereken bir alan olarak d\u00fc\u015f\u00fcn\u00fclmektedir. Etkili insan kaynaklar\u0131 uygulamalar\u0131, e\u011fitim \u00f6rg\u00fctlerinin etkilili\u011fi ve yeterlili\u011fi i\u00e7in kritik \u00f6neme sahiptir ve bu alandaki uygulama gereklili\u011fi giderek daha fazla kabul g\u00f6rmektedir. Ancak, ne yaz\u0131k ki istenen d\u00fczeyde geli\u015femedi\u011fi, geli\u015ftirilen e\u011fitim politikalar\u0131nda \u0130KY konusunda sistematik ve kapsaml\u0131 bir bak\u0131\u015f a\u00e7\u0131s\u0131n\u0131n olmad\u0131\u011f\u0131 g\u00f6r\u00fclmektedir. Uygulamada olup bitenlere paralel olarak, e\u011fitim y\u00f6netimi alan yaz\u0131n\u0131nda da kapsaml\u0131 \u0130KY uygulamalar\u0131n\u0131 i\u00e7eren bir sistem olu\u015fturmaya \u00e7ok az kavramsal \u00f6nem verilmektedir.   Bu kitap, e\u011fitim y\u00f6netimi alan\u0131nda \u0130KY konusundaki gereksinimleri kar\u015f\u0131lamak ad\u0131na haz\u0131rlanm\u0131\u015ft\u0131r. Bu kitapta, okuyucunun, hem insan kaynaklar\u0131 y\u00f6netimine ili\u015fkin temel kavramlar ve ortaya \u00e7\u0131kan g\u00fcncel yakla\u015f\u0131mlar hakk\u0131nda bilgi sahibi olmas\u0131 hem de mevcut uygulamalara ili\u015fkin ele\u015ftirel bak\u0131\u015f a\u00e7\u0131lar\u0131 geli\u015ftirmesi ama\u00e7lanm\u0131\u015ft\u0131r. E\u011fitim y\u00f6netimi ve \u0130KY bilimleri aras\u0131nda k\u00f6pr\u00fc kurma amac\u0131n\u0131n benimsendi\u011fi bu eserde, okullar i\u00e7in y\u00fcksek kaliteli ve kendini adam\u0131\u015f insan kayna\u011f\u0131n\u0131 olu\u015fturmaya yard\u0131mc\u0131 olmak i\u00e7in \u0130KY\u2019nin nas\u0131l \u015fekillendirilebilece\u011fi kavramsal olarak i\u015flenmi\u015ftir.<\/p>\n","protected":false},"excerpt":{"rendered":"<p>\u0130nsan kaynaklar\u0131 y\u00f6netimi (\u0130KY), insan\u0131 bir \u201ckaynak\u201d olarak ele alarak, insan\u0131n de\u011ferini indirgeyen bir bak\u0131\u015f a\u00e7\u0131s\u0131na sahip olmakla ele\u015ftirilmesine ra\u011fmen, e\u011fitim \u00f6rg\u00fctlerinin kendi do\u011fas\u0131 ve dinamikleri<span class=\"excerpt-hellip\"> [\u2026]<\/span><\/p>\n","protected":false},"featured_media":0,"template":"","meta":{"_monsterinsights_skip_tracking":false,"_monsterinsights_sitenote_active":false,"_monsterinsights_sitenote_note":"","_monsterinsights_sitenote_category":0},"product_brand":[],"product_cat":[12573,12566],"product_tag":[],"class_list":{"0":"post-743835","1":"product","2":"type-product","3":"status-publish","5":"product_cat-akademik-kitaplar","6":"product_cat-egitim","7":"pa_cilt-ciltsiz","8":"pa_tur-kitap","9":"pa_yayinevi-egiten-kitap","10":"pa_yazar-kolektif","12":"first","13":"instock","14":"sale","15":"shipping-taxable","16":"purchasable","17":"product-type-simple"},"_links":{"self":[{"href":"https:\/\/roveyayinevi.com.tr\/index.php\/wp-json\/wp\/v2\/product\/743835","targetHints":{"allow":["GET"]}}],"collection":[{"href":"https:\/\/roveyayinevi.com.tr\/index.php\/wp-json\/wp\/v2\/product"}],"about":[{"href":"https:\/\/roveyayinevi.com.tr\/index.php\/wp-json\/wp\/v2\/types\/product"}],"wp:attachment":[{"href":"https:\/\/roveyayinevi.com.tr\/index.php\/wp-json\/wp\/v2\/media?parent=743835"}],"wp:term":[{"taxonomy":"product_brand","embeddable":true,"href":"https:\/\/roveyayinevi.com.tr\/index.php\/wp-json\/wp\/v2\/product_brand?post=743835"},{"taxonomy":"product_cat","embeddable":true,"href":"https:\/\/roveyayinevi.com.tr\/index.php\/wp-json\/wp\/v2\/product_cat?post=743835"},{"taxonomy":"product_tag","embeddable":true,"href":"https:\/\/roveyayinevi.com.tr\/index.php\/wp-json\/wp\/v2\/product_tag?post=743835"}],"curies":[{"name":"wp","href":"https:\/\/api.w.org\/{rel}","templated":true}]}}