{"id":743834,"date":"2025-08-28T01:43:57","date_gmt":"2025-08-27T22:43:57","guid":{"rendered":"https:\/\/roveyayinevi.com.tr\/index.php\/urun\/okul-oncesi-donem-cocuklarinda-gorsel-sanat-etkinlikleri-ile-cevre-egitimi\/"},"modified":"2026-04-16T02:55:32","modified_gmt":"2026-04-15T23:55:32","slug":"okul-oncesi-donem-cocuklarinda-gorsel-sanat-etkinlikleri-ile-cevre-egitimi","status":"publish","type":"product","link":"https:\/\/roveyayinevi.com.tr\/index.php\/urun\/okul-oncesi-donem-cocuklarinda-gorsel-sanat-etkinlikleri-ile-cevre-egitimi\/","title":{"rendered":"Okul \u00d6ncesi D\u00f6nem \u00c7ocuklar\u0131nda G\u00f6rsel Sanat Etkinlikleri ile \u00c7evre E\u011fitimi"},"content":{"rendered":"<p>Okul \u00f6ncesi d\u00f6nemde verilen kaliteli ve ba\u015far\u0131l\u0131 bir \u00e7evre e\u011fitimi \u00e7ocuklar\u0131n \u00e7evre bilincine sahip bireyler olarak yeti\u015fmelerine neden olacakt\u0131r. iyi bir \u00e7evre e\u011fitimi i\u00e7in bireylerin her d\u00f6neminde farkl\u0131l\u0131k g\u00f6steren alg\u0131 ve yeteneklerine g\u00f6re yap\u0131land\u0131r\u0131lm\u0131\u015f programlar etkili olmaktad\u0131r.   Bu \u00f6nem dahilinde yap\u0131lan bu ara\u015ft\u0131rman\u0131n temel amac\u0131 okul \u00f6ncesi d\u00f6nem \u00e7ocuklar\u0131nda etkili \u00e7evre e\u011fitimi i\u00e7in birbirleriyle ili\u015fkili sanat etkinlikleriyle olu\u015fturulan \u00e7evrede \u00e7evre bilincinin kazand\u0131r\u0131lmas\u0131na yard\u0131mc\u0131 olmakt\u0131r. \u00c7al\u0131\u015fma, proje yakla\u015f\u0131m\u0131na dayal\u0131 ve sanat etkinlikleri ile olu\u015fturulan \u00e7evre odakl\u0131 olup okul \u00f6ncesi \u00e7ocuklara uygulanan planlanm\u0131\u015f sanatsal i\u00e7eriklerin yer ald\u0131\u011f\u0131 \u00e7evre etkinliklerini i\u00e7ermektedir.<\/p>\n","protected":false},"excerpt":{"rendered":"<p>Okul \u00f6ncesi d\u00f6nemde verilen kaliteli ve ba\u015far\u0131l\u0131 bir \u00e7evre e\u011fitimi \u00e7ocuklar\u0131n \u00e7evre bilincine sahip bireyler olarak yeti\u015fmelerine neden olacakt\u0131r. iyi bir \u00e7evre e\u011fitimi i\u00e7in bireylerin her<span class=\"excerpt-hellip\"> [\u2026]<\/span><\/p>\n","protected":false},"featured_media":0,"template":"","meta":{"_monsterinsights_skip_tracking":false,"_monsterinsights_sitenote_active":false,"_monsterinsights_sitenote_note":"","_monsterinsights_sitenote_category":0},"product_brand":[],"product_cat":[12573,12566],"product_tag":[],"class_list":{"0":"post-743834","1":"product","2":"type-product","3":"status-publish","5":"product_cat-akademik-kitaplar","6":"product_cat-egitim","7":"pa_cilt-ciltsiz","8":"pa_tur-kitap","9":"pa_yayinevi-egiten-kitap","10":"pa_yazar-elif-icen-kukurt","12":"first","13":"instock","14":"sale","15":"shipping-taxable","16":"purchasable","17":"product-type-simple"},"_links":{"self":[{"href":"https:\/\/roveyayinevi.com.tr\/index.php\/wp-json\/wp\/v2\/product\/743834","targetHints":{"allow":["GET"]}}],"collection":[{"href":"https:\/\/roveyayinevi.com.tr\/index.php\/wp-json\/wp\/v2\/product"}],"about":[{"href":"https:\/\/roveyayinevi.com.tr\/index.php\/wp-json\/wp\/v2\/types\/product"}],"wp:attachment":[{"href":"https:\/\/roveyayinevi.com.tr\/index.php\/wp-json\/wp\/v2\/media?parent=743834"}],"wp:term":[{"taxonomy":"product_brand","embeddable":true,"href":"https:\/\/roveyayinevi.com.tr\/index.php\/wp-json\/wp\/v2\/product_brand?post=743834"},{"taxonomy":"product_cat","embeddable":true,"href":"https:\/\/roveyayinevi.com.tr\/index.php\/wp-json\/wp\/v2\/product_cat?post=743834"},{"taxonomy":"product_tag","embeddable":true,"href":"https:\/\/roveyayinevi.com.tr\/index.php\/wp-json\/wp\/v2\/product_tag?post=743834"}],"curies":[{"name":"wp","href":"https:\/\/api.w.org\/{rel}","templated":true}]}}