{"id":743833,"date":"2025-08-28T01:43:56","date_gmt":"2025-08-27T22:43:56","guid":{"rendered":"https:\/\/roveyayinevi.com.tr\/index.php\/urun\/yoga-zihni\/"},"modified":"2026-04-16T02:55:32","modified_gmt":"2026-04-15T23:55:32","slug":"yoga-zihni","status":"publish","type":"product","link":"https:\/\/roveyayinevi.com.tr\/index.php\/urun\/yoga-zihni\/","title":{"rendered":"Yoga Zihni"},"content":{"rendered":"<p>YOGAYI MATINIZDANYA\u015eAMINIZA TA\u015eIYIN.Yoga prati\u011finin bizlere vadetti\u011fi engin ke\u015fifler, bedende de\u011fil zihinde ba\u015flar. Uzman yoga e\u011fitmeni Rina Jakubowicz, yoga felsefesinin karma\u015f\u0131k k\u00f6kenlerine olduk\u00e7a basit, anla\u015f\u0131labilir bir yakla\u015f\u0131m getiriyor. Bu kitap, yoga prati\u011fini derinle\u015ftirerek ya\u015fam\u0131na anlam ve fark\u0131ndal\u0131k kazand\u0131rmak isteyen herkes i\u00e7in de\u011ferli bir rehber niteli\u011finde.YOGANIN TEMEL PRENS\u0130PLER\u0130N\u0130 BAS\u0130T VE KOLAY ANLA\u015eILAB\u0130L\u0130R B\u0130R \u015eEK\u0130LDE KE\u015eFED\u0130N:FELSEFE-ANLAMI-\u00d6NEM\u0130-ETK\u0130S\u0130-PRAT\u0130KBu kitapta neler bulacaks\u0131n\u0131z?Karma\u015f\u0131k teorileri, hat\u0131rda tutabilece\u011finiz derslere d\u00f6n\u00fc\u015ft\u00fcren temel yoga ilkelerine dair net a\u00e7\u0131klamalarHer bir prensibi g\u00fcndelik ya\u015fant\u0131n\u0131zda pratik edebilmeniz i\u00e7in a\u00e7\u0131k, somut talimatlar sunan y\u00f6nlendirmeli meditasyonlar ve basit al\u0131\u015ft\u0131rmalarB\u00fcy\u00fck \u00f6nem arz eden ancak nadiren anla\u015f\u0131lan kavramlara a\u00e7\u0131kl\u0131k getiren, \u00f6nemli yoga i\u00e7eriklerine yap\u0131sal bir yakla\u015f\u0131m.  (Tan\u0131t\u0131m B\u00fclteninden)<\/p>\n","protected":false},"excerpt":{"rendered":"<p>YOGAYI MATINIZDANYA\u015eAMINIZA TA\u015eIYIN.Yoga prati\u011finin bizlere vadetti\u011fi engin ke\u015fifler, bedende de\u011fil zihinde ba\u015flar. Uzman yoga e\u011fitmeni Rina Jakubowicz, yoga felsefesinin karma\u015f\u0131k k\u00f6kenlerine olduk\u00e7a basit, anla\u015f\u0131labilir bir yakla\u015f\u0131m<span class=\"excerpt-hellip\"> [\u2026]<\/span><\/p>\n","protected":false},"featured_media":0,"template":"","meta":{"_monsterinsights_skip_tracking":false,"_monsterinsights_sitenote_active":false,"_monsterinsights_sitenote_note":"","_monsterinsights_sitenote_category":0},"product_brand":[],"product_cat":[12364,12376],"product_tag":[],"class_list":{"0":"post-743833","1":"product","2":"type-product","3":"status-publish","5":"product_cat-genel-konular","6":"product_cat-kisisel-gelisim","7":"pa_cilt-ciltsiz","8":"pa_tur-kitap","9":"pa_yayinevi-omega","10":"pa_yazar-rina-jakubowicz","12":"first","13":"instock","14":"sale","15":"shipping-taxable","16":"purchasable","17":"product-type-simple"},"_links":{"self":[{"href":"https:\/\/roveyayinevi.com.tr\/index.php\/wp-json\/wp\/v2\/product\/743833","targetHints":{"allow":["GET"]}}],"collection":[{"href":"https:\/\/roveyayinevi.com.tr\/index.php\/wp-json\/wp\/v2\/product"}],"about":[{"href":"https:\/\/roveyayinevi.com.tr\/index.php\/wp-json\/wp\/v2\/types\/product"}],"wp:attachment":[{"href":"https:\/\/roveyayinevi.com.tr\/index.php\/wp-json\/wp\/v2\/media?parent=743833"}],"wp:term":[{"taxonomy":"product_brand","embeddable":true,"href":"https:\/\/roveyayinevi.com.tr\/index.php\/wp-json\/wp\/v2\/product_brand?post=743833"},{"taxonomy":"product_cat","embeddable":true,"href":"https:\/\/roveyayinevi.com.tr\/index.php\/wp-json\/wp\/v2\/product_cat?post=743833"},{"taxonomy":"product_tag","embeddable":true,"href":"https:\/\/roveyayinevi.com.tr\/index.php\/wp-json\/wp\/v2\/product_tag?post=743833"}],"curies":[{"name":"wp","href":"https:\/\/api.w.org\/{rel}","templated":true}]}}