{"id":743832,"date":"2025-08-28T01:43:55","date_gmt":"2025-08-27T22:43:55","guid":{"rendered":"https:\/\/roveyayinevi.com.tr\/index.php\/urun\/egitimde-yenilikci-yaklasimlar\/"},"modified":"2026-04-16T02:55:32","modified_gmt":"2026-04-15T23:55:32","slug":"egitimde-yenilikci-yaklasimlar","status":"publish","type":"product","link":"https:\/\/roveyayinevi.com.tr\/index.php\/urun\/egitimde-yenilikci-yaklasimlar\/","title":{"rendered":"E\u011fitimde Yenilik\u00e7i Yakla\u015f\u0131mlar"},"content":{"rendered":"<p>Yenilik\u00e7i \u00f6\u011frenme ortamlar\u0131, dijital \u00f6\u011frenme hedeflerini destekleyen yollarla bilgi ve ileti\u015fim teknolojileri entegrasyonun ger\u00e7ekle\u015fti\u011fi ortamlard\u0131r. Bu ba\u011flamda g\u00fcn\u00fcm\u00fcz s\u0131n\u0131flar\u0131 incelendi\u011finde, \u00f6\u011fretmenlerin bir\u00e7o\u011funun art\u0131k farkl\u0131 pedagojiler kullanarak ki\u015fiselle\u015ftirilmi\u015f, \u00f6\u011frenci merkezli ve aktif \u00f6\u011frenmeyi sa\u011flamak, \u00f6\u011frencilerin gelece\u011fe y\u00f6nelik becerilerini geli\u015ftirmek i\u00e7in \u00f6\u011fretim  uygulamalar\u0131nda de\u011fi\u015fiklik yapmalar\u0131 gerekmektedir.   Teknolojide meydana gelen h\u0131zl\u0131 geli\u015fmelerin ve yeniliklerin geleneksel bir anlay\u0131\u015f \u00e7er\u00e7evesinde gen\u00e7 ku\u015faklara aktar\u0131lmas\u0131 yerine, ortaya \u00e7\u0131kan durumlar\u0131 do\u011fru okuyabilen, bunlar\u0131 yorumlayabilen ve gelecek a\u00e7\u0131s\u0131ndan do\u011fru \u00e7\u0131kar\u0131mlarda bulunabilecek \u015fekilde e\u011fitim verilmelidir. Bilginin yay\u0131lma h\u0131z\u0131, bilginin s\u00fcrekli g\u00fcncellenmesi ve daha fazla bilgiye ihtiya\u00e7 duyulmas\u0131 bilginin \u00f6\u011frenciler taraf\u0131ndan edinilmesini kolayla\u015ft\u0131rmay\u0131 ve h\u0131zland\u0131rmay\u0131 gerektirmektedir.<\/p>\n","protected":false},"excerpt":{"rendered":"<p>Yenilik\u00e7i \u00f6\u011frenme ortamlar\u0131, dijital \u00f6\u011frenme hedeflerini destekleyen yollarla bilgi ve ileti\u015fim teknolojileri entegrasyonun ger\u00e7ekle\u015fti\u011fi ortamlard\u0131r. Bu ba\u011flamda g\u00fcn\u00fcm\u00fcz s\u0131n\u0131flar\u0131 incelendi\u011finde, \u00f6\u011fretmenlerin bir\u00e7o\u011funun art\u0131k farkl\u0131 pedagojiler kullanarak<span class=\"excerpt-hellip\"> [\u2026]<\/span><\/p>\n","protected":false},"featured_media":0,"template":"","meta":{"_monsterinsights_skip_tracking":false,"_monsterinsights_sitenote_active":false,"_monsterinsights_sitenote_note":"","_monsterinsights_sitenote_category":0},"product_brand":[],"product_cat":[12573,12566],"product_tag":[],"class_list":{"0":"post-743832","1":"product","2":"type-product","3":"status-publish","5":"product_cat-akademik-kitaplar","6":"product_cat-egitim","7":"pa_cilt-ciltsiz","8":"pa_tur-kitap","9":"pa_yayinevi-egiten-kitap","10":"pa_yazar-kolektif","12":"first","13":"instock","14":"sale","15":"shipping-taxable","16":"purchasable","17":"product-type-simple"},"_links":{"self":[{"href":"https:\/\/roveyayinevi.com.tr\/index.php\/wp-json\/wp\/v2\/product\/743832","targetHints":{"allow":["GET"]}}],"collection":[{"href":"https:\/\/roveyayinevi.com.tr\/index.php\/wp-json\/wp\/v2\/product"}],"about":[{"href":"https:\/\/roveyayinevi.com.tr\/index.php\/wp-json\/wp\/v2\/types\/product"}],"wp:attachment":[{"href":"https:\/\/roveyayinevi.com.tr\/index.php\/wp-json\/wp\/v2\/media?parent=743832"}],"wp:term":[{"taxonomy":"product_brand","embeddable":true,"href":"https:\/\/roveyayinevi.com.tr\/index.php\/wp-json\/wp\/v2\/product_brand?post=743832"},{"taxonomy":"product_cat","embeddable":true,"href":"https:\/\/roveyayinevi.com.tr\/index.php\/wp-json\/wp\/v2\/product_cat?post=743832"},{"taxonomy":"product_tag","embeddable":true,"href":"https:\/\/roveyayinevi.com.tr\/index.php\/wp-json\/wp\/v2\/product_tag?post=743832"}],"curies":[{"name":"wp","href":"https:\/\/api.w.org\/{rel}","templated":true}]}}