{"id":743831,"date":"2025-08-28T01:43:54","date_gmt":"2025-08-27T22:43:54","guid":{"rendered":"https:\/\/roveyayinevi.com.tr\/index.php\/urun\/egitimde-ahlak-ve-etik\/"},"modified":"2026-04-16T02:55:32","modified_gmt":"2026-04-15T23:55:32","slug":"egitimde-ahlak-ve-etik","status":"publish","type":"product","link":"https:\/\/roveyayinevi.com.tr\/index.php\/urun\/egitimde-ahlak-ve-etik\/","title":{"rendered":"E\u011fitimde Ahlak ve Etik"},"content":{"rendered":"<p>\u0130nsan ald\u0131\u011f\u0131 e\u011fitimle potansiyelini geli\u015ftirerek hem birey olarak yeteneklerini sonuna kadar i\u015fe ko\u015fabilmekte hem de \u00fcretim yaparak toplumsal hayata katk\u0131da bulunmaktad\u0131r. Ailede ba\u015flayan ve okulda devam eden e\u011fitimin niteli\u011fi bireyin potansiyelini geli\u015ftirmesiyle do\u011fru orant\u0131l\u0131d\u0131r. Bu a\u00e7\u0131dan de\u011ferlendirildi\u011finde bireye verilen e\u011fitimin nitelikli olmas\u0131 bireysel ve toplumsal yarar\u0131 sa\u011flayacakt\u0131r.   insan canl\u0131lar i\u00e7erisinde etik a\u00e7\u0131dan de\u011fer \u00fcretebilen tek varl\u0131kt\u0131r. insan\u0131n \u00fcretti\u011fi de\u011ferler insan ya\u015fam\u0131n\u0131 bi\u00e7imlendirmektedir. insan\u0131n \u00fcretti\u011fi de\u011ferlerin eti\u011fe uygun olmas\u0131 bireyi ve toplumu daha ileriye g\u00f6t\u00fcrmektedir. Bunun yan\u0131 s\u0131ra di\u011fer insanlarla olan etkile\u015fimini olumlu y\u00f6nde etkilemektedir.   \u00d6\u011fretmen adaylar\u0131na hizmet \u00f6ncesi e\u011fitimde verilen &#8220;e\u011fitimde ahlak ve etik&#8221; dersi, bireye daha nitelikli e\u011fitimin verilebilmesi, i\u00e7inde ya\u015fad\u0131\u011f\u0131 toplumun k\u00fclt\u00fcr\u00fcn\u00fc benimsemesi ve ya\u015fatmas\u0131, var olan olumlu de\u011ferleri benimsemesi ya\u015fatmas\u0131, korumas\u0131 i\u00e7in ne yap\u0131lmas\u0131 gerekti\u011fi hususunda yol g\u00f6stermektedir.<\/p>\n","protected":false},"excerpt":{"rendered":"<p>\u0130nsan ald\u0131\u011f\u0131 e\u011fitimle potansiyelini geli\u015ftirerek hem birey olarak yeteneklerini sonuna kadar i\u015fe ko\u015fabilmekte hem de \u00fcretim yaparak toplumsal hayata katk\u0131da bulunmaktad\u0131r. Ailede ba\u015flayan ve okulda devam<span class=\"excerpt-hellip\"> [\u2026]<\/span><\/p>\n","protected":false},"featured_media":0,"template":"","meta":{"_monsterinsights_skip_tracking":false,"_monsterinsights_sitenote_active":false,"_monsterinsights_sitenote_note":"","_monsterinsights_sitenote_category":0},"product_brand":[],"product_cat":[12573,12566],"product_tag":[],"class_list":{"0":"post-743831","1":"product","2":"type-product","3":"status-publish","5":"product_cat-akademik-kitaplar","6":"product_cat-egitim","7":"pa_cilt-ciltsiz","8":"pa_tur-kitap","9":"pa_yayinevi-egiten-kitap","10":"pa_yazar-kolektif","12":"first","13":"instock","14":"sale","15":"shipping-taxable","16":"purchasable","17":"product-type-simple"},"_links":{"self":[{"href":"https:\/\/roveyayinevi.com.tr\/index.php\/wp-json\/wp\/v2\/product\/743831","targetHints":{"allow":["GET"]}}],"collection":[{"href":"https:\/\/roveyayinevi.com.tr\/index.php\/wp-json\/wp\/v2\/product"}],"about":[{"href":"https:\/\/roveyayinevi.com.tr\/index.php\/wp-json\/wp\/v2\/types\/product"}],"wp:attachment":[{"href":"https:\/\/roveyayinevi.com.tr\/index.php\/wp-json\/wp\/v2\/media?parent=743831"}],"wp:term":[{"taxonomy":"product_brand","embeddable":true,"href":"https:\/\/roveyayinevi.com.tr\/index.php\/wp-json\/wp\/v2\/product_brand?post=743831"},{"taxonomy":"product_cat","embeddable":true,"href":"https:\/\/roveyayinevi.com.tr\/index.php\/wp-json\/wp\/v2\/product_cat?post=743831"},{"taxonomy":"product_tag","embeddable":true,"href":"https:\/\/roveyayinevi.com.tr\/index.php\/wp-json\/wp\/v2\/product_tag?post=743831"}],"curies":[{"name":"wp","href":"https:\/\/api.w.org\/{rel}","templated":true}]}}