{"id":743828,"date":"2025-08-28T01:43:21","date_gmt":"2025-08-27T22:43:21","guid":{"rendered":"https:\/\/roveyayinevi.com.tr\/index.php\/urun\/kardeslik-ahlaki\/"},"modified":"2026-04-16T02:55:32","modified_gmt":"2026-04-15T23:55:32","slug":"kardeslik-ahlaki","status":"publish","type":"product","link":"https:\/\/roveyayinevi.com.tr\/index.php\/urun\/kardeslik-ahlaki\/","title":{"rendered":"Karde\u015flik Ahlak\u0131"},"content":{"rendered":"<p>Karde\u015flik meselesine nebev\u00ee ufkun bize \u00f6\u011fretti\u011fi hakikatler \u00e7er\u00e7evesinden bakt\u0131\u011f\u0131m\u0131zda \u015fu hususlar\u0131 hemen g\u00f6r\u00fcr\u00fcz: \u2022 Nebev\u00ee ufukta karde\u015flik; Allah\u2019\u0131n bir emrinin yerine getirilmesi, farz\u0131n ik\u00e2mesi, hatta efraz\u0131n\/farzlar \u00fcst\u00fc bir farz\u0131n ik\u00e2mesidir. \u2022 Nebev\u00ee ufukta karde\u015flik, 23 y\u0131l boyunca g\u00fcndemden hi\u00e7 d\u00fc\u015fmeyen bir ders ve bir derttir. \u2022 Nebev\u00ee ufukta karde\u015flik, Hz. Peygamber\u2019in (sas) s\u00fcrekli g\u00fcndemde tutarak sa\u011flamaya \u00e7al\u0131\u015ft\u0131\u011f\u0131, sa\u011fland\u0131\u011f\u0131 zaman da on- dan \u00e7ok memnun oldu\u011fu bir konudur. \u2022 Nebev\u00ee ufukta karde\u015flik, Hz. Peygamber\u2019in (sas) en hassas ol- du\u011fu bir mevzudur. \u2022 Nebev\u00ee ufukta karde\u015flik; tesisi olduk\u00e7a zor, korumas\u0131 olduk\u00e7a g\u00fc\u00e7 ama buna kar\u015f\u0131n m\u00fck\u00e2fat\u0131 olduk\u00e7a b\u00fcy\u00fck olan bir sorumluluktur. Muhte\u015fem Ahl\u00e2k serisinin d\u00f6rd\u00fcnc\u00fc kitab\u0131 olan \u201cKarde\u015flik Ah- l\u00e2k\u0131\u201d bize her ge\u00e7en g\u00fcn zay\u0131flatt\u0131\u011f\u0131m\u0131z, hatta kopard\u0131\u011f\u0131m\u0131z karde\u015flik ba\u011flar\u0131n\u0131n tesisi ve muhafazas\u0131 i\u00e7in in\u015fallah k\u00fc\u00e7\u00fck de olsa bir katk\u0131 sa\u011flar.<\/p>\n","protected":false},"excerpt":{"rendered":"<p>Karde\u015flik meselesine nebev\u00ee ufkun bize \u00f6\u011fretti\u011fi hakikatler \u00e7er\u00e7evesinden bakt\u0131\u011f\u0131m\u0131zda \u015fu hususlar\u0131 hemen g\u00f6r\u00fcr\u00fcz: \u2022 Nebev\u00ee ufukta karde\u015flik; Allah\u2019\u0131n bir emrinin yerine getirilmesi, farz\u0131n ik\u00e2mesi, hatta efraz\u0131n\/farzlar<span class=\"excerpt-hellip\"> [\u2026]<\/span><\/p>\n","protected":false},"featured_media":0,"template":"","meta":{"_monsterinsights_skip_tracking":false,"_monsterinsights_sitenote_active":false,"_monsterinsights_sitenote_note":"","_monsterinsights_sitenote_category":0},"product_brand":[],"product_cat":[16789,12718,12719],"product_tag":[],"class_list":{"0":"post-743828","1":"product","2":"type-product","3":"status-publish","5":"product_cat-diger-islam","6":"product_cat-din","7":"product_cat-islam","8":"pa_cilt-ciltsiz","9":"pa_tur-kitap","10":"pa_yayinevi-siyer-yayinlari","11":"pa_yazar-muhammed-emin-yildirim","13":"first","14":"instock","15":"sale","16":"shipping-taxable","17":"purchasable","18":"product-type-simple"},"_links":{"self":[{"href":"https:\/\/roveyayinevi.com.tr\/index.php\/wp-json\/wp\/v2\/product\/743828","targetHints":{"allow":["GET"]}}],"collection":[{"href":"https:\/\/roveyayinevi.com.tr\/index.php\/wp-json\/wp\/v2\/product"}],"about":[{"href":"https:\/\/roveyayinevi.com.tr\/index.php\/wp-json\/wp\/v2\/types\/product"}],"wp:attachment":[{"href":"https:\/\/roveyayinevi.com.tr\/index.php\/wp-json\/wp\/v2\/media?parent=743828"}],"wp:term":[{"taxonomy":"product_brand","embeddable":true,"href":"https:\/\/roveyayinevi.com.tr\/index.php\/wp-json\/wp\/v2\/product_brand?post=743828"},{"taxonomy":"product_cat","embeddable":true,"href":"https:\/\/roveyayinevi.com.tr\/index.php\/wp-json\/wp\/v2\/product_cat?post=743828"},{"taxonomy":"product_tag","embeddable":true,"href":"https:\/\/roveyayinevi.com.tr\/index.php\/wp-json\/wp\/v2\/product_tag?post=743828"}],"curies":[{"name":"wp","href":"https:\/\/api.w.org\/{rel}","templated":true}]}}