{"id":743826,"date":"2025-08-28T01:43:19","date_gmt":"2025-08-27T22:43:19","guid":{"rendered":"https:\/\/roveyayinevi.com.tr\/index.php\/urun\/cocuk-ve-ergen-ruh-sagligi\/"},"modified":"2026-04-16T02:55:32","modified_gmt":"2026-04-15T23:55:32","slug":"cocuk-ve-ergen-ruh-sagligi","status":"publish","type":"product","link":"https:\/\/roveyayinevi.com.tr\/index.php\/urun\/cocuk-ve-ergen-ruh-sagligi\/","title":{"rendered":"\u00c7ocuk ve Ergen Ruh Sa\u011fl\u0131\u011f\u0131"},"content":{"rendered":"<p>Psikoloji, birey davran\u0131\u015flar\u0131n\u0131 ve bu davran\u0131\u015flar\u0131n alt\u0131nda yatan nedenleri zihinsel s\u00fcre\u00e7leriyle birlikte inceleyen bilim dal\u0131d\u0131r. Psikoloji biliminin di\u011fer bilim dallar\u0131na g\u00f6re k\u0131sa bir tarihi ancak uzun bir ge\u00e7mi\u015fi bulunmaktad\u0131r. Psikoloji bilimi, birey davran\u0131\u015flar\u0131n\u0131 tan\u0131mlamay\u0131 ve bu patolojik davran\u0131\u015flar\u0131n ana kayna\u011f\u0131n\u0131 bularak onlar\u0131 tedavi etmeyi hedeflemektedir. Bu kitapta \u00e7ocuk ve ergen ruh sa\u011fl\u0131\u011f\u0131 alan\u0131 i\u00e7in gerekli kuramsal ve uygulamal\u0131 bilgileri sizlerle payla\u015fmaya, bunu yaparken dili oldu\u011funca yal\u0131n ve anla\u015f\u0131l\u0131r tutmaya \u00f6zen g\u00f6sterilmi\u015ftir.<\/p>\n","protected":false},"excerpt":{"rendered":"<p>Psikoloji, birey davran\u0131\u015flar\u0131n\u0131 ve bu davran\u0131\u015flar\u0131n alt\u0131nda yatan nedenleri zihinsel s\u00fcre\u00e7leriyle birlikte inceleyen bilim dal\u0131d\u0131r. Psikoloji biliminin di\u011fer bilim dallar\u0131na g\u00f6re k\u0131sa bir tarihi ancak uzun<span class=\"excerpt-hellip\"> [\u2026]<\/span><\/p>\n","protected":false},"featured_media":0,"template":"","meta":{"_monsterinsights_skip_tracking":false,"_monsterinsights_sitenote_active":false,"_monsterinsights_sitenote_note":"","_monsterinsights_sitenote_category":0},"product_brand":[],"product_cat":[12573,12566],"product_tag":[],"class_list":{"0":"post-743826","1":"product","2":"type-product","3":"status-publish","5":"product_cat-akademik-kitaplar","6":"product_cat-egitim","7":"pa_cilt-ciltsiz","8":"pa_tur-kitap","9":"pa_yayinevi-egiten-kitap","10":"pa_yazar-kolektif","12":"first","13":"instock","14":"sale","15":"shipping-taxable","16":"purchasable","17":"product-type-simple"},"_links":{"self":[{"href":"https:\/\/roveyayinevi.com.tr\/index.php\/wp-json\/wp\/v2\/product\/743826","targetHints":{"allow":["GET"]}}],"collection":[{"href":"https:\/\/roveyayinevi.com.tr\/index.php\/wp-json\/wp\/v2\/product"}],"about":[{"href":"https:\/\/roveyayinevi.com.tr\/index.php\/wp-json\/wp\/v2\/types\/product"}],"wp:attachment":[{"href":"https:\/\/roveyayinevi.com.tr\/index.php\/wp-json\/wp\/v2\/media?parent=743826"}],"wp:term":[{"taxonomy":"product_brand","embeddable":true,"href":"https:\/\/roveyayinevi.com.tr\/index.php\/wp-json\/wp\/v2\/product_brand?post=743826"},{"taxonomy":"product_cat","embeddable":true,"href":"https:\/\/roveyayinevi.com.tr\/index.php\/wp-json\/wp\/v2\/product_cat?post=743826"},{"taxonomy":"product_tag","embeddable":true,"href":"https:\/\/roveyayinevi.com.tr\/index.php\/wp-json\/wp\/v2\/product_tag?post=743826"}],"curies":[{"name":"wp","href":"https:\/\/api.w.org\/{rel}","templated":true}]}}