{"id":743825,"date":"2025-08-28T01:43:18","date_gmt":"2025-08-27T22:43:18","guid":{"rendered":"https:\/\/roveyayinevi.com.tr\/index.php\/urun\/kuram-ve-vaka-calismalariyla-uygulama-bilissel-davranisci-terapi\/"},"modified":"2026-04-16T02:55:32","modified_gmt":"2026-04-15T23:55:32","slug":"kuram-ve-vaka-calismalariyla-uygulama-bilissel-davranisci-terapi","status":"publish","type":"product","link":"https:\/\/roveyayinevi.com.tr\/index.php\/urun\/kuram-ve-vaka-calismalariyla-uygulama-bilissel-davranisci-terapi\/","title":{"rendered":"Kuram ve Vaka \u00c7al\u0131\u015fmalar\u0131yla Uygulama Bili\u015fsel Davran\u0131\u015f\u00e7\u0131 Terapi"},"content":{"rendered":"<p>D\u00fc\u015f\u00fcnce, duygu ve davran\u0131\u015flar\u0131n d\u00f6ng\u00fcsel etkile\u015fimi \u00fczerine odaklanan BDT, s\u00f6z konusu tekrar zincirini k\u0131rmak ad\u0131na d\u00fc\u015f\u00fcnce boyutunda de\u011fi\u015fim sa\u011flamaya odaklanmay\u0131, olumsuz ve\/veya i\u015flevsiz d\u00fc\u015f\u00fcnceler ve i\u015flevsiz kurallar\u0131 ki\u015finin i\u015flevselli\u011fini artt\u0131r\u0131c\u0131 yeni d\u00fc\u015f\u00fcnceler ve daha esnek kurallar ile de\u011fi\u015ftirmeyi hedefler. 1970\u2019lerden itibaren psikoloji d\u00fcnyas\u0131na giri\u015f yapan ve g\u00fcn\u00fcm\u00fczde bu yerini halen etkin bir \u015fekilde korumay\u0131 ba\u015faran bir psikoterapi ekol\u00fc olan BDT\u2019nin g\u00fcncelli\u011fini s\u00fcrd\u00fcrmesinin arkas\u0131ndaki en \u00f6nemli etkenlerden biri BDT\u2019ye ait tekniklerin pek \u00e7ok farkl\u0131 soruna ve ruh sa\u011fl\u0131\u011f\u0131 bozuklu\u011funa uyarlanabilmesidir. BDT ilk olarak depresyonun tedavisi i\u00e7in geli\u015ftirilmi\u015f bir psikoterapi yakla\u015f\u0131m\u0131 olmakla birlikte k\u0131sa s\u00fcre i\u00e7inde pek \u00e7ok ruh sa\u011fl\u0131\u011f\u0131 bozuklu\u011funun tedavisinde etkin bir \u015fekilde kullan\u0131lmaya ba\u015flanm\u0131\u015ft\u0131r. Bu kitab\u0131n amac\u0131 BDT\u2019nin hem ba\u015fl\u0131ca kullan\u0131m alanlar\u0131na hem de BDT\u2019den yararlan\u0131labilecek farkl\u0131 konulara y\u00f6nelik kuramsal ve uygulamaya y\u00f6nelik bilgiler sunarak okuyucuya bili\u015fsel davran\u0131\u015f\u00e7\u0131 bir bak\u0131\u015f a\u00e7\u0131s\u0131 kazand\u0131rmakt\u0131r.<\/p>\n","protected":false},"excerpt":{"rendered":"<p>D\u00fc\u015f\u00fcnce, duygu ve davran\u0131\u015flar\u0131n d\u00f6ng\u00fcsel etkile\u015fimi \u00fczerine odaklanan BDT, s\u00f6z konusu tekrar zincirini k\u0131rmak ad\u0131na d\u00fc\u015f\u00fcnce boyutunda de\u011fi\u015fim sa\u011flamaya odaklanmay\u0131, olumsuz ve\/veya i\u015flevsiz d\u00fc\u015f\u00fcnceler ve i\u015flevsiz<span class=\"excerpt-hellip\"> [\u2026]<\/span><\/p>\n","protected":false},"featured_media":0,"template":"","meta":{"_monsterinsights_skip_tracking":false,"_monsterinsights_sitenote_active":false,"_monsterinsights_sitenote_note":"","_monsterinsights_sitenote_category":0},"product_brand":[],"product_cat":[12573,12566],"product_tag":[],"class_list":{"0":"post-743825","1":"product","2":"type-product","3":"status-publish","5":"product_cat-akademik-kitaplar","6":"product_cat-egitim","7":"pa_cilt-ciltsiz","8":"pa_tur-kitap","9":"pa_yayinevi-egiten-kitap","10":"pa_yazar-haydey-faraji","12":"first","13":"instock","14":"sale","15":"shipping-taxable","16":"purchasable","17":"product-type-simple"},"_links":{"self":[{"href":"https:\/\/roveyayinevi.com.tr\/index.php\/wp-json\/wp\/v2\/product\/743825","targetHints":{"allow":["GET"]}}],"collection":[{"href":"https:\/\/roveyayinevi.com.tr\/index.php\/wp-json\/wp\/v2\/product"}],"about":[{"href":"https:\/\/roveyayinevi.com.tr\/index.php\/wp-json\/wp\/v2\/types\/product"}],"wp:attachment":[{"href":"https:\/\/roveyayinevi.com.tr\/index.php\/wp-json\/wp\/v2\/media?parent=743825"}],"wp:term":[{"taxonomy":"product_brand","embeddable":true,"href":"https:\/\/roveyayinevi.com.tr\/index.php\/wp-json\/wp\/v2\/product_brand?post=743825"},{"taxonomy":"product_cat","embeddable":true,"href":"https:\/\/roveyayinevi.com.tr\/index.php\/wp-json\/wp\/v2\/product_cat?post=743825"},{"taxonomy":"product_tag","embeddable":true,"href":"https:\/\/roveyayinevi.com.tr\/index.php\/wp-json\/wp\/v2\/product_tag?post=743825"}],"curies":[{"name":"wp","href":"https:\/\/api.w.org\/{rel}","templated":true}]}}