{"id":743824,"date":"2025-08-28T01:43:17","date_gmt":"2025-08-27T22:43:17","guid":{"rendered":"https:\/\/roveyayinevi.com.tr\/index.php\/urun\/her-yonuyle-bagimlilik\/"},"modified":"2026-04-16T02:55:32","modified_gmt":"2026-04-15T23:55:32","slug":"her-yonuyle-bagimlilik","status":"publish","type":"product","link":"https:\/\/roveyayinevi.com.tr\/index.php\/urun\/her-yonuyle-bagimlilik\/","title":{"rendered":"Her Y\u00f6n\u00fcyle Ba\u011f\u0131ml\u0131l\u0131k"},"content":{"rendered":"<p>Ba\u011f\u0131ml\u0131l\u0131k, bir\u00e7ok fakt\u00f6r\u00fcn bir araya gelmesi ile m\u00fcmk\u00fcnd\u00fcr. Davran\u0131\u015fsal ve kimyasal olmak \u00fczere genellenebilir nitelikte iki t\u00fcr ba\u011f\u0131ml\u0131l\u0131k s\u00f6z konusudur. G\u00fcn\u00fcm\u00fczde \u00e7ocuklardan yeti\u015fkinlere her birey \u00e7e\u015fitli ba\u011f\u0131ml\u0131l\u0131klara maruz kalabilir. Ba\u011f\u0131ml\u0131l\u0131klar\u0131n neticesinde bireyler psikolojik, ekonomik, sa\u011fl\u0131k ve di\u011fer bir\u00e7ok a\u00e7\u0131dan rahats\u0131zl\u0131klar ya\u015fayabilir. Bu sorunlar\u0131n belirlenmesi, s\u0131n\u0131fland\u0131r\u0131lmas\u0131, sebeplerinin incelenmesi ve \u00f6nleyici yakla\u015f\u0131mlar\u0131n s\u00fcrd\u00fcr\u00fclebilir bir bi\u00e7imde in\u015fa edilmesi bir gereklilik olu\u015fturmu\u015ftur.   Bu kitap \u00e7al\u0131\u015fmas\u0131 kapsam\u0131nda 13 ara\u015ft\u0131rmac\u0131n\u0131n kat\u0131l\u0131m\u0131 ile 12 farkl\u0131 a\u00e7\u0131dan ba\u011f\u0131ml\u0131l\u0131klar ile ilgili akademik \u00e7al\u0131\u015fmalara yer verilmi\u015ftir. Ba\u011f\u0131ml\u0131l\u0131klara y\u00f6nelik psikolojik, sosyolojik ve felsefi temelde yakla\u015f\u0131mlar esas al\u0131narak hemen t\u00fcm ba\u011f\u0131ml\u0131l\u0131klar ile ilgili de\u011ferlendirmeler \u00e7al\u0131\u015fmam\u0131z kapsam\u0131nda ele al\u0131nm\u0131\u015ft\u0131r. Sigara, alkol, uyu\u015fturucu, teknoloji, sosyal medya, i\u015f ve egzersiz ba\u011f\u0131ml\u0131l\u0131\u011f\u0131 konular\u0131nda ara\u015ft\u0131rmalar ilgili konudaki uzmanlar taraf\u0131ndan \u00e7al\u0131\u015f\u0131lm\u0131\u015ft\u0131r. Bu kapsamda ba\u011f\u0131ml\u0131l\u0131k neticesinde ortaya \u00e7\u0131kan sa\u011fl\u0131k sorunlar\u0131, hukuki sorunlar ve temel m\u00fccadele politikalar\u0131 ayr\u0131ca incelenmi\u015ftir. \u00c7al\u0131\u015fmam\u0131zda ba\u011f\u0131ml\u0131l\u0131\u011f\u0131 \u00e7ok y\u00f6nl\u00fc bir bi\u00e7imde konunun uzman\u0131 akademisyenler ile fark\u0131ndal\u0131k olu\u015fturmak, literat\u00fcre katk\u0131 sa\u011flamak ve ba\u011f\u0131ml\u0131l\u0131\u011f\u0131n \u00f6nlenmesi konusunda te\u015fvik edici uygulamalar\u0131n payla\u015f\u0131lmas\u0131 ama\u00e7lanm\u0131\u015ft\u0131r.<\/p>\n","protected":false},"excerpt":{"rendered":"<p>Ba\u011f\u0131ml\u0131l\u0131k, bir\u00e7ok fakt\u00f6r\u00fcn bir araya gelmesi ile m\u00fcmk\u00fcnd\u00fcr. Davran\u0131\u015fsal ve kimyasal olmak \u00fczere genellenebilir nitelikte iki t\u00fcr ba\u011f\u0131ml\u0131l\u0131k s\u00f6z konusudur. G\u00fcn\u00fcm\u00fczde \u00e7ocuklardan yeti\u015fkinlere her birey \u00e7e\u015fitli<span class=\"excerpt-hellip\"> [\u2026]<\/span><\/p>\n","protected":false},"featured_media":0,"template":"","meta":{"_monsterinsights_skip_tracking":false,"_monsterinsights_sitenote_active":false,"_monsterinsights_sitenote_note":"","_monsterinsights_sitenote_category":0},"product_brand":[],"product_cat":[12573,12566],"product_tag":[],"class_list":{"0":"post-743824","1":"product","2":"type-product","3":"status-publish","5":"product_cat-akademik-kitaplar","6":"product_cat-egitim","7":"pa_cilt-ciltsiz","8":"pa_tur-kitap","9":"pa_yayinevi-egiten-kitap","10":"pa_yazar-kolektif","12":"first","13":"instock","14":"sale","15":"shipping-taxable","16":"purchasable","17":"product-type-simple"},"_links":{"self":[{"href":"https:\/\/roveyayinevi.com.tr\/index.php\/wp-json\/wp\/v2\/product\/743824","targetHints":{"allow":["GET"]}}],"collection":[{"href":"https:\/\/roveyayinevi.com.tr\/index.php\/wp-json\/wp\/v2\/product"}],"about":[{"href":"https:\/\/roveyayinevi.com.tr\/index.php\/wp-json\/wp\/v2\/types\/product"}],"wp:attachment":[{"href":"https:\/\/roveyayinevi.com.tr\/index.php\/wp-json\/wp\/v2\/media?parent=743824"}],"wp:term":[{"taxonomy":"product_brand","embeddable":true,"href":"https:\/\/roveyayinevi.com.tr\/index.php\/wp-json\/wp\/v2\/product_brand?post=743824"},{"taxonomy":"product_cat","embeddable":true,"href":"https:\/\/roveyayinevi.com.tr\/index.php\/wp-json\/wp\/v2\/product_cat?post=743824"},{"taxonomy":"product_tag","embeddable":true,"href":"https:\/\/roveyayinevi.com.tr\/index.php\/wp-json\/wp\/v2\/product_tag?post=743824"}],"curies":[{"name":"wp","href":"https:\/\/api.w.org\/{rel}","templated":true}]}}