{"id":743813,"date":"2025-08-28T01:43:03","date_gmt":"2025-08-27T22:43:03","guid":{"rendered":"https:\/\/roveyayinevi.com.tr\/index.php\/urun\/aslan-edwin-ve-kaybolan-sapkasi\/"},"modified":"2025-12-30T10:57:57","modified_gmt":"2025-12-30T07:57:57","slug":"aslan-edwin-ve-kaybolan-sapkasi","status":"publish","type":"product","link":"https:\/\/roveyayinevi.com.tr\/index.php\/urun\/aslan-edwin-ve-kaybolan-sapkasi\/","title":{"rendered":"Aslan Edwin ve Kaybolan \u015eapkas\u0131"},"content":{"rendered":"<p>\u00c7i\u011fdem T\u00fcrk \u00d6z\u00e7elik\u2019in kaleme ald\u0131\u011f\u0131 ASLAN EDW\u0130N VE KAYBOLAN \u015eAPKASI ormanda ya\u015fayan hayvanlar\u0131n do\u011fan\u0131n korunmas\u0131 i\u00e7in ortak \u00e7abas\u0131n\u0131 Saime Sava\u015fkan Can\u2019\u0131n \u00e7izimleri e\u015fli\u011finde anlat\u0131yor. Kitap bir y\u00fcz\u00fc T\u00fcrk\u00e7e di\u011fer y\u00fcz\u00fc \u0130ngilizce olmak \u00fczere iki dilde yay\u0131mland\u0131. B\u00f6ylece 7-11 ya\u015f i\u00e7in \u0130ngilizce okuma-anlama prati\u011fini de destekliyor. ARTE Yay\u0131nlar\u0131 taraf\u0131ndan bas\u0131lan kitap hem i\u00e7erdi\u011fi mesaj ile hem de e\u011flenceli g\u00f6rselleri ile \u00e7ocuklar\u0131n unutamayaca\u011f\u0131 kitaplar aras\u0131nda yer almaya aday. <\/p>\n","protected":false},"excerpt":{"rendered":"<p>\u00c7i\u011fdem T\u00fcrk \u00d6z\u00e7elik\u2019in kaleme ald\u0131\u011f\u0131 ASLAN EDW\u0130N VE KAYBOLAN \u015eAPKASI ormanda ya\u015fayan hayvanlar\u0131n do\u011fan\u0131n korunmas\u0131 i\u00e7in ortak \u00e7abas\u0131n\u0131 Saime Sava\u015fkan Can\u2019\u0131n \u00e7izimleri e\u015fli\u011finde anlat\u0131yor. Kitap bir<span class=\"excerpt-hellip\"> [\u2026]<\/span><\/p>\n","protected":false},"featured_media":0,"template":"","meta":{"_monsterinsights_skip_tracking":false,"_monsterinsights_sitenote_active":false,"_monsterinsights_sitenote_note":"","_monsterinsights_sitenote_category":0},"product_brand":[],"product_cat":[12275,12274],"product_tag":[],"class_list":{"0":"post-743813","1":"product","2":"type-product","3":"status-publish","5":"product_cat-6-12-yas-kitaplari","6":"product_cat-cocuk-ve-genclik-kitaplari","7":"pa_cilt-ciltsiz","8":"pa_tur-kitap","9":"pa_yayinevi-arte","10":"pa_yazar-cigdem-turk-ozcelik","12":"first","13":"instock","14":"sale","15":"shipping-taxable","16":"purchasable","17":"product-type-simple"},"_links":{"self":[{"href":"https:\/\/roveyayinevi.com.tr\/index.php\/wp-json\/wp\/v2\/product\/743813","targetHints":{"allow":["GET"]}}],"collection":[{"href":"https:\/\/roveyayinevi.com.tr\/index.php\/wp-json\/wp\/v2\/product"}],"about":[{"href":"https:\/\/roveyayinevi.com.tr\/index.php\/wp-json\/wp\/v2\/types\/product"}],"wp:attachment":[{"href":"https:\/\/roveyayinevi.com.tr\/index.php\/wp-json\/wp\/v2\/media?parent=743813"}],"wp:term":[{"taxonomy":"product_brand","embeddable":true,"href":"https:\/\/roveyayinevi.com.tr\/index.php\/wp-json\/wp\/v2\/product_brand?post=743813"},{"taxonomy":"product_cat","embeddable":true,"href":"https:\/\/roveyayinevi.com.tr\/index.php\/wp-json\/wp\/v2\/product_cat?post=743813"},{"taxonomy":"product_tag","embeddable":true,"href":"https:\/\/roveyayinevi.com.tr\/index.php\/wp-json\/wp\/v2\/product_tag?post=743813"}],"curies":[{"name":"wp","href":"https:\/\/api.w.org\/{rel}","templated":true}]}}