{"id":743812,"date":"2025-08-28T01:43:02","date_gmt":"2025-08-27T22:43:02","guid":{"rendered":"https:\/\/roveyayinevi.com.tr\/index.php\/urun\/kuresel-salginlar-ve-mekansal-etkileri\/"},"modified":"2026-03-12T03:03:36","modified_gmt":"2026-03-12T00:03:36","slug":"kuresel-salginlar-ve-mekansal-etkileri","status":"publish","type":"product","link":"https:\/\/roveyayinevi.com.tr\/index.php\/urun\/kuresel-salginlar-ve-mekansal-etkileri\/","title":{"rendered":"K\u00fcresel Salg\u0131nlar ve Mekansal Etkileri"},"content":{"rendered":"<p>Salg\u0131nlar\u0131n tarihsel seyri g\u00f6z \u00f6n\u00fcne al\u0131nd\u0131\u011f\u0131nda \u015fu an i\u00e7inde ya\u015fad\u0131\u011f\u0131m\u0131z y\u00fczy\u0131lda ba\u015fta toplumsal d\u00fczeni, daha sonra ekolojik ko\u015fullar\u0131 ve \u00e7e\u015fitli be\u015fer\u00ee faaliyetleri yeniden \u015fekillendiren Covid-19 salg\u0131n\u0131 gerek D\u00fcnya \u00f6l\u00e7e\u011finde gerekse T\u00fcrkiye \u00f6l\u00e7e\u011finde \u00fclke y\u00f6netimlerini siya-sal, k\u00fclt\u00fcrel davran\u0131\u015f de\u011fi\u015fikliklerine y\u00f6neltmi\u015ftir. Yery\u00fcz\u00fcndeki olaylar\u0131n i\u015fleyi\u015fini, da\u011f\u0131l\u0131\u015f\u0131n\u0131, birbirleriyle olan ili\u015fkilerini ve bunlar\u0131n insan eylemleriyle olan etkilerini inceleyen co\u011frafya bilimi do\u011fas\u0131 gere\u011fi bir\u00e7ok somut veya soyut kaynaklardan beslenen bir veri seti meydana getirmektedir. Mekansal perspektifte mek\u00e2n\u0131n yeniden in\u015fas\u0131na katk\u0131 sa\u011flayan praksis felsefe anlay\u0131\u015flar\u0131, t\u0131bbi co\u011frafyadaki de\u011fi\u015fimler, \u00e7evresel denetim ve buna ba\u011fl\u0131 olarak \u015fekillenen biyopolitika anlay\u0131\u015flar\u0131 da salg\u0131nlar\u0131n co\u011frafyas\u0131n\u0131 hem kuramsal hem de kavramsal \u00e7er\u00e7eve \u00f6r\u00fcnt\u00fcs\u00fcnde yeniden \u015fekillendirmi\u015ftir.     <\/p>\n","protected":false},"excerpt":{"rendered":"<p>Salg\u0131nlar\u0131n tarihsel seyri g\u00f6z \u00f6n\u00fcne al\u0131nd\u0131\u011f\u0131nda \u015fu an i\u00e7inde ya\u015fad\u0131\u011f\u0131m\u0131z y\u00fczy\u0131lda ba\u015fta toplumsal d\u00fczeni, daha sonra ekolojik ko\u015fullar\u0131 ve \u00e7e\u015fitli be\u015fer\u00ee faaliyetleri yeniden \u015fekillendiren Covid-19 salg\u0131n\u0131<span class=\"excerpt-hellip\"> [\u2026]<\/span><\/p>\n","protected":false},"featured_media":0,"template":"","meta":{"_monsterinsights_skip_tracking":false,"_monsterinsights_sitenote_active":false,"_monsterinsights_sitenote_note":"","_monsterinsights_sitenote_category":0},"product_brand":[],"product_cat":[13366,13365],"product_tag":[],"class_list":{"0":"post-743812","1":"product","2":"type-product","3":"status-publish","5":"product_cat-diger-saglik","6":"product_cat-saglik","7":"pa_cilt-ciltsiz","8":"pa_tur-kitap","9":"pa_yayinevi-kirmizi-cati-yayinlari","10":"pa_yazar-kolektif","12":"first","13":"instock","14":"sale","15":"shipping-taxable","16":"purchasable","17":"product-type-simple"},"_links":{"self":[{"href":"https:\/\/roveyayinevi.com.tr\/index.php\/wp-json\/wp\/v2\/product\/743812","targetHints":{"allow":["GET"]}}],"collection":[{"href":"https:\/\/roveyayinevi.com.tr\/index.php\/wp-json\/wp\/v2\/product"}],"about":[{"href":"https:\/\/roveyayinevi.com.tr\/index.php\/wp-json\/wp\/v2\/types\/product"}],"wp:attachment":[{"href":"https:\/\/roveyayinevi.com.tr\/index.php\/wp-json\/wp\/v2\/media?parent=743812"}],"wp:term":[{"taxonomy":"product_brand","embeddable":true,"href":"https:\/\/roveyayinevi.com.tr\/index.php\/wp-json\/wp\/v2\/product_brand?post=743812"},{"taxonomy":"product_cat","embeddable":true,"href":"https:\/\/roveyayinevi.com.tr\/index.php\/wp-json\/wp\/v2\/product_cat?post=743812"},{"taxonomy":"product_tag","embeddable":true,"href":"https:\/\/roveyayinevi.com.tr\/index.php\/wp-json\/wp\/v2\/product_tag?post=743812"}],"curies":[{"name":"wp","href":"https:\/\/api.w.org\/{rel}","templated":true}]}}