{"id":743808,"date":"2025-08-28T01:42:56","date_gmt":"2025-08-27T22:42:56","guid":{"rendered":"https:\/\/roveyayinevi.com.tr\/index.php\/urun\/insanligin-mutluluk-seruveni\/"},"modified":"2026-04-16T02:55:31","modified_gmt":"2026-04-15T23:55:31","slug":"insanligin-mutluluk-seruveni","status":"publish","type":"product","link":"https:\/\/roveyayinevi.com.tr\/index.php\/urun\/insanligin-mutluluk-seruveni\/","title":{"rendered":"\u0130nsanl\u0131\u011f\u0131n Mutluluk Ser\u00fcveni"},"content":{"rendered":"<p>Kitapta, mutlulu\u011fun kolay form\u00fcl\u00fcn\u00fc arayanlar\u0131 \u015fimdiden uyarmak istiyorum. B\u00f6yle bir beklentiniz olmas\u0131n! E\u011fer hayat\u0131 daha anlaml\u0131 ve nitelikli ya\u015famak istiyorsan\u0131z ve bunun \u00f6n\u00fcndeki yayg\u0131n; ancak \u00e7o\u011fu kez g\u00f6zden ka\u00e7an engelleri nas\u0131l a\u015fabilece\u011finize dair merak\u0131n\u0131z varsa, bu kitap, tam size uygun bir kitap. Co\u015fkulu ve anlaml\u0131 ya\u015fam, do\u011fas\u0131 gere\u011fi sizi mutlu eder, daha do\u011frusu size i\u00e7 huzuru ve doyum verir. B\u00f6ylece \u00e7evrenizden bariz \u015fekilde farkl\u0131la\u015fmaya ba\u015flars\u0131n\u0131z.  \u0130nan\u0131n buna de\u011fer. Muhtemelen her yeni a\u00e7\u0131l\u0131mda yenileceksiniz. Hatalar yapacaks\u0131n\u0131z. Olsun! Ancak gittik\u00e7e daha \u00fcst seviyede ve sizi daha mutlu edecek yenilgiler tadacaks\u0131n\u0131z.  Taa ki, ya\u015fam ad\u0131na iyi bir Samuray olana kadar. B\u00fct\u00fcn zorluk sadece ilk ad\u0131mda ve kendinle y\u00fczle\u015fme cesaretindedir. Buna ger\u00e7ekten haz\u0131rsan, gerisi \u00e7orap s\u00f6k\u00fc\u011f\u00fc gibi gelecektir.<\/p>\n","protected":false},"excerpt":{"rendered":"<p>Kitapta, mutlulu\u011fun kolay form\u00fcl\u00fcn\u00fc arayanlar\u0131 \u015fimdiden uyarmak istiyorum. B\u00f6yle bir beklentiniz olmas\u0131n! E\u011fer hayat\u0131 daha anlaml\u0131 ve nitelikli ya\u015famak istiyorsan\u0131z ve bunun \u00f6n\u00fcndeki yayg\u0131n; ancak \u00e7o\u011fu<span class=\"excerpt-hellip\"> [\u2026]<\/span><\/p>\n","protected":false},"featured_media":0,"template":"","meta":{"_monsterinsights_skip_tracking":false,"_monsterinsights_sitenote_active":false,"_monsterinsights_sitenote_note":"","_monsterinsights_sitenote_category":0},"product_brand":[],"product_cat":[12777,12291],"product_tag":[],"class_list":{"0":"post-743808","1":"product","2":"type-product","3":"status-publish","5":"product_cat-deneme","6":"product_cat-edebiyat","7":"pa_cilt-ciltsiz","8":"pa_tur-kitap","9":"pa_yayinevi-platanus-publishing","10":"pa_yazar-nevzat-umdu","12":"first","13":"instock","14":"sale","15":"shipping-taxable","16":"purchasable","17":"product-type-simple"},"_links":{"self":[{"href":"https:\/\/roveyayinevi.com.tr\/index.php\/wp-json\/wp\/v2\/product\/743808","targetHints":{"allow":["GET"]}}],"collection":[{"href":"https:\/\/roveyayinevi.com.tr\/index.php\/wp-json\/wp\/v2\/product"}],"about":[{"href":"https:\/\/roveyayinevi.com.tr\/index.php\/wp-json\/wp\/v2\/types\/product"}],"wp:attachment":[{"href":"https:\/\/roveyayinevi.com.tr\/index.php\/wp-json\/wp\/v2\/media?parent=743808"}],"wp:term":[{"taxonomy":"product_brand","embeddable":true,"href":"https:\/\/roveyayinevi.com.tr\/index.php\/wp-json\/wp\/v2\/product_brand?post=743808"},{"taxonomy":"product_cat","embeddable":true,"href":"https:\/\/roveyayinevi.com.tr\/index.php\/wp-json\/wp\/v2\/product_cat?post=743808"},{"taxonomy":"product_tag","embeddable":true,"href":"https:\/\/roveyayinevi.com.tr\/index.php\/wp-json\/wp\/v2\/product_tag?post=743808"}],"curies":[{"name":"wp","href":"https:\/\/api.w.org\/{rel}","templated":true}]}}