{"id":743807,"date":"2025-08-28T01:42:55","date_gmt":"2025-08-27T22:42:55","guid":{"rendered":"https:\/\/roveyayinevi.com.tr\/index.php\/urun\/kipper-kehanet-kartlari\/"},"modified":"2026-04-16T02:55:31","modified_gmt":"2026-04-15T23:55:31","slug":"kipper-kehanet-kartlari","status":"publish","type":"product","link":"https:\/\/roveyayinevi.com.tr\/index.php\/urun\/kipper-kehanet-kartlari\/","title":{"rendered":"Kipper Kehanet Kartlar\u0131"},"content":{"rendered":"<p>36 Kartl\u0131k Deste ve 448 Sayfa Rehber Kitap.   1890\u2019da geli\u015ftirilen Kipper, uzun s\u00fcre Almanya\u2019da kehanet \u00e7evrelerinin g\u00f6zdesi olmu\u015ftur. 36 karttan olu\u015fan bu geleneksel Alman sisteminin \u015fifresini bir Parislinin dokunu\u015fuyla \u00e7\u00f6zen Kipper uzman\u0131 Alexandre Musruck\u2019a kat\u0131l\u0131n. Bu kartlar\u0131n her birini mantralara, etkilere, y\u00f6nlere, kombinasyonlara ve daha fazlas\u0131na odaklanan b\u00f6l\u00fcmlerde ke\u015ffedin. Ayr\u0131ca y\u00f6nlerin \u00f6nemini ve bunlar\u0131 nas\u0131l kullanaca\u011f\u0131n\u0131z\u0131, \u00fc\u00e7 temel kart a\u00e7\u0131l\u0131m\u0131n\u0131 \u20133 kartl\u0131 basit, 5 kartl\u0131 ha\u00e7 ve 9 kartl\u0131 kutu a\u00e7\u0131l\u0131mlar\u0131n\u0131\u2013, B\u00fcy\u00fck Tablo\u2019yu \u00e7\u00f6zmenin 7 anahtar\u0131n\u0131, Kipper kartlar\u0131n\u0131 hat\u0131rlaman\u0131n \u00fc\u00e7 a\u015famal\u0131 form\u00fcl\u00fcn\u00fc ve ka\u00e7\u0131n\u0131lmas\u0131 gereken \u00fc\u00e7 hatay\u0131 da \u00f6\u011freneceksiniz. Musruck, pratik ipu\u00e7lar\u0131yla Kipper\u2019in nas\u0131l okuyucuya kendisi ve yan\u0131t\u0131n\u0131 arad\u0131\u011f\u0131 sorular hakk\u0131nda daha derin i\u00e7g\u00f6r\u00fcler kazand\u0131rd\u0131\u011f\u0131n\u0131 g\u00f6steriyor..   <\/p>\n","protected":false},"excerpt":{"rendered":"<p>36 Kartl\u0131k Deste ve 448 Sayfa Rehber Kitap. 1890\u2019da geli\u015ftirilen Kipper, uzun s\u00fcre Almanya\u2019da kehanet \u00e7evrelerinin g\u00f6zdesi olmu\u015ftur. 36 karttan olu\u015fan bu geleneksel Alman sisteminin \u015fifresini<span class=\"excerpt-hellip\"> [\u2026]<\/span><\/p>\n","protected":false},"featured_media":0,"template":"","meta":{"_monsterinsights_skip_tracking":false,"_monsterinsights_sitenote_active":false,"_monsterinsights_sitenote_note":"","_monsterinsights_sitenote_category":0},"product_brand":[],"product_cat":[18082,15563],"product_tag":[],"class_list":{"0":"post-743807","1":"product","2":"type-product","3":"status-publish","5":"product_cat-astroloji-fal-ruya","6":"product_cat-hobi","7":"pa_cilt-ciltsiz","8":"pa_tur-kitap","9":"pa_yayinevi-butik-yayinlari","10":"pa_yazar-alexandre-musruck","12":"first","13":"instock","14":"sale","15":"shipping-taxable","16":"purchasable","17":"product-type-simple"},"_links":{"self":[{"href":"https:\/\/roveyayinevi.com.tr\/index.php\/wp-json\/wp\/v2\/product\/743807","targetHints":{"allow":["GET"]}}],"collection":[{"href":"https:\/\/roveyayinevi.com.tr\/index.php\/wp-json\/wp\/v2\/product"}],"about":[{"href":"https:\/\/roveyayinevi.com.tr\/index.php\/wp-json\/wp\/v2\/types\/product"}],"wp:attachment":[{"href":"https:\/\/roveyayinevi.com.tr\/index.php\/wp-json\/wp\/v2\/media?parent=743807"}],"wp:term":[{"taxonomy":"product_brand","embeddable":true,"href":"https:\/\/roveyayinevi.com.tr\/index.php\/wp-json\/wp\/v2\/product_brand?post=743807"},{"taxonomy":"product_cat","embeddable":true,"href":"https:\/\/roveyayinevi.com.tr\/index.php\/wp-json\/wp\/v2\/product_cat?post=743807"},{"taxonomy":"product_tag","embeddable":true,"href":"https:\/\/roveyayinevi.com.tr\/index.php\/wp-json\/wp\/v2\/product_tag?post=743807"}],"curies":[{"name":"wp","href":"https:\/\/api.w.org\/{rel}","templated":true}]}}