{"id":743804,"date":"2025-08-28T01:42:51","date_gmt":"2025-08-27T22:42:51","guid":{"rendered":"https:\/\/roveyayinevi.com.tr\/index.php\/urun\/cadi-tarotu-kartlari\/"},"modified":"2026-04-16T02:55:31","modified_gmt":"2026-04-15T23:55:31","slug":"cadi-tarotu-kartlari","status":"publish","type":"product","link":"https:\/\/roveyayinevi.com.tr\/index.php\/urun\/cadi-tarotu-kartlari\/","title":{"rendered":"Cad\u0131 Tarotu Kartlar\u0131"},"content":{"rendered":"<p>78 Kartl\u0131k Deste ve 304 Sayfa Rehber Kitap.   Herkes i\u00e7in e\u011flenceli, pratik, kullan\u0131m\u0131 kolay bir tarot destesi. B\u00fcy\u00fcleyici resimler ve basit a\u00e7\u0131klamalar ile tarot \u00f6\u011frenmek veya uygulamak isteyen herkesin ba\u015fvurabilece\u011fi bir deste haline geliyor. Klasik Raider-Waite destesine dayanan ama  yo\u011fun bir hayat\u0131 olan g\u00fcn\u00fcm\u00fcz insanlar\u0131na g\u00f6re uyarlanm\u0131\u015f olan bu tarotun ya\u015fam\u0131n zorlu sorular\u0131na yan\u0131t vermek gibi ciddi bir amac\u0131 olmas\u0131n\u0131n yan\u0131s\u0131ra, e\u011flenceli bir havas\u0131 da var. Yazar Deborah Blake samimi ve cana yak\u0131n tarz\u0131yla size muhte\u015fem \u00e7izimler i\u00e7eren bir deste ve rehber kitab\u0131yla birlikte olumluya odaklanan bir tarot deneyimi sunuyor. <\/p>\n","protected":false},"excerpt":{"rendered":"<p>78 Kartl\u0131k Deste ve 304 Sayfa Rehber Kitap. Herkes i\u00e7in e\u011flenceli, pratik, kullan\u0131m\u0131 kolay bir tarot destesi. B\u00fcy\u00fcleyici resimler ve basit a\u00e7\u0131klamalar ile tarot \u00f6\u011frenmek veya<span class=\"excerpt-hellip\"> [\u2026]<\/span><\/p>\n","protected":false},"featured_media":0,"template":"","meta":{"_monsterinsights_skip_tracking":false,"_monsterinsights_sitenote_active":false,"_monsterinsights_sitenote_note":"","_monsterinsights_sitenote_category":0},"product_brand":[],"product_cat":[18082,15563],"product_tag":[],"class_list":{"0":"post-743804","1":"product","2":"type-product","3":"status-publish","5":"product_cat-astroloji-fal-ruya","6":"product_cat-hobi","7":"pa_cilt-ciltsiz","8":"pa_tur-kitap","9":"pa_yayinevi-butik-yayinlari","10":"pa_yazar-deborah-blake","12":"first","13":"instock","14":"sale","15":"shipping-taxable","16":"purchasable","17":"product-type-simple"},"_links":{"self":[{"href":"https:\/\/roveyayinevi.com.tr\/index.php\/wp-json\/wp\/v2\/product\/743804","targetHints":{"allow":["GET"]}}],"collection":[{"href":"https:\/\/roveyayinevi.com.tr\/index.php\/wp-json\/wp\/v2\/product"}],"about":[{"href":"https:\/\/roveyayinevi.com.tr\/index.php\/wp-json\/wp\/v2\/types\/product"}],"wp:attachment":[{"href":"https:\/\/roveyayinevi.com.tr\/index.php\/wp-json\/wp\/v2\/media?parent=743804"}],"wp:term":[{"taxonomy":"product_brand","embeddable":true,"href":"https:\/\/roveyayinevi.com.tr\/index.php\/wp-json\/wp\/v2\/product_brand?post=743804"},{"taxonomy":"product_cat","embeddable":true,"href":"https:\/\/roveyayinevi.com.tr\/index.php\/wp-json\/wp\/v2\/product_cat?post=743804"},{"taxonomy":"product_tag","embeddable":true,"href":"https:\/\/roveyayinevi.com.tr\/index.php\/wp-json\/wp\/v2\/product_tag?post=743804"}],"curies":[{"name":"wp","href":"https:\/\/api.w.org\/{rel}","templated":true}]}}