{"id":743803,"date":"2025-08-28T01:42:50","date_gmt":"2025-08-27T22:42:50","guid":{"rendered":"https:\/\/roveyayinevi.com.tr\/index.php\/urun\/koruyucu-meleklerin-mesaji-tarot-kartlari\/"},"modified":"2026-04-16T02:55:31","modified_gmt":"2026-04-15T23:55:31","slug":"koruyucu-meleklerin-mesaji-tarot-kartlari","status":"publish","type":"product","link":"https:\/\/roveyayinevi.com.tr\/index.php\/urun\/koruyucu-meleklerin-mesaji-tarot-kartlari\/","title":{"rendered":"Koruyucu Meleklerin Mesaj\u0131 Tarot Kartlar\u0131"},"content":{"rendered":"<p>78 Kartl\u0131k Deste ve 206 Sayfa Rehber Kitap.   Koruyucu Meleklerin Mesaj\u0131 Tarot Kartlar\u0131, \u0130lahi Varl\u0131k\u2019tan gelen mesajlara kolayca ula\u015fmak isteyenler kadar koruyucu melekleriyle ba\u011f\u0131n\u0131 g\u00fc\u00e7lendirmek isteyenler i\u00e7in de yarat\u0131lm\u0131\u015ft\u0131r. Bu deste, \u00f6zellikle kendilerine ve ba\u015fkalar\u0131na net bir \u015fekilde yol g\u00f6steren rahatlat\u0131c\u0131 ve g\u00fcvenli bir y\u00f6ntem arayan duyarl\u0131l\u0131\u011f\u0131 y\u00fcksek ki\u015filer i\u00e7in tasarlanm\u0131\u015ft\u0131r. <\/p>\n","protected":false},"excerpt":{"rendered":"<p>78 Kartl\u0131k Deste ve 206 Sayfa Rehber Kitap. Koruyucu Meleklerin Mesaj\u0131 Tarot Kartlar\u0131, \u0130lahi Varl\u0131k\u2019tan gelen mesajlara kolayca ula\u015fmak isteyenler kadar koruyucu melekleriyle ba\u011f\u0131n\u0131 g\u00fc\u00e7lendirmek isteyenler<span class=\"excerpt-hellip\"> [\u2026]<\/span><\/p>\n","protected":false},"featured_media":0,"template":"","meta":{"_monsterinsights_skip_tracking":false,"_monsterinsights_sitenote_active":false,"_monsterinsights_sitenote_note":"","_monsterinsights_sitenote_category":0},"product_brand":[],"product_cat":[18082,15563],"product_tag":[],"class_list":{"0":"post-743803","1":"product","2":"type-product","3":"status-publish","5":"product_cat-astroloji-fal-ruya","6":"product_cat-hobi","7":"pa_cilt-ciltsiz","8":"pa_tur-kitap","9":"pa_yayinevi-butik-yayinlari","10":"pa_yazar-radleigh-valentine","12":"first","13":"instock","14":"sale","15":"shipping-taxable","16":"purchasable","17":"product-type-simple"},"_links":{"self":[{"href":"https:\/\/roveyayinevi.com.tr\/index.php\/wp-json\/wp\/v2\/product\/743803","targetHints":{"allow":["GET"]}}],"collection":[{"href":"https:\/\/roveyayinevi.com.tr\/index.php\/wp-json\/wp\/v2\/product"}],"about":[{"href":"https:\/\/roveyayinevi.com.tr\/index.php\/wp-json\/wp\/v2\/types\/product"}],"wp:attachment":[{"href":"https:\/\/roveyayinevi.com.tr\/index.php\/wp-json\/wp\/v2\/media?parent=743803"}],"wp:term":[{"taxonomy":"product_brand","embeddable":true,"href":"https:\/\/roveyayinevi.com.tr\/index.php\/wp-json\/wp\/v2\/product_brand?post=743803"},{"taxonomy":"product_cat","embeddable":true,"href":"https:\/\/roveyayinevi.com.tr\/index.php\/wp-json\/wp\/v2\/product_cat?post=743803"},{"taxonomy":"product_tag","embeddable":true,"href":"https:\/\/roveyayinevi.com.tr\/index.php\/wp-json\/wp\/v2\/product_tag?post=743803"}],"curies":[{"name":"wp","href":"https:\/\/api.w.org\/{rel}","templated":true}]}}