{"id":743802,"date":"2025-08-28T01:42:49","date_gmt":"2025-08-27T22:42:49","guid":{"rendered":"https:\/\/roveyayinevi.com.tr\/index.php\/urun\/isik-rahibesi-kehanet-kartlari\/"},"modified":"2026-04-16T02:55:31","modified_gmt":"2026-04-15T23:55:31","slug":"isik-rahibesi-kehanet-kartlari","status":"publish","type":"product","link":"https:\/\/roveyayinevi.com.tr\/index.php\/urun\/isik-rahibesi-kehanet-kartlari\/","title":{"rendered":"I\u015f\u0131k Rahibesi Kehanet Kartlar\u0131"},"content":{"rendered":"<p>53 Kartl\u0131k Deste ve 152 Sayfa Rehber Kitap.   53 karttan olu\u015fan bu deste iki inan\u0131lmaz \u015fifac\u0131 ve \u00f6\u011fretmenin i\u015fbirli\u011fiyle ortaya \u00e7\u0131kt\u0131. B\u00fcy\u00fck \u00f6vg\u00fc toplayan bu kehanetin yarat\u0131c\u0131s\u0131 Sandra Anne Taylor, Kutsal Ruh hayvanlar\u0131n\u0131n, ilahi di\u015fil arketiplerin ve kutsal geometrinin \u00e7arp\u0131c\u0131 tasvirleri vas\u0131tas\u0131yla evrensel enerjiyi ortaya \u00e7\u0131kart\u0131yor. \u00dcnl\u00fc sanat\u00e7\u0131 Kimberly Webber ise ilahi enerjiyi d\u00f6n\u00fc\u015ft\u00fcrerek nadir bulunan mineraller, kristaller ve de\u011ferli metallerle \u201ck\u00f6kleri antik d\u00f6nemlere uzanan modern sihirli realizm\u201d olarak tan\u0131mlanan bu kartlar\u0131n girift ya\u011fl\u0131boya resimlerini yaratt\u0131. Bu resimler ve verdikleri mesajlar kehanet amac\u0131yla kullan\u0131labilece\u011fi gibi \u00f6nemli i\u00e7sel de\u011fi\u015fimlerin ve hayat\u0131n\u0131zdaki ve genel olarak d\u00fcnyadaki \u00f6nemli tezah\u00fcrlerin bir vas\u0131tas\u0131 olarak da kullan\u0131labilir. <\/p>\n","protected":false},"excerpt":{"rendered":"<p>53 Kartl\u0131k Deste ve 152 Sayfa Rehber Kitap. 53 karttan olu\u015fan bu deste iki inan\u0131lmaz \u015fifac\u0131 ve \u00f6\u011fretmenin i\u015fbirli\u011fiyle ortaya \u00e7\u0131kt\u0131. B\u00fcy\u00fck \u00f6vg\u00fc toplayan bu kehanetin<span class=\"excerpt-hellip\"> [\u2026]<\/span><\/p>\n","protected":false},"featured_media":0,"template":"","meta":{"_monsterinsights_skip_tracking":false,"_monsterinsights_sitenote_active":false,"_monsterinsights_sitenote_note":"","_monsterinsights_sitenote_category":0},"product_brand":[],"product_cat":[18082,15563],"product_tag":[],"class_list":{"0":"post-743802","1":"product","2":"type-product","3":"status-publish","5":"product_cat-astroloji-fal-ruya","6":"product_cat-hobi","7":"pa_cilt-ciltsiz","8":"pa_tur-kitap","9":"pa_yayinevi-butik-yayinlari","10":"pa_yazar-sandra-anne-taylor-kimberly-webber","12":"first","13":"instock","14":"sale","15":"shipping-taxable","16":"purchasable","17":"product-type-simple"},"_links":{"self":[{"href":"https:\/\/roveyayinevi.com.tr\/index.php\/wp-json\/wp\/v2\/product\/743802","targetHints":{"allow":["GET"]}}],"collection":[{"href":"https:\/\/roveyayinevi.com.tr\/index.php\/wp-json\/wp\/v2\/product"}],"about":[{"href":"https:\/\/roveyayinevi.com.tr\/index.php\/wp-json\/wp\/v2\/types\/product"}],"wp:attachment":[{"href":"https:\/\/roveyayinevi.com.tr\/index.php\/wp-json\/wp\/v2\/media?parent=743802"}],"wp:term":[{"taxonomy":"product_brand","embeddable":true,"href":"https:\/\/roveyayinevi.com.tr\/index.php\/wp-json\/wp\/v2\/product_brand?post=743802"},{"taxonomy":"product_cat","embeddable":true,"href":"https:\/\/roveyayinevi.com.tr\/index.php\/wp-json\/wp\/v2\/product_cat?post=743802"},{"taxonomy":"product_tag","embeddable":true,"href":"https:\/\/roveyayinevi.com.tr\/index.php\/wp-json\/wp\/v2\/product_tag?post=743802"}],"curies":[{"name":"wp","href":"https:\/\/api.w.org\/{rel}","templated":true}]}}