{"id":743801,"date":"2025-08-28T01:42:48","date_gmt":"2025-08-27T22:42:48","guid":{"rendered":"https:\/\/roveyayinevi.com.tr\/index.php\/urun\/bagli-kaderler-ayri-yazgilar\/"},"modified":"2026-04-16T02:55:31","modified_gmt":"2026-04-15T23:55:31","slug":"bagli-kaderler-ayri-yazgilar","status":"publish","type":"product","link":"https:\/\/roveyayinevi.com.tr\/index.php\/urun\/bagli-kaderler-ayri-yazgilar\/","title":{"rendered":"Ba\u011fl\u0131 Kaderler Ayr\u0131 Yazg\u0131lar"},"content":{"rendered":"<p>Benimle ba\u015flamad\u0131\u2026 Aile Dizimi\u2019nde yola \u00e7\u0131karken elimizdeki \u00f6n kabul budur i\u015fte. \u00c7o\u011fumuz, bizden \u00f6nce gelenlerin (ebeveynlerimizin, atalar\u0131m\u0131z\u0131n) mutsuzlu\u011funun \u201ca\u011f\u0131na\u201d tak\u0131l\u0131yoruz. Y\u0131k\u0131c\u0131 ailesel kal\u0131plar\u0131 benimsiyor, kendimizi kayg\u0131, depresyon ve ba\u015far\u0131s\u0131zl\u0131k i\u00e7inde buluyoruz. Hatta ge\u00e7mi\u015fi \u201cde\u011fi\u015ftirmek\u201d ve ailelerimizi \u201cd\u00fczeltmek\u201d u\u011fruna hastal\u0131klara yakalan\u0131yor ya da ba\u011f\u0131ml\u0131l\u0131klar\u0131n tuza\u011f\u0131na d\u00fc\u015f\u00fcyoruz. Aile Dizimi terapisti Marine S\u00e9l\u00e9n\u00e9e bu kitapla bizi aile sistemlerimizin hayat\u0131m\u0131z \u00fczerinde nas\u0131l h\u00e2kimiyetini kurabildi\u011fini anlamaya davet ediyor. Ba\u015fkalar\u0131n\u0131n kaderlerini ya\u015famaktan kurtulmak, bilin\u00e7li ve \u00f6zg\u00fcn bir \u015fekilde ya\u015famak, d\u00f6n\u00fc\u015ft\u00fcr\u00fcc\u00fc bir b\u00fcy\u00fcme deneyimlemek i\u00e7in bir davet bu. Kitab\u0131n en b\u00fcy\u00fcleyici yan\u0131, yazar\u0131n ki\u015fisel deneyimlerinden dan\u0131\u015fan hik\u00e2yelerine Aile Dizimi Terapisini s\u00fcr\u00fckleyici bir roman tad\u0131nda kaleme alm\u0131\u015f olmas\u0131; i\u00e7indeki olumlamalar\u0131, meditasyonlar\u0131 ve egzersizleri kullanarak, Aile Dizimi terapisinin faydalar\u0131n\u0131 kendiniz bir Aile Dizimi \u00e7al\u0131\u015fmas\u0131na kat\u0131lmadan da aktif olarak deneyimlemenizi m\u00fcmk\u00fcn k\u0131lmas\u0131. Bu kitapla:   &#8211;          aile sistemi kal\u0131plar\u0131n\u0131 tan\u0131yacak ve onlar\u0131 k\u0131racak &#8211;          i\u00e7inizdeki \u00e7ocu\u011fu iyile\u015ftirip, yeti\u015fkin benli\u011finize ebeveynlik yapacak &#8211;          s\u0131n\u0131rlay\u0131c\u0131 inan\u00e7 ve davran\u0131\u015flar\u0131n\u0131z\u0131 serbest b\u0131rakacak &#8211;          sizi ge\u00e7mi\u015fle dola\u015f\u0131k hale getiren travma ba\u011flar\u0131n\u0131 \u00e7\u00f6zecek &#8211;          aile sistemi i\u00e7inde art\u0131k kendinizi huzurlu hissetti\u011finiz bir yere ula\u015facaks\u0131n\u0131z   Ba\u011fl\u0131 Kaderler Ayr\u0131 Yazg\u0131lar Aile Dizimi felsefesi \u00fczerine zarif ama derin bir kitap. Ve bu kitap yeniden hayat\u0131n\u0131z\u0131n tek sahibi olman\u0131z i\u00e7in size g\u00fc\u00e7 ve ilham verecek.<\/p>\n","protected":false},"excerpt":{"rendered":"<p>Benimle ba\u015flamad\u0131\u2026 Aile Dizimi\u2019nde yola \u00e7\u0131karken elimizdeki \u00f6n kabul budur i\u015fte. \u00c7o\u011fumuz, bizden \u00f6nce gelenlerin (ebeveynlerimizin, atalar\u0131m\u0131z\u0131n) mutsuzlu\u011funun \u201ca\u011f\u0131na\u201d tak\u0131l\u0131yoruz. Y\u0131k\u0131c\u0131 ailesel kal\u0131plar\u0131 benimsiyor, kendimizi kayg\u0131,<span class=\"excerpt-hellip\"> [\u2026]<\/span><\/p>\n","protected":false},"featured_media":0,"template":"","meta":{"_monsterinsights_skip_tracking":false,"_monsterinsights_sitenote_active":false,"_monsterinsights_sitenote_note":"","_monsterinsights_sitenote_category":0},"product_brand":[],"product_cat":[12364,12376],"product_tag":[],"class_list":{"0":"post-743801","1":"product","2":"type-product","3":"status-publish","5":"product_cat-genel-konular","6":"product_cat-kisisel-gelisim","7":"pa_cilt-ciltsiz","8":"pa_tur-kitap","9":"pa_yayinevi-butik-yayinlari","10":"pa_yazar-marine-selenee","12":"first","13":"instock","14":"sale","15":"shipping-taxable","16":"purchasable","17":"product-type-simple"},"_links":{"self":[{"href":"https:\/\/roveyayinevi.com.tr\/index.php\/wp-json\/wp\/v2\/product\/743801","targetHints":{"allow":["GET"]}}],"collection":[{"href":"https:\/\/roveyayinevi.com.tr\/index.php\/wp-json\/wp\/v2\/product"}],"about":[{"href":"https:\/\/roveyayinevi.com.tr\/index.php\/wp-json\/wp\/v2\/types\/product"}],"wp:attachment":[{"href":"https:\/\/roveyayinevi.com.tr\/index.php\/wp-json\/wp\/v2\/media?parent=743801"}],"wp:term":[{"taxonomy":"product_brand","embeddable":true,"href":"https:\/\/roveyayinevi.com.tr\/index.php\/wp-json\/wp\/v2\/product_brand?post=743801"},{"taxonomy":"product_cat","embeddable":true,"href":"https:\/\/roveyayinevi.com.tr\/index.php\/wp-json\/wp\/v2\/product_cat?post=743801"},{"taxonomy":"product_tag","embeddable":true,"href":"https:\/\/roveyayinevi.com.tr\/index.php\/wp-json\/wp\/v2\/product_tag?post=743801"}],"curies":[{"name":"wp","href":"https:\/\/api.w.org\/{rel}","templated":true}]}}