{"id":743789,"date":"2025-08-28T01:42:34","date_gmt":"2025-08-27T22:42:34","guid":{"rendered":"https:\/\/roveyayinevi.com.tr\/index.php\/urun\/7-tepe-7-efsane\/"},"modified":"2026-04-16T02:55:31","modified_gmt":"2026-04-15T23:55:31","slug":"7-tepe-7-efsane","status":"publish","type":"product","link":"https:\/\/roveyayinevi.com.tr\/index.php\/urun\/7-tepe-7-efsane\/","title":{"rendered":"7 Tepe 7 Efsane"},"content":{"rendered":"<p>\u0130stanbullu Ali\u2019nin en sevdi\u011fi rit\u00fceli, annesiyle \u00e7\u0131kt\u0131\u011f\u0131 haftal\u0131k Be\u015fikta\u015f-Kad\u0131k\u00f6y vapur seferleri. . .Ali her seferinde \u0130stanbul\u2019a hayran kal\u0131r kalmas\u0131na ancak \u00f6zellikle birinde, tan\u0131\u015ft\u0131\u011f\u0131 mart\u0131yla \u015fehrin efsanelerine pike yapar gibi dalar.Y\u00fczy\u0131llar boyunca say\u0131s\u0131z k\u00fclt\u00fcre ev sahibi, dillereyse destan olmu\u015f e\u015fi benzeri olmayan, b\u00fcy\u00fcleyici bir \u015fehir \u0130stanbul. \u015eimdi bu g\u00fczeller g\u00fczeli yedi tepeli \u015fehrin efsaneleri, \u0130stanbul sevdal\u0131s\u0131 Sevil K\u00f6yba\u015f\u0131\u2019n\u0131n kaleminden.(Tan\u0131t\u0131m B\u00fclteninden)<\/p>\n","protected":false},"excerpt":{"rendered":"<p>\u0130stanbullu Ali\u2019nin en sevdi\u011fi rit\u00fceli, annesiyle \u00e7\u0131kt\u0131\u011f\u0131 haftal\u0131k Be\u015fikta\u015f-Kad\u0131k\u00f6y vapur seferleri. . .Ali her seferinde \u0130stanbul\u2019a hayran kal\u0131r kalmas\u0131na ancak \u00f6zellikle birinde, tan\u0131\u015ft\u0131\u011f\u0131 mart\u0131yla \u015fehrin efsanelerine<span class=\"excerpt-hellip\"> [\u2026]<\/span><\/p>\n","protected":false},"featured_media":0,"template":"","meta":{"_monsterinsights_skip_tracking":false,"_monsterinsights_sitenote_active":false,"_monsterinsights_sitenote_note":"","_monsterinsights_sitenote_category":0},"product_brand":[],"product_cat":[12274,12284],"product_tag":[],"class_list":{"0":"post-743789","1":"product","2":"type-product","3":"status-publish","5":"product_cat-cocuk-ve-genclik-kitaplari","6":"product_cat-hikayeler","7":"pa_cilt-ciltsiz","8":"pa_tur-kitap","9":"pa_yayinevi-hep-kitap","10":"pa_yazar-sevil-koybasi","12":"first","13":"instock","14":"sale","15":"shipping-taxable","16":"purchasable","17":"product-type-simple"},"_links":{"self":[{"href":"https:\/\/roveyayinevi.com.tr\/index.php\/wp-json\/wp\/v2\/product\/743789","targetHints":{"allow":["GET"]}}],"collection":[{"href":"https:\/\/roveyayinevi.com.tr\/index.php\/wp-json\/wp\/v2\/product"}],"about":[{"href":"https:\/\/roveyayinevi.com.tr\/index.php\/wp-json\/wp\/v2\/types\/product"}],"wp:attachment":[{"href":"https:\/\/roveyayinevi.com.tr\/index.php\/wp-json\/wp\/v2\/media?parent=743789"}],"wp:term":[{"taxonomy":"product_brand","embeddable":true,"href":"https:\/\/roveyayinevi.com.tr\/index.php\/wp-json\/wp\/v2\/product_brand?post=743789"},{"taxonomy":"product_cat","embeddable":true,"href":"https:\/\/roveyayinevi.com.tr\/index.php\/wp-json\/wp\/v2\/product_cat?post=743789"},{"taxonomy":"product_tag","embeddable":true,"href":"https:\/\/roveyayinevi.com.tr\/index.php\/wp-json\/wp\/v2\/product_tag?post=743789"}],"curies":[{"name":"wp","href":"https:\/\/api.w.org\/{rel}","templated":true}]}}