{"id":743788,"date":"2025-08-28T01:42:33","date_gmt":"2025-08-27T22:42:33","guid":{"rendered":"https:\/\/roveyayinevi.com.tr\/index.php\/urun\/ayinin-sirri\/"},"modified":"2026-04-16T02:55:31","modified_gmt":"2026-04-15T23:55:31","slug":"ayinin-sirri","status":"publish","type":"product","link":"https:\/\/roveyayinevi.com.tr\/index.php\/urun\/ayinin-sirri\/","title":{"rendered":"Ay\u0131n\u0131n S\u0131rr\u0131"},"content":{"rendered":"<p>Lapa lapa kar ya\u011f\u0131yor. Manolya, Ye\u015fim ve Leyla, o f\u0131rt\u0131nada k\u0131zak kayamad\u0131klar\u0131 i\u00e7in s\u0131k\u0131l\u0131yorlar,  Prensesler Krall\u0131\u011f\u0131\u2019na gitmeye karar veriyorlar. Orada kar\u015f\u0131la\u015ft\u0131klar\u0131 Prenses Olga,  ay\u0131s\u0131 Akayak\u2019\u0131n kayboldu\u011funu s\u00f6yleyince prensesler onu aramaya gidiyorlar.  Ama korkun\u00e7 pen\u00e7eli bozay\u0131, her an kar\u015f\u0131lar\u0131na \u00e7\u0131kabilir\u2026 (Arka kapak yaz\u0131s\u0131) <\/p>\n","protected":false},"excerpt":{"rendered":"<p>Lapa lapa kar ya\u011f\u0131yor. Manolya, Ye\u015fim ve Leyla, o f\u0131rt\u0131nada k\u0131zak kayamad\u0131klar\u0131 i\u00e7in s\u0131k\u0131l\u0131yorlar, Prensesler Krall\u0131\u011f\u0131\u2019na gitmeye karar veriyorlar. Orada kar\u015f\u0131la\u015ft\u0131klar\u0131 Prenses Olga, ay\u0131s\u0131 Akayak\u2019\u0131n kayboldu\u011funu<span class=\"excerpt-hellip\"> [\u2026]<\/span><\/p>\n","protected":false},"featured_media":0,"template":"","meta":{"_monsterinsights_skip_tracking":false,"_monsterinsights_sitenote_active":false,"_monsterinsights_sitenote_note":"","_monsterinsights_sitenote_category":0},"product_brand":[],"product_cat":[12274,12523],"product_tag":[],"class_list":{"0":"post-743788","1":"product","2":"type-product","3":"status-publish","5":"product_cat-cocuk-ve-genclik-kitaplari","6":"product_cat-masallar","7":"pa_cilt-ciltsiz","8":"pa_tur-kitap","9":"pa_yayinevi-beyaz-balina-yayinlari","10":"pa_yazar-geraldine-collet-line-paquet","12":"first","13":"instock","14":"sale","15":"shipping-taxable","16":"purchasable","17":"product-type-simple"},"_links":{"self":[{"href":"https:\/\/roveyayinevi.com.tr\/index.php\/wp-json\/wp\/v2\/product\/743788","targetHints":{"allow":["GET"]}}],"collection":[{"href":"https:\/\/roveyayinevi.com.tr\/index.php\/wp-json\/wp\/v2\/product"}],"about":[{"href":"https:\/\/roveyayinevi.com.tr\/index.php\/wp-json\/wp\/v2\/types\/product"}],"wp:attachment":[{"href":"https:\/\/roveyayinevi.com.tr\/index.php\/wp-json\/wp\/v2\/media?parent=743788"}],"wp:term":[{"taxonomy":"product_brand","embeddable":true,"href":"https:\/\/roveyayinevi.com.tr\/index.php\/wp-json\/wp\/v2\/product_brand?post=743788"},{"taxonomy":"product_cat","embeddable":true,"href":"https:\/\/roveyayinevi.com.tr\/index.php\/wp-json\/wp\/v2\/product_cat?post=743788"},{"taxonomy":"product_tag","embeddable":true,"href":"https:\/\/roveyayinevi.com.tr\/index.php\/wp-json\/wp\/v2\/product_tag?post=743788"}],"curies":[{"name":"wp","href":"https:\/\/api.w.org\/{rel}","templated":true}]}}