{"id":743787,"date":"2025-08-28T01:42:32","date_gmt":"2025-08-27T22:42:32","guid":{"rendered":"https:\/\/roveyayinevi.com.tr\/index.php\/urun\/doganin-anatomisi\/"},"modified":"2026-04-16T02:55:31","modified_gmt":"2026-04-15T23:55:31","slug":"doganin-anatomisi","status":"publish","type":"product","link":"https:\/\/roveyayinevi.com.tr\/index.php\/urun\/doganin-anatomisi\/","title":{"rendered":"Do\u011fan\u0131n Anatomisi"},"content":{"rendered":"<p>Resimlerle Do\u011fa Julia Rothman&#8217;\u0131n do\u011fada \u00e7\u0131kt\u0131\u011f\u0131 b\u00fcy\u00fcleyici g\u00f6rsel gezi s\u0131ras\u0131nda sanat ve bilim i\u00e7 i\u00e7e ge\u00e7iyor. Hayat\u0131n\u0131zda bir kez bile da\u011flar\u0131n nas\u0131l olu\u015ftu\u011funu \u00f6\u011frenmek istemi\u015f ya da mantar\u0131n ya\u015fam d\u00f6ng\u00fcs\u00fcn\u00fc, bir ku\u015fun \u00fczerindeki farkl\u0131 t\u00fcy tiplerini merak etmi\u015fseniz Rothman&#8217;\u0131n \u00e7izimlerini ve \u015femalar\u0131n\u0131 incelemekten keyif alacaks\u0131n\u0131z. Rothman&#8217;\u0131n topra\u011fa ve suya, hayvanlara ve bitkilere ili\u015fkin canl\u0131 a\u00e7\u0131klamalar\u0131, sizlere do\u011fan\u0131n harikalar\u0131yla ilgili yepyeni bak\u0131\u015f a\u00e7\u0131lar\u0131 sunacak.<\/p>\n","protected":false},"excerpt":{"rendered":"<p>Resimlerle Do\u011fa Julia Rothman&#8217;\u0131n do\u011fada \u00e7\u0131kt\u0131\u011f\u0131 b\u00fcy\u00fcleyici g\u00f6rsel gezi s\u0131ras\u0131nda sanat ve bilim i\u00e7 i\u00e7e ge\u00e7iyor. Hayat\u0131n\u0131zda bir kez bile da\u011flar\u0131n nas\u0131l olu\u015ftu\u011funu \u00f6\u011frenmek istemi\u015f ya<span class=\"excerpt-hellip\"> [\u2026]<\/span><\/p>\n","protected":false},"featured_media":0,"template":"","meta":{"_monsterinsights_skip_tracking":false,"_monsterinsights_sitenote_active":false,"_monsterinsights_sitenote_note":"","_monsterinsights_sitenote_category":0},"product_brand":[],"product_cat":[13005,18664],"product_tag":[],"class_list":{"0":"post-743787","1":"product","2":"type-product","3":"status-publish","5":"product_cat-bilim-muhendislik","6":"product_cat-muhendislik","7":"pa_cilt-ciltsiz","8":"pa_tur-kitap","9":"pa_yayinevi-odtu-gelistirme-vakfi-yayincilik","10":"pa_yazar-julia-rothman","12":"first","13":"instock","14":"sale","15":"shipping-taxable","16":"purchasable","17":"product-type-simple"},"_links":{"self":[{"href":"https:\/\/roveyayinevi.com.tr\/index.php\/wp-json\/wp\/v2\/product\/743787","targetHints":{"allow":["GET"]}}],"collection":[{"href":"https:\/\/roveyayinevi.com.tr\/index.php\/wp-json\/wp\/v2\/product"}],"about":[{"href":"https:\/\/roveyayinevi.com.tr\/index.php\/wp-json\/wp\/v2\/types\/product"}],"wp:attachment":[{"href":"https:\/\/roveyayinevi.com.tr\/index.php\/wp-json\/wp\/v2\/media?parent=743787"}],"wp:term":[{"taxonomy":"product_brand","embeddable":true,"href":"https:\/\/roveyayinevi.com.tr\/index.php\/wp-json\/wp\/v2\/product_brand?post=743787"},{"taxonomy":"product_cat","embeddable":true,"href":"https:\/\/roveyayinevi.com.tr\/index.php\/wp-json\/wp\/v2\/product_cat?post=743787"},{"taxonomy":"product_tag","embeddable":true,"href":"https:\/\/roveyayinevi.com.tr\/index.php\/wp-json\/wp\/v2\/product_tag?post=743787"}],"curies":[{"name":"wp","href":"https:\/\/api.w.org\/{rel}","templated":true}]}}